{"id":89492,"date":"2015-05-12T10:12:18","date_gmt":"2015-05-12T08:12:18","guid":{"rendered":"https:\/\/www.millutensil.com\/homepage-2\/"},"modified":"2025-08-31T19:28:50","modified_gmt":"2025-08-31T17:28:50","slug":"homepage-2","status":"publish","type":"page","link":"https:\/\/www.millutensil.com\/de\/","title":{"rendered":"Homepage (de)"},"content":{"rendered":"[vc_row unlock_row_content=&#8220;yes&#8220; row_height_percent=&#8220;50&#8243; override_padding=&#8220;yes&#8220; h_padding=&#8220;0&#8243; top_padding=&#8220;0&#8243; bottom_padding=&#8220;0&#8243; back_color=&#8220;accent&#8220; overlay_alpha=&#8220;0&#8243; equal_height=&#8220;yes&#8220; gutter_size=&#8220;3&#8243; column_width_percent=&#8220;100&#8243; shift_y=&#8220;0&#8243; z_index=&#8220;0&#8243; top_divider=&#8220;step_1_2&#8243;][vc_column column_width_use_pixel=&#8220;yes&#8220; position_vertical=&#8220;middle&#8220; gutter_size=&#8220;3&#8243; style=&#8220;dark&#8220; overlay_alpha=&#8220;10&#8243; shift_x=&#8220;0&#8243; shift_y=&#8220;0&#8243; shift_y_down=&#8220;0&#8243; z_index=&#8220;0&#8243; medium_width=&#8220;0&#8243; mobile_width=&#8220;0&#8243; width=&#8220;2\/3&#8243; column_width_pixel=&#8220;900&#8243;][vc_empty_space empty_h=&#8220;2&#8243;][vc_column_text css_animation=&#8220;bottom-t-top&#8220; animation_delay=&#8220;600&#8243; css=&#8220;.vc_custom_1756661325082{border-right-width: 3% !important;padding-left: 3% !important;}&#8220; uncode_shortcode_id=&#8220;113121&#8243;]\r\n<h1>Millutensil<\/h1>\r\n<em>Millutensil<\/em> ist ein weltweit f\u00fchrender Hersteller von Tuschierpressen, Werkzeug\u00f6ffnern f\u00fcr den Werkzeug- und Formenbau sowie Haspeln und Bandanlagen f\u00fcr die Blechbe- und Verarbeitung.\r\n\r\nZu unseren Kunden z\u00e4hlen wir namhafteste und in ihren Branchen f\u00fchrende Unternehmen.\r\nWir streben eine kontinuierliche Weiterentwicklung an, um unseren innovative und fortschrittliche Technologie bieten zu k\u00f6nnen.\r\n\r\nUnsere <em><strong>Blue Line<\/strong><\/em> bietet eine breite Palette von hochpr\u00e4zisen Tuschierpressen f\u00fcr den Werkzeug- und Formenbau, ebenso Werkzeug\u00f6ffner f\u00fcr die schnelle Montage, Wartung und Reparatur von Stanz- und Folgeverbundwerkzeugen.\r\n\r\nUnsere <em><strong>Green Line<\/strong><\/em> garantiert eine hochmoderne und sehr effiziente Be- und Verarbeitung von Blechen aller Art und wurde im Hinblick auf einen hohen Grad an Automation und mannloser Fertigung konstruiert.\r\n\r\nDie <em><strong>Yellow Line<\/strong><\/em> besteht aus F\u00f6rderb\u00e4ndern f\u00fcr unterschiedlichste Produktions- und Industriezweige f\u00fcr Unternehmen, die ihre Fertigung automatisieren wollen.\r\n\r\nDie <em><strong>Trade Line<\/strong><\/em> umfasst Produkte unseres Partner FIBRO, f\u00fcr die wir in Italien die exklusiven Vertriebsrechte haben.\r\n\r\n<em>Millutensil<\/em> ist ein dynamisches Unternehmen, das innovative und f\u00fchrende L\u00f6sungen entwickelt. Unser Hauptziel ist es nicht nur Lieferant, sondern ein echter Partner f\u00fcr unsere Kunden zu sein, der stets mit gutem Rat und zuverl\u00e4ssiger Hilfe zur Seite steht.[\/vc_column_text][vc_empty_space empty_h=&#8220;4&#8243;][\/vc_column][vc_column column_width_percent=&#8220;100&#8243; position_vertical=&#8220;middle&#8220; align_horizontal=&#8220;align_center&#8220; gutter_size=&#8220;3&#8243; override_padding=&#8220;yes&#8220; column_padding=&#8220;2&#8243; style=&#8220;light&#8220; back_color=&#8220;color-xsdn&#8220; overlay_alpha=&#8220;0&#8243; shift_x=&#8220;0&#8243; shift_y=&#8220;0&#8243; shift_y_down=&#8220;0&#8243; z_index=&#8220;0&#8243; medium_width=&#8220;0&#8243; mobile_width=&#8220;0&#8243; width=&#8220;1\/3&#8243;][vc_column_text uncode_shortcode_id=&#8220;205785&#8243;]\r\n<h2 style=\"text-align: center;\">Besuchen Sie uns auf den n\u00e4chsten Messen<\/h2>\r\n[\/vc_column_text][uncode_block id=&#8220;90854&#8243; inside_column=&#8220;yes&#8220;][\/vc_column][\/vc_row][vc_row][vc_column width=&#8220;1\/1&#8243;][uncode_block id=&#8220;89469&#8243;][\/vc_column][\/vc_row][vc_row unlock_row_content=&#8220;yes&#8220; row_height_percent=&#8220;0&#8243; override_padding=&#8220;yes&#8220; h_padding=&#8220;0&#8243; top_padding=&#8220;0&#8243; bottom_padding=&#8220;0&#8243; overlay_alpha=&#8220;100&#8243; gutter_size=&#8220;0&#8243; style=&#8220;inherited&#8220;][\/vc_row][vc_row unlock_row_content=&#8220;yes&#8220; row_height_percent=&#8220;0&#8243; override_padding=&#8220;yes&#8220; h_padding=&#8220;0&#8243; top_padding=&#8220;0&#8243; bottom_padding=&#8220;0&#8243; overlay_alpha=&#8220;50&#8243; equal_height=&#8220;yes&#8220; gutter_size=&#8220;0&#8243; shift_y=&#8220;0&#8243;][\/vc_row][vc_row unlock_row_content=&#8220;yes&#8220; row_height_percent=&#8220;0&#8243; override_padding=&#8220;yes&#8220; h_padding=&#8220;0&#8243; top_padding=&#8220;0&#8243; bottom_padding=&#8220;0&#8243; overlay_alpha=&#8220;100&#8243; gutter_size=&#8220;0&#8243; style=&#8220;inherited&#8220;][\/vc_row][vc_row unlock_row_content=&#8220;yes&#8220; row_height_percent=&#8220;0&#8243; override_padding=&#8220;yes&#8220; h_padding=&#8220;0&#8243; top_padding=&#8220;0&#8243; bottom_padding=&#8220;0&#8243; overlay_alpha=&#8220;50&#8243; equal_height=&#8220;yes&#8220; gutter_size=&#8220;0&#8243; shift_y=&#8220;0&#8243;][\/vc_row][vc_row unlock_row_content=&#8220;yes&#8220; row_height_percent=&#8220;0&#8243; override_padding=&#8220;yes&#8220; h_padding=&#8220;0&#8243; top_padding=&#8220;0&#8243; bottom_padding=&#8220;0&#8243; overlay_alpha=&#8220;100&#8243; gutter_size=&#8220;0&#8243; style=&#8220;inherited&#8220;][\/vc_row][vc_row unlock_row_content=&#8220;yes&#8220; row_height_percent=&#8220;0&#8243; override_padding=&#8220;yes&#8220; h_padding=&#8220;0&#8243; top_padding=&#8220;0&#8243; bottom_padding=&#8220;0&#8243; overlay_alpha=&#8220;50&#8243; equal_height=&#8220;yes&#8220; gutter_size=&#8220;0&#8243; shift_y=&#8220;0&#8243;][\/vc_row][vc_row unlock_row_content=&#8220;yes&#8220; row_height_percent=&#8220;0&#8243; override_padding=&#8220;yes&#8220; h_padding=&#8220;0&#8243; top_padding=&#8220;0&#8243; bottom_padding=&#8220;0&#8243; overlay_alpha=&#8220;100&#8243; gutter_size=&#8220;0&#8243; style=&#8220;inherited&#8220;][\/vc_row][vc_row unlock_row_content=&#8220;yes&#8220; row_height_percent=&#8220;0&#8243; override_padding=&#8220;yes&#8220; h_padding=&#8220;0&#8243; top_padding=&#8220;0&#8243; bottom_padding=&#8220;0&#8243; overlay_alpha=&#8220;50&#8243; equal_height=&#8220;yes&#8220; gutter_size=&#8220;0&#8243; shift_y=&#8220;0&#8243;][\/vc_row][vc_row unlock_row_content=&#8220;yes&#8220; row_height_percent=&#8220;0&#8243; override_padding=&#8220;yes&#8220; h_padding=&#8220;0&#8243; top_padding=&#8220;0&#8243; bottom_padding=&#8220;0&#8243; overlay_alpha=&#8220;100&#8243; gutter_size=&#8220;0&#8243; style=&#8220;inherited&#8220;][\/vc_row][vc_row unlock_row_content=&#8220;yes&#8220; row_height_percent=&#8220;0&#8243; override_padding=&#8220;yes&#8220; h_padding=&#8220;0&#8243; top_padding=&#8220;0&#8243; bottom_padding=&#8220;0&#8243; overlay_alpha=&#8220;50&#8243; equal_height=&#8220;yes&#8220; gutter_size=&#8220;0&#8243; shift_y=&#8220;0&#8243;][\/vc_row][vc_row unlock_row_content=&#8220;yes&#8220; row_height_percent=&#8220;0&#8243; override_padding=&#8220;yes&#8220; h_padding=&#8220;0&#8243; top_padding=&#8220;0&#8243; bottom_padding=&#8220;0&#8243; overlay_alpha=&#8220;100&#8243; gutter_size=&#8220;0&#8243; style=&#8220;inherited&#8220;][\/vc_row][vc_row unlock_row_content=&#8220;yes&#8220; row_height_percent=&#8220;0&#8243; override_padding=&#8220;yes&#8220; h_padding=&#8220;0&#8243; top_padding=&#8220;0&#8243; bottom_padding=&#8220;0&#8243; overlay_alpha=&#8220;50&#8243; equal_height=&#8220;yes&#8220; gutter_size=&#8220;0&#8243; shift_y=&#8220;0&#8243;][\/vc_row][vc_row unlock_row_content=&#8220;yes&#8220; row_height_percent=&#8220;0&#8243; override_padding=&#8220;yes&#8220; h_padding=&#8220;0&#8243; top_padding=&#8220;0&#8243; bottom_padding=&#8220;0&#8243; overlay_alpha=&#8220;100&#8243; gutter_size=&#8220;0&#8243; style=&#8220;inherited&#8220;][\/vc_row][vc_row unlock_row_content=&#8220;yes&#8220; row_height_percent=&#8220;0&#8243; override_padding=&#8220;yes&#8220; h_padding=&#8220;0&#8243; top_padding=&#8220;0&#8243; bottom_padding=&#8220;0&#8243; overlay_alpha=&#8220;50&#8243; equal_height=&#8220;yes&#8220; gutter_size=&#8220;0&#8243; shift_y=&#8220;0&#8243;][\/vc_row][vc_row unlock_row_content=&#8220;yes&#8220; row_height_percent=&#8220;0&#8243; override_padding=&#8220;yes&#8220; h_padding=&#8220;0&#8243; top_padding=&#8220;0&#8243; bottom_padding=&#8220;0&#8243; overlay_alpha=&#8220;100&#8243; gutter_size=&#8220;0&#8243; style=&#8220;inherited&#8220;][\/vc_row][vc_row unlock_row_content=&#8220;yes&#8220; row_height_percent=&#8220;0&#8243; override_padding=&#8220;yes&#8220; h_padding=&#8220;0&#8243; top_padding=&#8220;0&#8243; bottom_padding=&#8220;0&#8243; overlay_alpha=&#8220;50&#8243; equal_height=&#8220;yes&#8220; gutter_size=&#8220;0&#8243; shift_y=&#8220;0&#8243;][\/vc_row][vc_row unlock_row_content=&#8220;yes&#8220; row_height_percent=&#8220;0&#8243; override_padding=&#8220;yes&#8220; h_padding=&#8220;0&#8243; top_padding=&#8220;0&#8243; bottom_padding=&#8220;0&#8243; overlay_alpha=&#8220;100&#8243; gutter_size=&#8220;0&#8243; style=&#8220;inherited&#8220;][\/vc_row][vc_row unlock_row_content=&#8220;yes&#8220; row_height_percent=&#8220;0&#8243; override_padding=&#8220;yes&#8220; h_padding=&#8220;0&#8243; top_padding=&#8220;0&#8243; bottom_padding=&#8220;0&#8243; overlay_alpha=&#8220;50&#8243; equal_height=&#8220;yes&#8220; gutter_size=&#8220;0&#8243; shift_y=&#8220;0&#8243;][\/vc_row]","protected":false},"excerpt":{"rendered":"[vc_row unlock_row_content=&#8220;yes&#8220; row_height_percent=&#8220;50&#8243; override_padding=&#8220;yes&#8220; h_padding=&#8220;0&#8243; top_padding=&#8220;0&#8243; bottom_padding=&#8220;0&#8243; back_color=&#8220;accent&#8220; overlay_alpha=&#8220;0&#8243; equal_height=&#8220;yes&#8220; gutter_size=&#8220;3&#8243; column_width_percent=&#8220;100&#8243; shift_y=&#8220;0&#8243; z_index=&#8220;0&#8243; top_divider=&#8220;step_1_2&#8243;][vc_column column_width_use_pixel=&#8220;yes&#8220; position_vertical=&#8220;middle&#8220; gutter_size=&#8220;3&#8243; style=&#8220;dark&#8220; overlay_alpha=&#8220;10&#8243; [&hellip;]","protected":false},"author":1,"featured_media":0,"parent":0,"menu_order":0,"comment_status":"closed","ping_status":"closed","template":"","meta":{"footnotes":""},"class_list":["post-89492","page","type-page","status-publish","hentry","page_category-millutensil-de"],"yoast_head":"<!-- This site is optimized with the Yoast SEO plugin v25.4 - https:\/\/yoast.com\/wordpress\/plugins\/seo\/ -->\n<title>Tuschierpressen, Werkzeug\u00f6ffnern f\u00fcr den Werkzeug- und Formenbau<\/title>\n<meta name=\"description\" content=\"Millutensil seit1955, weltweit f\u00fchrend in der Herstellung von Tuschierpressen und Maschinen f\u00fcr die Blechbearbeitung\" \/>\n<meta name=\"robots\" content=\"index, follow, max-snippet:-1, max-image-preview:large, max-video-preview:-1\" \/>\n<link rel=\"canonical\" href=\"https:\/\/www.millutensil.com\/de\/\" \/>\n<meta property=\"og:locale\" content=\"de_DE\" \/>\n<meta property=\"og:type\" content=\"article\" \/>\n<meta property=\"og:title\" content=\"Tuschierpressen, Werkzeug\u00f6ffnern f\u00fcr den Werkzeug- und Formenbau\" \/>\n<meta property=\"og:description\" content=\"Millutensil seit1955, weltweit f\u00fchrend in der Herstellung von Tuschierpressen und Maschinen f\u00fcr die Blechbearbeitung\" \/>\n<meta property=\"og:url\" content=\"https:\/\/www.millutensil.com\/de\/\" \/>\n<meta property=\"og:site_name\" content=\"Millutensil\" \/>\n<meta property=\"article:modified_time\" content=\"2025-08-31T17:28:50+00:00\" \/>\n<meta name=\"twitter:card\" content=\"summary_large_image\" \/>\n<meta name=\"twitter:label1\" content=\"Gesch\u00e4tzte Lesezeit\" \/>\n\t<meta name=\"twitter:data1\" content=\"2\u00a0Minuten\" \/>\n<script type=\"application\/ld+json\" class=\"yoast-schema-graph\">{\"@context\":\"https:\/\/schema.org\",\"@graph\":[{\"@type\":\"WebPage\",\"@id\":\"https:\/\/www.millutensil.com\/de\/\",\"url\":\"https:\/\/www.millutensil.com\/de\/\",\"name\":\"Tuschierpressen, Werkzeug\u00f6ffnern f\u00fcr den Werkzeug- und Formenbau\",\"isPartOf\":{\"@id\":\"https:\/\/www.millutensil.com\/it\/#website\"},\"datePublished\":\"2015-05-12T08:12:18+00:00\",\"dateModified\":\"2025-08-31T17:28:50+00:00\",\"description\":\"Millutensil seit1955, weltweit f\u00fchrend in der Herstellung von Tuschierpressen und Maschinen f\u00fcr die Blechbearbeitung\",\"breadcrumb\":{\"@id\":\"https:\/\/www.millutensil.com\/de\/#breadcrumb\"},\"inLanguage\":\"de\",\"potentialAction\":[{\"@type\":\"ReadAction\",\"target\":[\"https:\/\/www.millutensil.com\/de\/\"]}]},{\"@type\":\"BreadcrumbList\",\"@id\":\"https:\/\/www.millutensil.com\/de\/#breadcrumb\",\"itemListElement\":[{\"@type\":\"ListItem\",\"position\":1,\"name\":\"Home\",\"item\":\"https:\/\/www.millutensil.com\/de\/\"},{\"@type\":\"ListItem\",\"position\":2,\"name\":\"Homepage (de)\"}]},{\"@type\":\"WebSite\",\"@id\":\"https:\/\/www.millutensil.com\/it\/#website\",\"url\":\"https:\/\/www.millutensil.com\/it\/\",\"name\":\"Millutensil\",\"description\":\"Presse prova stampi\",\"potentialAction\":[{\"@type\":\"SearchAction\",\"target\":{\"@type\":\"EntryPoint\",\"urlTemplate\":\"https:\/\/www.millutensil.com\/it\/?s={search_term_string}\"},\"query-input\":{\"@type\":\"PropertyValueSpecification\",\"valueRequired\":true,\"valueName\":\"search_term_string\"}}],\"inLanguage\":\"de\"}]}<\/script>\n<!-- \/ Yoast SEO plugin. -->","yoast_head_json":{"title":"Tuschierpressen, Werkzeug\u00f6ffnern f\u00fcr den Werkzeug- und Formenbau","description":"Millutensil seit1955, weltweit f\u00fchrend in der Herstellung von Tuschierpressen und Maschinen f\u00fcr die Blechbearbeitung","robots":{"index":"index","follow":"follow","max-snippet":"max-snippet:-1","max-image-preview":"max-image-preview:large","max-video-preview":"max-video-preview:-1"},"canonical":"https:\/\/www.millutensil.com\/de\/","og_locale":"de_DE","og_type":"article","og_title":"Tuschierpressen, Werkzeug\u00f6ffnern f\u00fcr den Werkzeug- und Formenbau","og_description":"Millutensil seit1955, weltweit f\u00fchrend in der Herstellung von Tuschierpressen und Maschinen f\u00fcr die Blechbearbeitung","og_url":"https:\/\/www.millutensil.com\/de\/","og_site_name":"Millutensil","article_modified_time":"2025-08-31T17:28:50+00:00","twitter_card":"summary_large_image","twitter_misc":{"Gesch\u00e4tzte Lesezeit":"2\u00a0Minuten"},"schema":{"@context":"https:\/\/schema.org","@graph":[{"@type":"WebPage","@id":"https:\/\/www.millutensil.com\/de\/","url":"https:\/\/www.millutensil.com\/de\/","name":"Tuschierpressen, Werkzeug\u00f6ffnern f\u00fcr den Werkzeug- und Formenbau","isPartOf":{"@id":"https:\/\/www.millutensil.com\/it\/#website"},"datePublished":"2015-05-12T08:12:18+00:00","dateModified":"2025-08-31T17:28:50+00:00","description":"Millutensil seit1955, weltweit f\u00fchrend in der Herstellung von Tuschierpressen und Maschinen f\u00fcr die Blechbearbeitung","breadcrumb":{"@id":"https:\/\/www.millutensil.com\/de\/#breadcrumb"},"inLanguage":"de","potentialAction":[{"@type":"ReadAction","target":["https:\/\/www.millutensil.com\/de\/"]}]},{"@type":"BreadcrumbList","@id":"https:\/\/www.millutensil.com\/de\/#breadcrumb","itemListElement":[{"@type":"ListItem","position":1,"name":"Home","item":"https:\/\/www.millutensil.com\/de\/"},{"@type":"ListItem","position":2,"name":"Homepage (de)"}]},{"@type":"WebSite","@id":"https:\/\/www.millutensil.com\/it\/#website","url":"https:\/\/www.millutensil.com\/it\/","name":"Millutensil","description":"Presse prova stampi","potentialAction":[{"@type":"SearchAction","target":{"@type":"EntryPoint","urlTemplate":"https:\/\/www.millutensil.com\/it\/?s={search_term_string}"},"query-input":{"@type":"PropertyValueSpecification","valueRequired":true,"valueName":"search_term_string"}}],"inLanguage":"de"}]}},"_links":{"self":[{"href":"https:\/\/www.millutensil.com\/de\/wp-json\/wp\/v2\/pages\/89492","targetHints":{"allow":["GET"]}}],"collection":[{"href":"https:\/\/www.millutensil.com\/de\/wp-json\/wp\/v2\/pages"}],"about":[{"href":"https:\/\/www.millutensil.com\/de\/wp-json\/wp\/v2\/types\/page"}],"author":[{"embeddable":true,"href":"https:\/\/www.millutensil.com\/de\/wp-json\/wp\/v2\/users\/1"}],"replies":[{"embeddable":true,"href":"https:\/\/www.millutensil.com\/de\/wp-json\/wp\/v2\/comments?post=89492"}],"version-history":[{"count":7,"href":"https:\/\/www.millutensil.com\/de\/wp-json\/wp\/v2\/pages\/89492\/revisions"}],"predecessor-version":[{"id":91566,"href":"https:\/\/www.millutensil.com\/de\/wp-json\/wp\/v2\/pages\/89492\/revisions\/91566"}],"wp:attachment":[{"href":"https:\/\/www.millutensil.com\/de\/wp-json\/wp\/v2\/media?parent=89492"}],"curies":[{"name":"wp","href":"https:\/\/api.w.org\/{rel}","templated":true}]}}