{"id":89682,"date":"2020-04-05T16:43:55","date_gmt":"2020-04-05T14:43:55","guid":{"rendered":"https:\/\/www.millutensil.com\/produkte\/green-line\/shears\/"},"modified":"2021-05-13T16:11:50","modified_gmt":"2021-05-13T14:11:50","slug":"scheren","status":"publish","type":"page","link":"https:\/\/www.millutensil.com\/de\/produkte\/green-line\/scheren\/","title":{"rendered":"Millutensil | Green Line | Shears (de)"},"content":{"rendered":"[vc_row unlock_row_content=&#8220;yes&#8220; row_height_percent=&#8220;50&#8243; override_padding=&#8220;yes&#8220; h_padding=&#8220;0&#8243; top_padding=&#8220;0&#8243; bottom_padding=&#8220;0&#8243; overlay_alpha=&#8220;0&#8243; gutter_size=&#8220;3&#8243; column_width_percent=&#8220;100&#8243; shift_y=&#8220;0&#8243; z_index=&#8220;0&#8243;][vc_column column_width_use_pixel=&#8220;yes&#8220; position_vertical=&#8220;middle&#8220; align_horizontal=&#8220;align_center&#8220; gutter_size=&#8220;3&#8243; back_color=&#8220;greenline-204583&#8243; overlay_alpha=&#8220;0&#8243; shift_x=&#8220;0&#8243; shift_y=&#8220;0&#8243; shift_y_down=&#8220;0&#8243; z_index=&#8220;0&#8243; medium_width=&#8220;0&#8243; mobile_width=&#8220;0&#8243; width=&#8220;3\/4&#8243; column_width_pixel=&#8220;900&#8243;][vc_empty_space empty_h=&#8220;4&#8243;][vc_column_text css_animation=&#8220;left-t-right&#8220;]<span style=\"color: #ffffff;\">PR\u00c4ZISION UND QUALIT\u00c4T SIND MASSST\u00c4BE F\u00dcR UNSEREN ERFOLG<\/span>[\/vc_column_text][vc_custom_heading text_font=&#8220;font-643395&#8243; text_size=&#8220;fontsize-155944&#8243; text_weight=&#8220;700&#8243; text_height=&#8220;fontheight-179065&#8243; text_space=&#8220;fontspace-781688&#8243; text_color=&#8220;color-xsdn&#8220; css_animation=&#8220;curtain&#8220; interval_animation=&#8220;200&#8243;]SCHEREN[\/vc_custom_heading][vc_column_text css_animation=&#8220;top-t-bottom&#8220;]\r\n<p style=\"text-align: left;\"><span style=\"color: #ffffff;\">Mechanisches, pneumatisches und hydraulisches Guillotinescheren.<\/span><\/p>\r\n<p style=\"text-align: left;\"><span style=\"color: #ffffff;\">Verschiedene Scherentypen k\u00f6nnen in die unterschiedlichen Projekte integriert werden.<\/span>\r\n<span style=\"color: #ffffff;\">Sie k\u00f6nnen mechanisch, pneumatisch oder hydraulisch sein.<\/span>\r\n<span style=\"color: #ffffff;\">Sie werden zum K\u00f6pfen der Materialien am Anfang der Coils eingesetzt oder sind in die Schneidlinien zur Herstellung von Quadraten integriert.<\/span>\r\n<span style=\"color: #ffffff;\">Millutensil produziert auch oszillierende Scheren. Dieser Typ wird zur Herstellung von Schnittwinkeln mit unterschiedlichen Schnittneigungen verwendet.<\/span><\/p>\r\n[\/vc_column_text][vc_empty_space empty_h=&#8220;4&#8243;][\/vc_column][vc_column column_width_percent=&#8220;100&#8243; position_vertical=&#8220;middle&#8220; gutter_size=&#8220;3&#8243; style=&#8220;light&#8220; overlay_alpha=&#8220;50&#8243; shift_x=&#8220;0&#8243; shift_y=&#8220;0&#8243; shift_y_down=&#8220;0&#8243; z_index=&#8220;0&#8243; medium_width=&#8220;0&#8243; mobile_width=&#8220;0&#8243; css_animation=&#8220;right-t-left&#8220; width=&#8220;1\/4&#8243;][vc_icon display=&#8220;inline&#8220; icon=&#8220;fa fa-step-forward&#8220; icon_color=&#8220;greenline-204583&#8243; size=&#8220;fa-5x&#8220; title=&#8220;Discover why choose Millutensil System&#8220; link=&#8220;url:https%3A%2F%2Fwww.millutensil.com%2Fproducts%2Fgreen-line%2Fwhy-choose-millutensil-system%2F&#8220;][\/vc_icon][\/vc_column][\/vc_row][vc_row unlock_row_content=&#8220;yes&#8220; row_height_percent=&#8220;50&#8243; override_padding=&#8220;yes&#8220; h_padding=&#8220;0&#8243; top_padding=&#8220;2&#8243; bottom_padding=&#8220;0&#8243; overlay_alpha=&#8220;0&#8243; gutter_size=&#8220;3&#8243; column_width_percent=&#8220;100&#8243; shift_y=&#8220;0&#8243; z_index=&#8220;0&#8243; css=&#8220;.vc_custom_1586000932418{margin-top: -120px !important;}&#8220;][vc_column column_width_percent=&#8220;100&#8243; gutter_size=&#8220;3&#8243; style=&#8220;light&#8220; overlay_alpha=&#8220;50&#8243; shift_x=&#8220;0&#8243; shift_y=&#8220;0&#8243; shift_y_down=&#8220;0&#8243; z_index=&#8220;0&#8243; medium_width=&#8220;0&#8243; mobile_width=&#8220;0&#8243; width=&#8220;1\/4&#8243;][\/vc_column][vc_column column_width_percent=&#8220;100&#8243; gutter_size=&#8220;3&#8243; overlay_alpha=&#8220;0&#8243; shift_x=&#8220;0&#8243; shift_y=&#8220;0&#8243; shift_y_down=&#8220;0&#8243; z_index=&#8220;0&#8243; medium_width=&#8220;0&#8243; mobile_width=&#8220;0&#8243; css_animation=&#8220;right-t-left&#8220; width=&#8220;3\/4&#8243;][vc_single_image media=&#8220;86348&#8243; media_width_percent=&#8220;100&#8243; media_ratio=&#8220;sixteen-nine&#8220;][\/vc_column][\/vc_row][vc_row row_height_percent=&#8220;0&#8243; override_padding=&#8220;yes&#8220; h_padding=&#8220;2&#8243; top_padding=&#8220;5&#8243; bottom_padding=&#8220;5&#8243; overlay_alpha=&#8220;50&#8243; gutter_size=&#8220;3&#8243; column_width_percent=&#8220;100&#8243; shift_y=&#8220;0&#8243; z_index=&#8220;0&#8243;][vc_column column_width_percent=&#8220;100&#8243; gutter_size=&#8220;4&#8243; overlay_alpha=&#8220;50&#8243; shift_x=&#8220;0&#8243; shift_y=&#8220;0&#8243; shift_y_down=&#8220;0&#8243; z_index=&#8220;0&#8243; medium_width=&#8220;0&#8243; mobile_width=&#8220;0&#8243; width=&#8220;1\/1&#8243;][vc_tabs vertical=&#8220;yes&#8220; typography=&#8220;yes&#8220;][vc_tab gutter_size=&#8220;2&#8243; column_padding=&#8220;2&#8243; title=&#8220;Hydraulische Scheren&#8220; tab_id=&#8220;1555580081-2-471555679894762b1e3-eb5a1585490500581&#8243;][vc_row_inner row_inner_height_percent=&#8220;0&#8243; overlay_alpha=&#8220;50&#8243; equal_height=&#8220;yes&#8220; gutter_size=&#8220;3&#8243; shift_y=&#8220;0&#8243; z_index=&#8220;0&#8243; limit_content=&#8220;&#8220;][vc_column_inner width=&#8220;1\/1&#8243;][vc_column_text]\r\n<h3>Mechanisch-hydraulische Scheren<\/h3>\r\n[\/vc_column_text][\/vc_column_inner][\/vc_row_inner][vc_row_inner row_inner_height_percent=&#8220;0&#8243; overlay_alpha=&#8220;50&#8243; equal_height=&#8220;yes&#8220; gutter_size=&#8220;3&#8243; shift_y=&#8220;0&#8243; z_index=&#8220;0&#8243; limit_content=&#8220;&#8220;][vc_column_inner column_width_percent=&#8220;100&#8243; gutter_size=&#8220;3&#8243; override_padding=&#8220;yes&#8220; column_padding=&#8220;2&#8243; overlay_alpha=&#8220;50&#8243; shift_x=&#8220;0&#8243; shift_y=&#8220;0&#8243; shift_y_down=&#8220;0&#8243; z_index=&#8220;0&#8243; medium_width=&#8220;0&#8243; mobile_width=&#8220;0&#8243; width=&#8220;1\/2&#8243;][vc_gallery el_id=&#8220;gallery-183067&#8243; medias=&#8220;86353,86352&#8243; gutter_size=&#8220;3&#8243; screen_lg=&#8220;1000&#8243; screen_md=&#8220;600&#8243; screen_sm=&#8220;480&#8243; single_overlay_opacity=&#8220;50&#8243; single_padding=&#8220;2&#8243;][\/vc_column_inner][\/vc_row_inner][\/vc_tab][vc_tab gutter_size=&#8220;2&#8243; column_padding=&#8220;2&#8243; title=&#8220;Oszillierende mechanische Scheren&#8220; tab_id=&#8220;1585820121070-4-9&#8243;][vc_row_inner row_inner_height_percent=&#8220;0&#8243; overlay_alpha=&#8220;50&#8243; equal_height=&#8220;yes&#8220; gutter_size=&#8220;3&#8243; shift_y=&#8220;0&#8243; z_index=&#8220;0&#8243; limit_content=&#8220;&#8220;][vc_column_inner width=&#8220;2\/3&#8243;][vc_column_text]\r\n<h3>Rotierende Hydraulische Guillotinescheren<\/h3>\r\nAuf Wunsch k\u00f6nnen hydraulische Guillotinescheren des Typs GI mit einem \u201eschnellen\u201c elektrohydraulischen System geliefert werden. Dieses System erm\u00f6glicht ein Scheren in Hochgeschwindigkeit.\r\n\r\n<strong>SPEZIFIKATION<\/strong>\r\n<table width=\"100%\">\r\n<thead><\/thead>\r\n<tbody>\r\n<tr>\r\n<td align=\"left\"><strong>Effektive Schnittbreite:<\/strong><\/td>\r\n<td align=\"left\">von 1050 bis 2050 mm<\/td>\r\n<\/tr>\r\n<tr>\r\n<td align=\"left\"><strong>Maximale Dicke Rm=420N\/mm2 (MPA)<\/strong><\/td>\r\n<td align=\"left\">von 2 bis 8 mm<\/td>\r\n<\/tr>\r\n<tr>\r\n<td align=\"left\"><strong>Maximale Dicke Rm=700N\/mm2 (MPA)<\/strong><\/td>\r\n<td align=\"left\">von 1 bis 5 mm<\/td>\r\n<\/tr>\r\n<\/tbody>\r\n<\/table>\r\n[\/vc_column_text][vc_single_image media=&#8220;86358&#8243; media_width_percent=&#8220;100&#8243;][\/vc_column_inner][vc_column_inner width=&#8220;1\/3&#8243;][vc_single_image media=&#8220;86841&#8243; media_width_percent=&#8220;100&#8243; el_class=&#8220;popmake-86829&#8243;][\/vc_column_inner][\/vc_row_inner][\/vc_tab][\/vc_tabs][vc_separator sep_color=&#8220;greenline-204583&#8243; el_height=&#8220;10px&#8220;][\/vc_column][\/vc_row][vc_row row_height_percent=&#8220;0&#8243; override_padding=&#8220;yes&#8220; h_padding=&#8220;2&#8243; top_padding=&#8220;0&#8243; bottom_padding=&#8220;5&#8243; overlay_alpha=&#8220;100&#8243; gutter_size=&#8220;100&#8243; column_width_percent=&#8220;100&#8243; shift_y=&#8220;0&#8243; z_index=&#8220;0&#8243; style=&#8220;inherited&#8220;][vc_column column_width_use_pixel=&#8220;yes&#8220; align_horizontal=&#8220;align_center&#8220; gutter_size=&#8220;3&#8243; overlay_alpha=&#8220;100&#8243; shift_x=&#8220;0&#8243; shift_y=&#8220;0&#8243; shift_y_down=&#8220;0&#8243; z_index=&#8220;0&#8243; medium_width=&#8220;100&#8243; mobile_width=&#8220;0&#8243; css_animation=&#8220;left-t-right&#8220; zoom_width=&#8220;0&#8243; zoom_height=&#8220;0&#8243; width=&#8220;2\/3&#8243; column_width_pixel=&#8220;900&#8243;][vc_row_inner row_inner_height_percent=&#8220;0&#8243; overlay_alpha=&#8220;100&#8243; gutter_size=&#8220;3&#8243; shift_y=&#8220;0&#8243; limit_content=&#8220;&#8220;][vc_column_inner column_width_use_pixel=&#8220;yes&#8220; align_horizontal=&#8220;align_center&#8220; gutter_size=&#8220;3&#8243; overlay_alpha=&#8220;100&#8243; shift_x=&#8220;0&#8243; shift_y=&#8220;0&#8243; shift_y_down=&#8220;0&#8243; z_index=&#8220;0&#8243; medium_width=&#8220;0&#8243; mobile_width=&#8220;0&#8243; zoom_width=&#8220;0&#8243; zoom_height=&#8220;0&#8243; width=&#8220;1\/1&#8243; column_width_pixel=&#8220;600&#8243;][vc_custom_heading heading_semantic=&#8220;h3&#8243; text_font=&#8220;font-643395&#8243; text_size=&#8220;h1&#8243; text_space=&#8220;fontspace-111509&#8243; sub_lead=&#8220;yes&#8220; sub_reduced=&#8220;yes&#8220; text_align=&#8220;text-center&#8220; subheading=&#8220;F\u00fcllen Sie einfach das untenstehende Formular aus und wir senden Ihnen den Link zum Download des Katalogs zu.&#8220;]Kataloge von Green Line anfordern[\/vc_custom_heading][\/vc_column_inner][\/vc_row_inner]\n<div class=\"wpcf7 no-js\" id=\"wpcf7-f89401-o1\" lang=\"en-US\" dir=\"ltr\" data-wpcf7-id=\"89401\">\n<div class=\"screen-reader-response\"><p role=\"status\" aria-live=\"polite\" aria-atomic=\"true\"><\/p> <ul><\/ul><\/div>\n<form action=\"\/de\/wp-json\/wp\/v2\/pages\/89682#wpcf7-f89401-o1\" method=\"post\" class=\"wpcf7-form init\" aria-label=\"Contact form\" novalidate=\"novalidate\" data-status=\"init\">\n<fieldset class=\"hidden-fields-container\"><input type=\"hidden\" name=\"_wpcf7\" value=\"89401\" \/><input type=\"hidden\" name=\"_wpcf7_version\" value=\"6.1\" \/><input type=\"hidden\" name=\"_wpcf7_locale\" value=\"en_US\" \/><input type=\"hidden\" name=\"_wpcf7_unit_tag\" value=\"wpcf7-f89401-o1\" \/><input type=\"hidden\" name=\"_wpcf7_container_post\" value=\"0\" \/><input type=\"hidden\" name=\"_wpcf7_posted_data_hash\" value=\"\" \/><input type=\"hidden\" name=\"_wpcf7dtx_version\" value=\"5.0.3\" \/>\n<\/fieldset>\n<div style=\"display:none\">\n\t<p><span class=\"wpcf7-form-control-wrap catalogo\" data-name=\"catalogo\"><input type=\"text\" name=\"catalogo\" class=\"wpcf7-form-control wpcf7-text wpcf7dtx wpcf7dtx-text\" aria-invalid=\"false\" value=\"Millutensil | Green Line | Shears (de)\"><\/span>\n\t<\/p>\n<\/div>\n<div class=\"wpcf7-inline-wrapper\">\n\t<p class=\"wpcf7-inline-field\"><span class=\"wpcf7-form-control-wrap\" data-name=\"azienda\"><input size=\"40\" maxlength=\"400\" class=\"wpcf7-form-control wpcf7-text wpcf7-validates-as-required\" aria-required=\"true\" aria-invalid=\"false\" placeholder=\"Firma*\" value=\"\" type=\"text\" name=\"azienda\" \/><\/span>\n\t<\/p>\n\t<p class=\"wpcf7-inline-field\"><span class=\"wpcf7-form-control-wrap\" data-name=\"posizione\"><input size=\"40\" maxlength=\"400\" class=\"wpcf7-form-control wpcf7-text wpcf7-validates-as-required form-fluid\" aria-required=\"true\" aria-invalid=\"false\" placeholder=\"Position*\" value=\"\" type=\"text\" name=\"posizione\" \/><\/span>\n\t<\/p>\n<\/div>\n<div class=\"wpcf7-inline-wrapper\">\n\t<p class=\"wpcf7-inline-field\"><span class=\"wpcf7-form-control-wrap\" data-name=\"indirizzo\"><input size=\"40\" maxlength=\"400\" class=\"wpcf7-form-control wpcf7-text wpcf7-validates-as-required\" aria-required=\"true\" aria-invalid=\"false\" placeholder=\"Vollst\u00e4ndige Adresse\" value=\"\" type=\"text\" name=\"indirizzo\" \/><\/span>\n\t<\/p>\n\t<p class=\"wpcf7-inline-field\"><span class=\"wpcf7-form-control-wrap\" data-name=\"nazione\"><input size=\"40\" maxlength=\"400\" class=\"wpcf7-form-control wpcf7-text wpcf7-validates-as-required form-fluid\" aria-required=\"true\" aria-invalid=\"false\" placeholder=\"Land\" value=\"\" type=\"text\" name=\"nazione\" \/><\/span>\n\t<\/p>\n<\/div>\n<hr \/>\n<p>Kontaktperson:\n<\/p>\n<div class=\"wpcf7-inline-wrapper\">\n\t<p class=\"wpcf7-inline-field\"><span class=\"wpcf7-form-control-wrap\" data-name=\"referentenome\"><input size=\"40\" maxlength=\"400\" class=\"wpcf7-form-control wpcf7-text wpcf7-validates-as-required\" aria-required=\"true\" aria-invalid=\"false\" placeholder=\"Name*\" value=\"\" type=\"text\" name=\"referentenome\" \/><\/span>\n\t<\/p>\n\t<p class=\"wpcf7-inline-field\"><span class=\"wpcf7-form-control-wrap\" data-name=\"referentecognome\"><input size=\"40\" maxlength=\"400\" class=\"wpcf7-form-control wpcf7-text wpcf7-validates-as-required form-fluid\" aria-required=\"true\" aria-invalid=\"false\" placeholder=\"Vorname*\" value=\"\" type=\"text\" name=\"referentecognome\" \/><\/span>\n\t<\/p>\n<\/div>\n<div class=\"wpcf7-inline-wrapper\">\n\t<p class=\"wpcf7-inline-field\"><span class=\"wpcf7-form-control-wrap\" data-name=\"referenteemail\"><input size=\"40\" maxlength=\"400\" class=\"wpcf7-form-control wpcf7-email wpcf7-validates-as-required wpcf7-text wpcf7-validates-as-email\" aria-required=\"true\" aria-invalid=\"false\" placeholder=\"E-Mail*\" value=\"\" type=\"email\" name=\"referenteemail\" \/><\/span>\n\t<\/p>\n\t<p class=\"wpcf7-inline-field\"><span class=\"wpcf7-form-control-wrap\" data-name=\"referentetelefono\"><input size=\"40\" maxlength=\"400\" class=\"wpcf7-form-control wpcf7-text wpcf7-validates-as-required form-fluid\" aria-required=\"true\" aria-invalid=\"false\" placeholder=\"Telefon*\" value=\"\" type=\"text\" name=\"referentetelefono\" \/><\/span>\n\t<\/p>\n<\/div>\n<hr \/>\n<p><span class=\"wpcf7-form-control-wrap\" data-name=\"progetto\"><span class=\"wpcf7-form-control wpcf7-checkbox\"><span class=\"wpcf7-list-item first last\"><label><input type=\"checkbox\" name=\"progetto[]\" value=\"Bitte kontaktieren Sie mich, um ein Projekt zu bewerten\" \/><span class=\"wpcf7-list-item-label\">Bitte kontaktieren Sie mich, um ein Projekt zu bewerten<\/span><\/label><\/span><\/span><\/span>\n<\/p>\n<hr \/>\n<p><span class=\"wpcf7-form-control-wrap\" data-name=\"messaggio\"><textarea cols=\"40\" rows=\"8\" maxlength=\"2000\" class=\"wpcf7-form-control wpcf7-textarea\" aria-invalid=\"false\" placeholder=\"Nachricht\" name=\"messaggio\"><\/textarea><\/span>\n<\/p>\n<div class=\"wpcf7-input-group\" style=\"margin-top: 10px\">\n\t<p><span class=\"wpcf7-form-control-wrap\" data-name=\"privacy\"><span class=\"wpcf7-form-control wpcf7-acceptance\"><span class=\"wpcf7-list-item\"><label><input type=\"checkbox\" name=\"privacy\" value=\"1\" aria-invalid=\"false\" \/><span class=\"wpcf7-list-item-label\">Lesen Sie die <a href=\"\/de\/privacy-policy\/\" style=\"text-decoration:underline\">Datenschutzbestimmungen<\/a> Ich erkl\u00e4re mich mit der Erfassung und Verarbeitung meiner Daten einverstanden<\/span><\/label><\/span><\/span><\/span>\n\t<\/p>\n<\/div>\n<p><input class=\"wpcf7-form-control wpcf7-submit has-spinner btn btn-greenline-204583\" type=\"submit\" value=\"Kataloganfrage\" \/>\n<\/p><div class=\"wpcf7-response-output\" aria-hidden=\"true\"><\/div>\n<\/form>\n<\/div>\n[\/vc_column][vc_column column_width_percent=&#8220;100&#8243; position_vertical=&#8220;middle&#8220; gutter_size=&#8220;3&#8243; style=&#8220;light&#8220; overlay_alpha=&#8220;50&#8243; shift_x=&#8220;0&#8243; shift_y=&#8220;0&#8243; shift_y_down=&#8220;0&#8243; z_index=&#8220;0&#8243; medium_width=&#8220;0&#8243; mobile_width=&#8220;0&#8243; css_animation=&#8220;right-t-left&#8220; width=&#8220;1\/3&#8243;][vc_single_image media=&#8220;84423&#8243; media_width_percent=&#8220;100&#8243;][\/vc_column][\/vc_row][vc_row][vc_column width=&#8220;1\/1&#8243;][uncode_block id=&#8220;89483&#8243;][\/vc_column][\/vc_row]","protected":false},"excerpt":{"rendered":"[vc_row unlock_row_content=&#8220;yes&#8220; row_height_percent=&#8220;50&#8243; override_padding=&#8220;yes&#8220; h_padding=&#8220;0&#8243; top_padding=&#8220;0&#8243; bottom_padding=&#8220;0&#8243; overlay_alpha=&#8220;0&#8243; gutter_size=&#8220;3&#8243; column_width_percent=&#8220;100&#8243; shift_y=&#8220;0&#8243; z_index=&#8220;0&#8243;][vc_column column_width_use_pixel=&#8220;yes&#8220; position_vertical=&#8220;middle&#8220; align_horizontal=&#8220;align_center&#8220; gutter_size=&#8220;3&#8243; back_color=&#8220;greenline-204583&#8243; overlay_alpha=&#8220;0&#8243; shift_x=&#8220;0&#8243; shift_y=&#8220;0&#8243; [&hellip;]","protected":false},"author":2,"featured_media":0,"parent":89544,"menu_order":0,"comment_status":"closed","ping_status":"closed","template":"","meta":{"footnotes":""},"class_list":["post-89682","page","type-page","status-publish","hentry","page_category-millutensil-de"],"yoast_head":"<!-- This site is optimized with the Yoast SEO plugin v25.4 - https:\/\/yoast.com\/wordpress\/plugins\/seo\/ -->\n<title>Mechanical pneumatic and hydraulic guillotine shears Coil lines<\/title>\n<meta name=\"description\" content=\"Different types of shears can be integrated into the different projects.They can be mechanical, pneumatic, or hydraulic.\" \/>\n<meta name=\"robots\" content=\"index, follow, max-snippet:-1, max-image-preview:large, max-video-preview:-1\" \/>\n<link rel=\"canonical\" href=\"https:\/\/www.millutensil.com\/de\/produkte\/green-line\/scheren\/\" \/>\n<meta property=\"og:locale\" content=\"de_DE\" \/>\n<meta property=\"og:type\" content=\"article\" \/>\n<meta property=\"og:title\" content=\"Mechanical pneumatic and hydraulic guillotine shears Coil lines\" \/>\n<meta property=\"og:description\" content=\"Different types of shears can be integrated into the different projects.They can be mechanical, pneumatic, or hydraulic.\" \/>\n<meta property=\"og:url\" content=\"https:\/\/www.millutensil.com\/de\/produkte\/green-line\/scheren\/\" \/>\n<meta property=\"og:site_name\" content=\"Millutensil\" \/>\n<meta property=\"article:modified_time\" content=\"2021-05-13T14:11:50+00:00\" \/>\n<meta name=\"twitter:card\" content=\"summary_large_image\" \/>\n<meta name=\"twitter:label1\" content=\"Gesch\u00e4tzte Lesezeit\" \/>\n\t<meta name=\"twitter:data1\" content=\"2\u00a0Minuten\" \/>\n<script type=\"application\/ld+json\" class=\"yoast-schema-graph\">{\"@context\":\"https:\/\/schema.org\",\"@graph\":[{\"@type\":\"WebPage\",\"@id\":\"https:\/\/www.millutensil.com\/de\/produkte\/green-line\/scheren\/\",\"url\":\"https:\/\/www.millutensil.com\/de\/produkte\/green-line\/scheren\/\",\"name\":\"Mechanical pneumatic and hydraulic guillotine shears Coil lines\",\"isPartOf\":{\"@id\":\"https:\/\/www.millutensil.com\/it\/#website\"},\"datePublished\":\"2020-04-05T14:43:55+00:00\",\"dateModified\":\"2021-05-13T14:11:50+00:00\",\"description\":\"Different types of shears can be integrated into the different projects.They can be mechanical, pneumatic, or hydraulic.\",\"breadcrumb\":{\"@id\":\"https:\/\/www.millutensil.com\/de\/produkte\/green-line\/scheren\/#breadcrumb\"},\"inLanguage\":\"de\",\"potentialAction\":[{\"@type\":\"ReadAction\",\"target\":[\"https:\/\/www.millutensil.com\/de\/produkte\/green-line\/scheren\/\"]}]},{\"@type\":\"BreadcrumbList\",\"@id\":\"https:\/\/www.millutensil.com\/de\/produkte\/green-line\/scheren\/#breadcrumb\",\"itemListElement\":[{\"@type\":\"ListItem\",\"position\":1,\"name\":\"Home\",\"item\":\"https:\/\/www.millutensil.com\/de\/\"},{\"@type\":\"ListItem\",\"position\":2,\"name\":\"Products (de)\",\"item\":\"https:\/\/www.millutensil.com\/de\/produkte\/\"},{\"@type\":\"ListItem\",\"position\":3,\"name\":\"Millutensil Green Line (de)\",\"item\":\"https:\/\/www.millutensil.com\/de\/produkte\/green-line\/\"},{\"@type\":\"ListItem\",\"position\":4,\"name\":\"Millutensil | Green Line | Shears (de)\"}]},{\"@type\":\"WebSite\",\"@id\":\"https:\/\/www.millutensil.com\/it\/#website\",\"url\":\"https:\/\/www.millutensil.com\/it\/\",\"name\":\"Millutensil\",\"description\":\"Presse prova stampi\",\"potentialAction\":[{\"@type\":\"SearchAction\",\"target\":{\"@type\":\"EntryPoint\",\"urlTemplate\":\"https:\/\/www.millutensil.com\/it\/?s={search_term_string}\"},\"query-input\":{\"@type\":\"PropertyValueSpecification\",\"valueRequired\":true,\"valueName\":\"search_term_string\"}}],\"inLanguage\":\"de\"}]}<\/script>\n<!-- \/ Yoast SEO plugin. -->","yoast_head_json":{"title":"Mechanical pneumatic and hydraulic guillotine shears Coil lines","description":"Different types of shears can be integrated into the different projects.They can be mechanical, pneumatic, or hydraulic.","robots":{"index":"index","follow":"follow","max-snippet":"max-snippet:-1","max-image-preview":"max-image-preview:large","max-video-preview":"max-video-preview:-1"},"canonical":"https:\/\/www.millutensil.com\/de\/produkte\/green-line\/scheren\/","og_locale":"de_DE","og_type":"article","og_title":"Mechanical pneumatic and hydraulic guillotine shears Coil lines","og_description":"Different types of shears can be integrated into the different projects.They can be mechanical, pneumatic, or hydraulic.","og_url":"https:\/\/www.millutensil.com\/de\/produkte\/green-line\/scheren\/","og_site_name":"Millutensil","article_modified_time":"2021-05-13T14:11:50+00:00","twitter_card":"summary_large_image","twitter_misc":{"Gesch\u00e4tzte Lesezeit":"2\u00a0Minuten"},"schema":{"@context":"https:\/\/schema.org","@graph":[{"@type":"WebPage","@id":"https:\/\/www.millutensil.com\/de\/produkte\/green-line\/scheren\/","url":"https:\/\/www.millutensil.com\/de\/produkte\/green-line\/scheren\/","name":"Mechanical pneumatic and hydraulic guillotine shears Coil lines","isPartOf":{"@id":"https:\/\/www.millutensil.com\/it\/#website"},"datePublished":"2020-04-05T14:43:55+00:00","dateModified":"2021-05-13T14:11:50+00:00","description":"Different types of shears can be integrated into the different projects.They can be mechanical, pneumatic, or hydraulic.","breadcrumb":{"@id":"https:\/\/www.millutensil.com\/de\/produkte\/green-line\/scheren\/#breadcrumb"},"inLanguage":"de","potentialAction":[{"@type":"ReadAction","target":["https:\/\/www.millutensil.com\/de\/produkte\/green-line\/scheren\/"]}]},{"@type":"BreadcrumbList","@id":"https:\/\/www.millutensil.com\/de\/produkte\/green-line\/scheren\/#breadcrumb","itemListElement":[{"@type":"ListItem","position":1,"name":"Home","item":"https:\/\/www.millutensil.com\/de\/"},{"@type":"ListItem","position":2,"name":"Products (de)","item":"https:\/\/www.millutensil.com\/de\/produkte\/"},{"@type":"ListItem","position":3,"name":"Millutensil Green Line (de)","item":"https:\/\/www.millutensil.com\/de\/produkte\/green-line\/"},{"@type":"ListItem","position":4,"name":"Millutensil | Green Line | Shears (de)"}]},{"@type":"WebSite","@id":"https:\/\/www.millutensil.com\/it\/#website","url":"https:\/\/www.millutensil.com\/it\/","name":"Millutensil","description":"Presse prova stampi","potentialAction":[{"@type":"SearchAction","target":{"@type":"EntryPoint","urlTemplate":"https:\/\/www.millutensil.com\/it\/?s={search_term_string}"},"query-input":{"@type":"PropertyValueSpecification","valueRequired":true,"valueName":"search_term_string"}}],"inLanguage":"de"}]}},"_links":{"self":[{"href":"https:\/\/www.millutensil.com\/de\/wp-json\/wp\/v2\/pages\/89682","targetHints":{"allow":["GET"]}}],"collection":[{"href":"https:\/\/www.millutensil.com\/de\/wp-json\/wp\/v2\/pages"}],"about":[{"href":"https:\/\/www.millutensil.com\/de\/wp-json\/wp\/v2\/types\/page"}],"author":[{"embeddable":true,"href":"https:\/\/www.millutensil.com\/de\/wp-json\/wp\/v2\/users\/2"}],"replies":[{"embeddable":true,"href":"https:\/\/www.millutensil.com\/de\/wp-json\/wp\/v2\/comments?post=89682"}],"version-history":[{"count":1,"href":"https:\/\/www.millutensil.com\/de\/wp-json\/wp\/v2\/pages\/89682\/revisions"}],"predecessor-version":[{"id":89685,"href":"https:\/\/www.millutensil.com\/de\/wp-json\/wp\/v2\/pages\/89682\/revisions\/89685"}],"up":[{"embeddable":true,"href":"https:\/\/www.millutensil.com\/de\/wp-json\/wp\/v2\/pages\/89544"}],"wp:attachment":[{"href":"https:\/\/www.millutensil.com\/de\/wp-json\/wp\/v2\/media?parent=89682"}],"curies":[{"name":"wp","href":"https:\/\/api.w.org\/{rel}","templated":true}]}}