{"id":89163,"date":"2020-10-12T13:15:10","date_gmt":"2020-10-12T11:15:10","guid":{"rendered":"https:\/\/www.millutensil.com\/productos\/trade-line\/"},"modified":"2022-02-14T13:41:07","modified_gmt":"2022-02-14T12:41:07","slug":"trade-line","status":"publish","type":"page","link":"https:\/\/www.millutensil.com\/es\/productos\/trade-line\/","title":{"rendered":"Millutensil Trade Line (es)"},"content":{"rendered":"[vc_row unlock_row_content=\u00bbyes\u00bb row_height_percent=\u00bb50&#8243; override_padding=\u00bbyes\u00bb h_padding=\u00bb0&#8243; top_padding=\u00bb0&#8243; bottom_padding=\u00bb0&#8243; back_color=\u00bbcolor-320301&#8243; overlay_alpha=\u00bb0&#8243; equal_height=\u00bbyes\u00bb gutter_size=\u00bb3&#8243; column_width_percent=\u00bb100&#8243; shift_y=\u00bb0&#8243; z_index=\u00bb0&#8243;][vc_column column_width_use_pixel=\u00bbyes\u00bb position_vertical=\u00bbmiddle\u00bb gutter_size=\u00bb3&#8243; style=\u00bbdark\u00bb back_color=\u00bbcolor-320301&#8243; overlay_alpha=\u00bb0&#8243; shift_x=\u00bb0&#8243; shift_y=\u00bb0&#8243; shift_y_down=\u00bb0&#8243; z_index=\u00bb0&#8243; medium_width=\u00bb0&#8243; mobile_width=\u00bb0&#8243; width=\u00bb2\/3&#8243; column_width_pixel=\u00bb900&#8243;][vc_empty_space empty_h=\u00bb4&#8243;][vc_custom_heading text_color=\u00bbcolor-xsdn\u00bb heading_semantic=\u00bbh3&#8243; text_font=\u00bbfont-643395&#8243; text_size=\u00bbfontsize-155944&#8243; css_animation=\u00bbtop-t-bottom\u00bb]FIBRO &#8211; la referencia para su producci\u00f3n industrial en Italia.[\/vc_custom_heading][vc_empty_space empty_h=\u00bb2&#8243;][vc_custom_heading text_color=\u00bbcolor-xsdn\u00bb heading_semantic=\u00bbp\u00bb text_size=\u00bb\u00bb css_animation=\u00bbtop-t-bottom\u00bb]\r\n\r\nFIBRO es la empresa \u201cl\u00edder\u201d en el sector de los productos estandarizados para moldes, sus productos y soluciones t\u00e9cnicas son la garant\u00eda de la continuidad y del futuro de su producci\u00f3n industrial.\r\n\r\nLa gama de productos orientados a las necesidades m\u00e1s actuales del mercado y la atenci\u00f3n a la calidad son la base del \u00e9xito y la reputaci\u00f3n internacional de FIBRO que, adem\u00e1s de contar con la sede central en Alemania, ha abierto sus propias filiales en todo el mundo.\r\n\r\nEn Italia FIBRO ha elegido a MILLUTENSIL como el \u00fanico socio exclusivo, seleccionado por su fiabilidad, competencia y tradici\u00f3n.\r\n\r\n[\/vc_custom_heading][vc_empty_space empty_h=\u00bb4&#8243;][\/vc_column][vc_column column_width_percent=\u00bb100&#8243; position_vertical=\u00bbmiddle\u00bb align_horizontal=\u00bbalign_center\u00bb gutter_size=\u00bb3&#8243; back_color=\u00bbcolor-xsdn\u00bb overlay_alpha=\u00bb50&#8243; shift_x=\u00bb0&#8243; shift_y=\u00bb0&#8243; shift_y_down=\u00bb0&#8243; z_index=\u00bb0&#8243; medium_width=\u00bb0&#8243; mobile_width=\u00bb0&#8243; width=\u00bb1\/3&#8243;][\/vc_column][\/vc_row][vc_row unlock_row_content=\u00bbyes\u00bb row_height_percent=\u00bb0&#8243; override_padding=\u00bbyes\u00bb h_padding=\u00bb0&#8243; top_padding=\u00bb0&#8243; bottom_padding=\u00bb0&#8243; overlay_alpha=\u00bb50&#8243; equal_height=\u00bbyes\u00bb gutter_size=\u00bb0&#8243; column_width_percent=\u00bb100&#8243; shift_y=\u00bb0&#8243; z_index=\u00bb0&#8243;][vc_column width=\u00bb1\/3&#8243;][\/vc_column][vc_column column_width_percent=\u00bb100&#8243; gutter_size=\u00bb3&#8243; overlay_alpha=\u00bb50&#8243; shift_x=\u00bb0&#8243; shift_y=\u00bb-3&#8243; shift_y_down=\u00bb0&#8243; z_index=\u00bb0&#8243; medium_width=\u00bb0&#8243; mobile_width=\u00bb0&#8243; width=\u00bb2\/3&#8243;][vc_single_image media=\u00bb86990&#8243; media_width_percent=\u00bb100&#8243; css_animation=\u00bbright-t-left\u00bb][\/vc_column][\/vc_row][vc_row unlock_row_content=\u00bbyes\u00bb row_height_percent=\u00bb0&#8243; override_padding=\u00bbyes\u00bb h_padding=\u00bb4&#8243; top_padding=\u00bb3&#8243; bottom_padding=\u00bb3&#8243; back_color=\u00bbcolor-lxmt\u00bb overlay_alpha=\u00bb50&#8243; gutter_size=\u00bb0&#8243; column_width_percent=\u00bb100&#8243; shift_y=\u00bb0&#8243; z_index=\u00bb0&#8243;][vc_column column_width_percent=\u00bb100&#8243; position_vertical=\u00bbmiddle\u00bb align_horizontal=\u00bbalign_center\u00bb gutter_size=\u00bb3&#8243; overlay_alpha=\u00bb50&#8243; shift_x=\u00bb0&#8243; shift_y=\u00bb0&#8243; shift_y_down=\u00bb0&#8243; z_index=\u00bb0&#8243; medium_width=\u00bb0&#8243; mobile_width=\u00bb0&#8243; width=\u00bb1\/3&#8243;][vc_custom_heading text_color=\u00bbcolor-320301&#8243; heading_semantic=\u00bbh3&#8243; text_font=\u00bbfont-643395&#8243; text_size=\u00bbfontsize-155944&#8243; css_animation=\u00bbleft-t-right\u00bb]Utilizada en[\/vc_custom_heading][\/vc_column][vc_column column_width_percent=\u00bb100&#8243; gutter_size=\u00bb3&#8243; overlay_alpha=\u00bb50&#8243; shift_x=\u00bb0&#8243; shift_y=\u00bb0&#8243; shift_y_down=\u00bb0&#8243; z_index=\u00bb0&#8243; medium_width=\u00bb0&#8243; mobile_width=\u00bb0&#8243; css_animation=\u00bbtop-t-bottom\u00bb width=\u00bb2\/3&#8243;][vc_row_inner row_inner_height_percent=\u00bb0&#8243; overlay_alpha=\u00bb50&#8243; gutter_size=\u00bb3&#8243; border_color=\u00bbcolor-149363&#8243; border_style=\u00bbsolid\u00bb shift_y=\u00bb0&#8243; z_index=\u00bb0&#8243; limit_content=\u00bb\u00bb][vc_column_inner column_width_percent=\u00bb100&#8243; align_horizontal=\u00bbalign_center\u00bb gutter_size=\u00bb3&#8243; overlay_alpha=\u00bb50&#8243; border_color=\u00bbcolor-210407&#8243; border_style=\u00bbsolid\u00bb shift_x=\u00bb0&#8243; shift_y=\u00bb0&#8243; shift_y_down=\u00bb0&#8243; z_index=\u00bb0&#8243; medium_width=\u00bb0&#8243; mobile_width=\u00bb0&#8243; width=\u00bb1\/3&#8243;][vc_icon icon=\u00bbfa fa-arrow-circle-o-down\u00bb icon_color=\u00bbcolor-320301&#8243; size=\u00bbfa-4x\u00bb][\/vc_icon][vc_column_text]ESPECIALISTAS EN MOLDES DE INYECCI\u00d3N DE PL\u00c1STICO[\/vc_column_text][\/vc_column_inner][vc_column_inner column_width_percent=\u00bb100&#8243; align_horizontal=\u00bbalign_center\u00bb gutter_size=\u00bb3&#8243; overlay_alpha=\u00bb50&#8243; shift_x=\u00bb0&#8243; shift_y=\u00bb0&#8243; shift_y_down=\u00bb0&#8243; z_index=\u00bb0&#8243; medium_width=\u00bb0&#8243; mobile_width=\u00bb0&#8243; width=\u00bb1\/3&#8243;][vc_icon icon=\u00bbfa fa-asterisk\u00bb icon_color=\u00bbcolor-320301&#8243; size=\u00bbfa-4x\u00bb][\/vc_icon][vc_column_text]ESPECIALISTAS EN MOLDES DE FUNDICI\u00d3N[\/vc_column_text][\/vc_column_inner][vc_column_inner column_width_percent=\u00bb100&#8243; align_horizontal=\u00bbalign_center\u00bb gutter_size=\u00bb3&#8243; overlay_alpha=\u00bb50&#8243; shift_x=\u00bb0&#8243; shift_y=\u00bb0&#8243; shift_y_down=\u00bb0&#8243; z_index=\u00bb0&#8243; medium_width=\u00bb0&#8243; mobile_width=\u00bb0&#8243; width=\u00bb1\/3&#8243;][vc_icon icon=\u00bbfa fa-automobile\u00bb icon_color=\u00bbcolor-320301&#8243; size=\u00bbfa-4x\u00bb][\/vc_icon][vc_column_text]ESPECIALISTAS EN MOLDES PARA LA PRODUCCI\u00d3N DE AUTOM\u00d3VILES[\/vc_column_text][\/vc_column_inner][\/vc_row_inner][\/vc_column][\/vc_row][vc_row unlock_row_content=\u00bbyes\u00bb row_height_percent=\u00bb0&#8243; override_padding=\u00bbyes\u00bb h_padding=\u00bb0&#8243; top_padding=\u00bb0&#8243; bottom_padding=\u00bb0&#8243; overlay_alpha=\u00bb50&#8243; equal_height=\u00bbyes\u00bb gutter_size=\u00bb0&#8243; shift_y=\u00bb0&#8243;][\/vc_row][vc_row unlock_row_content=\u00bbyes\u00bb row_height_percent=\u00bb0&#8243; override_padding=\u00bbyes\u00bb h_padding=\u00bb0&#8243; top_padding=\u00bb0&#8243; bottom_padding=\u00bb0&#8243; overlay_alpha=\u00bb100&#8243; gutter_size=\u00bb0&#8243; style=\u00bbinherited\u00bb][\/vc_row][vc_row unlock_row_content=\u00bbyes\u00bb row_height_percent=\u00bb0&#8243; override_padding=\u00bbyes\u00bb h_padding=\u00bb0&#8243; top_padding=\u00bb0&#8243; bottom_padding=\u00bb0&#8243; overlay_alpha=\u00bb50&#8243; equal_height=\u00bbyes\u00bb gutter_size=\u00bb0&#8243; shift_y=\u00bb0&#8243;][\/vc_row][vc_row unlock_row_content=\u00bbyes\u00bb row_height_percent=\u00bb0&#8243; override_padding=\u00bbyes\u00bb h_padding=\u00bb0&#8243; top_padding=\u00bb0&#8243; bottom_padding=\u00bb0&#8243; overlay_alpha=\u00bb100&#8243; gutter_size=\u00bb0&#8243; style=\u00bbinherited\u00bb][\/vc_row][vc_row unlock_row_content=\u00bbyes\u00bb row_height_percent=\u00bb0&#8243; override_padding=\u00bbyes\u00bb h_padding=\u00bb0&#8243; top_padding=\u00bb0&#8243; bottom_padding=\u00bb0&#8243; overlay_alpha=\u00bb50&#8243; equal_height=\u00bbyes\u00bb gutter_size=\u00bb0&#8243; shift_y=\u00bb0&#8243;][\/vc_row][vc_row unlock_row_content=\u00bbyes\u00bb row_height_percent=\u00bb0&#8243; override_padding=\u00bbyes\u00bb h_padding=\u00bb0&#8243; top_padding=\u00bb0&#8243; bottom_padding=\u00bb0&#8243; overlay_alpha=\u00bb100&#8243; gutter_size=\u00bb0&#8243; style=\u00bbinherited\u00bb][\/vc_row][vc_row unlock_row_content=\u00bbyes\u00bb row_height_percent=\u00bb0&#8243; override_padding=\u00bbyes\u00bb h_padding=\u00bb0&#8243; top_padding=\u00bb0&#8243; bottom_padding=\u00bb0&#8243; overlay_alpha=\u00bb50&#8243; equal_height=\u00bbyes\u00bb gutter_size=\u00bb0&#8243; shift_y=\u00bb0&#8243;][\/vc_row][vc_row unlock_row_content=\u00bbyes\u00bb row_height_percent=\u00bb0&#8243; override_padding=\u00bbyes\u00bb h_padding=\u00bb0&#8243; top_padding=\u00bb0&#8243; bottom_padding=\u00bb0&#8243; overlay_alpha=\u00bb100&#8243; gutter_size=\u00bb0&#8243; style=\u00bbinherited\u00bb][\/vc_row][vc_row unlock_row_content=\u00bbyes\u00bb row_height_percent=\u00bb0&#8243; override_padding=\u00bbyes\u00bb h_padding=\u00bb0&#8243; top_padding=\u00bb0&#8243; bottom_padding=\u00bb0&#8243; overlay_alpha=\u00bb50&#8243; equal_height=\u00bbyes\u00bb gutter_size=\u00bb0&#8243; shift_y=\u00bb0&#8243;][\/vc_row][vc_row unlock_row_content=\u00bbyes\u00bb row_height_percent=\u00bb0&#8243; override_padding=\u00bbyes\u00bb h_padding=\u00bb0&#8243; top_padding=\u00bb0&#8243; bottom_padding=\u00bb0&#8243; overlay_alpha=\u00bb100&#8243; gutter_size=\u00bb0&#8243; style=\u00bbinherited\u00bb][\/vc_row][vc_row unlock_row_content=\u00bbyes\u00bb row_height_percent=\u00bb0&#8243; override_padding=\u00bbyes\u00bb h_padding=\u00bb0&#8243; top_padding=\u00bb0&#8243; bottom_padding=\u00bb0&#8243; overlay_alpha=\u00bb50&#8243; equal_height=\u00bbyes\u00bb gutter_size=\u00bb0&#8243; shift_y=\u00bb0&#8243;][\/vc_row][vc_row unlock_row_content=\u00bbyes\u00bb row_height_percent=\u00bb0&#8243; override_padding=\u00bbyes\u00bb h_padding=\u00bb0&#8243; top_padding=\u00bb0&#8243; bottom_padding=\u00bb0&#8243; overlay_alpha=\u00bb100&#8243; gutter_size=\u00bb0&#8243; style=\u00bbinherited\u00bb][\/vc_row][vc_row unlock_row_content=\u00bbyes\u00bb row_height_percent=\u00bb0&#8243; override_padding=\u00bbyes\u00bb h_padding=\u00bb0&#8243; top_padding=\u00bb0&#8243; bottom_padding=\u00bb0&#8243; overlay_alpha=\u00bb50&#8243; equal_height=\u00bbyes\u00bb gutter_size=\u00bb0&#8243; shift_y=\u00bb0&#8243;][\/vc_row][vc_row unlock_row_content=\u00bbyes\u00bb row_height_percent=\u00bb0&#8243; override_padding=\u00bbyes\u00bb h_padding=\u00bb0&#8243; top_padding=\u00bb0&#8243; bottom_padding=\u00bb0&#8243; overlay_alpha=\u00bb100&#8243; gutter_size=\u00bb0&#8243; style=\u00bbinherited\u00bb][\/vc_row][vc_row unlock_row_content=\u00bbyes\u00bb row_height_percent=\u00bb0&#8243; override_padding=\u00bbyes\u00bb h_padding=\u00bb0&#8243; top_padding=\u00bb0&#8243; bottom_padding=\u00bb0&#8243; overlay_alpha=\u00bb50&#8243; equal_height=\u00bbyes\u00bb gutter_size=\u00bb0&#8243; shift_y=\u00bb0&#8243;][\/vc_row][vc_row unlock_row_content=\u00bbyes\u00bb row_height_percent=\u00bb0&#8243; override_padding=\u00bbyes\u00bb h_padding=\u00bb0&#8243; top_padding=\u00bb0&#8243; bottom_padding=\u00bb0&#8243; overlay_alpha=\u00bb100&#8243; gutter_size=\u00bb0&#8243; style=\u00bbinherited\u00bb][\/vc_row]","protected":false},"excerpt":{"rendered":"[vc_row unlock_row_content=\u00bbyes\u00bb row_height_percent=\u00bb50&#8243; override_padding=\u00bbyes\u00bb h_padding=\u00bb0&#8243; top_padding=\u00bb0&#8243; bottom_padding=\u00bb0&#8243; back_color=\u00bbcolor-320301&#8243; overlay_alpha=\u00bb0&#8243; equal_height=\u00bbyes\u00bb gutter_size=\u00bb3&#8243; column_width_percent=\u00bb100&#8243; shift_y=\u00bb0&#8243; z_index=\u00bb0&#8243;][vc_column column_width_use_pixel=\u00bbyes\u00bb position_vertical=\u00bbmiddle\u00bb gutter_size=\u00bb3&#8243; style=\u00bbdark\u00bb back_color=\u00bbcolor-320301&#8243; overlay_alpha=\u00bb0&#8243; [&hellip;]","protected":false},"author":2,"featured_media":0,"parent":88927,"menu_order":0,"comment_status":"closed","ping_status":"closed","template":"","meta":{"footnotes":""},"class_list":["post-89163","page","type-page","status-publish","hentry","page_category-millutensil-es"],"yoast_head":"<!-- This site is optimized with the Yoast SEO plugin v25.4 - https:\/\/yoast.com\/wordpress\/plugins\/seo\/ -->\n<title>Trade line - Agentes exclusivos FIBRO para Italia - Millutensil<\/title>\n<meta name=\"description\" content=\"FIBRO es la empresa \u201cl\u00edder\u201d en el sector de los productos estandarizados para moldes. Para su producci\u00f3n industrial en Italia\" \/>\n<meta name=\"robots\" content=\"index, follow, max-snippet:-1, max-image-preview:large, max-video-preview:-1\" \/>\n<link rel=\"canonical\" href=\"https:\/\/www.millutensil.com\/es\/productos\/trade-line\/\" \/>\n<meta property=\"og:locale\" content=\"es_ES\" \/>\n<meta property=\"og:type\" content=\"article\" \/>\n<meta property=\"og:title\" content=\"Trade line - Agentes exclusivos FIBRO para Italia - Millutensil\" \/>\n<meta property=\"og:description\" content=\"FIBRO es la empresa \u201cl\u00edder\u201d en el sector de los productos estandarizados para moldes. Para su producci\u00f3n industrial en Italia\" \/>\n<meta property=\"og:url\" content=\"https:\/\/www.millutensil.com\/es\/productos\/trade-line\/\" \/>\n<meta property=\"og:site_name\" content=\"Millutensil\" \/>\n<meta property=\"article:modified_time\" content=\"2022-02-14T12:41:07+00:00\" \/>\n<meta name=\"twitter:card\" content=\"summary_large_image\" \/>\n<meta name=\"twitter:label1\" content=\"Tiempo de lectura\" \/>\n\t<meta name=\"twitter:data1\" content=\"2 minutos\" \/>\n<script type=\"application\/ld+json\" class=\"yoast-schema-graph\">{\"@context\":\"https:\/\/schema.org\",\"@graph\":[{\"@type\":\"WebPage\",\"@id\":\"https:\/\/www.millutensil.com\/es\/productos\/trade-line\/\",\"url\":\"https:\/\/www.millutensil.com\/es\/productos\/trade-line\/\",\"name\":\"Trade line - Agentes exclusivos FIBRO para Italia - Millutensil\",\"isPartOf\":{\"@id\":\"https:\/\/www.millutensil.com\/it\/#website\"},\"datePublished\":\"2020-10-12T11:15:10+00:00\",\"dateModified\":\"2022-02-14T12:41:07+00:00\",\"description\":\"FIBRO es la empresa \u201cl\u00edder\u201d en el sector de los productos estandarizados para moldes. Para su producci\u00f3n industrial en Italia\",\"breadcrumb\":{\"@id\":\"https:\/\/www.millutensil.com\/es\/productos\/trade-line\/#breadcrumb\"},\"inLanguage\":\"es\",\"potentialAction\":[{\"@type\":\"ReadAction\",\"target\":[\"https:\/\/www.millutensil.com\/es\/productos\/trade-line\/\"]}]},{\"@type\":\"BreadcrumbList\",\"@id\":\"https:\/\/www.millutensil.com\/es\/productos\/trade-line\/#breadcrumb\",\"itemListElement\":[{\"@type\":\"ListItem\",\"position\":1,\"name\":\"Home\",\"item\":\"https:\/\/www.millutensil.com\/es\/\"},{\"@type\":\"ListItem\",\"position\":2,\"name\":\"Products (es)\",\"item\":\"https:\/\/www.millutensil.com\/es\/productos\/\"},{\"@type\":\"ListItem\",\"position\":3,\"name\":\"Millutensil Trade Line (es)\"}]},{\"@type\":\"WebSite\",\"@id\":\"https:\/\/www.millutensil.com\/it\/#website\",\"url\":\"https:\/\/www.millutensil.com\/it\/\",\"name\":\"Millutensil\",\"description\":\"Presse prova stampi\",\"potentialAction\":[{\"@type\":\"SearchAction\",\"target\":{\"@type\":\"EntryPoint\",\"urlTemplate\":\"https:\/\/www.millutensil.com\/it\/?s={search_term_string}\"},\"query-input\":{\"@type\":\"PropertyValueSpecification\",\"valueRequired\":true,\"valueName\":\"search_term_string\"}}],\"inLanguage\":\"es\"}]}<\/script>\n<!-- \/ Yoast SEO plugin. -->","yoast_head_json":{"title":"Trade line - Agentes exclusivos FIBRO para Italia - Millutensil","description":"FIBRO es la empresa \u201cl\u00edder\u201d en el sector de los productos estandarizados para moldes. Para su producci\u00f3n industrial en Italia","robots":{"index":"index","follow":"follow","max-snippet":"max-snippet:-1","max-image-preview":"max-image-preview:large","max-video-preview":"max-video-preview:-1"},"canonical":"https:\/\/www.millutensil.com\/es\/productos\/trade-line\/","og_locale":"es_ES","og_type":"article","og_title":"Trade line - Agentes exclusivos FIBRO para Italia - Millutensil","og_description":"FIBRO es la empresa \u201cl\u00edder\u201d en el sector de los productos estandarizados para moldes. Para su producci\u00f3n industrial en Italia","og_url":"https:\/\/www.millutensil.com\/es\/productos\/trade-line\/","og_site_name":"Millutensil","article_modified_time":"2022-02-14T12:41:07+00:00","twitter_card":"summary_large_image","twitter_misc":{"Tiempo de lectura":"2 minutos"},"schema":{"@context":"https:\/\/schema.org","@graph":[{"@type":"WebPage","@id":"https:\/\/www.millutensil.com\/es\/productos\/trade-line\/","url":"https:\/\/www.millutensil.com\/es\/productos\/trade-line\/","name":"Trade line - Agentes exclusivos FIBRO para Italia - Millutensil","isPartOf":{"@id":"https:\/\/www.millutensil.com\/it\/#website"},"datePublished":"2020-10-12T11:15:10+00:00","dateModified":"2022-02-14T12:41:07+00:00","description":"FIBRO es la empresa \u201cl\u00edder\u201d en el sector de los productos estandarizados para moldes. Para su producci\u00f3n industrial en Italia","breadcrumb":{"@id":"https:\/\/www.millutensil.com\/es\/productos\/trade-line\/#breadcrumb"},"inLanguage":"es","potentialAction":[{"@type":"ReadAction","target":["https:\/\/www.millutensil.com\/es\/productos\/trade-line\/"]}]},{"@type":"BreadcrumbList","@id":"https:\/\/www.millutensil.com\/es\/productos\/trade-line\/#breadcrumb","itemListElement":[{"@type":"ListItem","position":1,"name":"Home","item":"https:\/\/www.millutensil.com\/es\/"},{"@type":"ListItem","position":2,"name":"Products (es)","item":"https:\/\/www.millutensil.com\/es\/productos\/"},{"@type":"ListItem","position":3,"name":"Millutensil Trade Line (es)"}]},{"@type":"WebSite","@id":"https:\/\/www.millutensil.com\/it\/#website","url":"https:\/\/www.millutensil.com\/it\/","name":"Millutensil","description":"Presse prova stampi","potentialAction":[{"@type":"SearchAction","target":{"@type":"EntryPoint","urlTemplate":"https:\/\/www.millutensil.com\/it\/?s={search_term_string}"},"query-input":{"@type":"PropertyValueSpecification","valueRequired":true,"valueName":"search_term_string"}}],"inLanguage":"es"}]}},"_links":{"self":[{"href":"https:\/\/www.millutensil.com\/es\/wp-json\/wp\/v2\/pages\/89163","targetHints":{"allow":["GET"]}}],"collection":[{"href":"https:\/\/www.millutensil.com\/es\/wp-json\/wp\/v2\/pages"}],"about":[{"href":"https:\/\/www.millutensil.com\/es\/wp-json\/wp\/v2\/types\/page"}],"author":[{"embeddable":true,"href":"https:\/\/www.millutensil.com\/es\/wp-json\/wp\/v2\/users\/2"}],"replies":[{"embeddable":true,"href":"https:\/\/www.millutensil.com\/es\/wp-json\/wp\/v2\/comments?post=89163"}],"version-history":[{"count":1,"href":"https:\/\/www.millutensil.com\/es\/wp-json\/wp\/v2\/pages\/89163\/revisions"}],"predecessor-version":[{"id":90562,"href":"https:\/\/www.millutensil.com\/es\/wp-json\/wp\/v2\/pages\/89163\/revisions\/90562"}],"up":[{"embeddable":true,"href":"https:\/\/www.millutensil.com\/es\/wp-json\/wp\/v2\/pages\/88927"}],"wp:attachment":[{"href":"https:\/\/www.millutensil.com\/es\/wp-json\/wp\/v2\/media?parent=89163"}],"curies":[{"name":"wp","href":"https:\/\/api.w.org\/{rel}","templated":true}]}}