{"id":89203,"date":"2020-04-02T17:19:24","date_gmt":"2020-04-02T15:19:24","guid":{"rendered":"https:\/\/www.millutensil.com\/video\/"},"modified":"2021-05-24T15:54:59","modified_gmt":"2021-05-24T13:54:59","slug":"video","status":"publish","type":"page","link":"https:\/\/www.millutensil.com\/es\/video\/","title":{"rendered":"Video (es)"},"content":{"rendered":"[vc_row row_height_percent=\u00bb0&#8243; override_padding=\u00bbyes\u00bb h_padding=\u00bb2&#8243; top_padding=\u00bb0&#8243; bottom_padding=\u00bb0&#8243; back_color=\u00bbaccent\u00bb back_image=\u00bb9&#8243; overlay_color=\u00bbcolor-jevc\u00bb overlay_alpha=\u00bb80&#8243; equal_height=\u00bbyes\u00bb gutter_size=\u00bb4&#8243; column_width_percent=\u00bb100&#8243; shift_y=\u00bb0&#8243; z_index=\u00bb0&#8243; enable_top_divider=\u00bbdefault\u00bb top_divider=\u00bbtilt-opacity\u00bb shape_top_flip=\u00bbyes\u00bb shape_top_h_use_pixel=\u00bbtrue\u00bb shape_top_height_percent=\u00bb33&#8243; shape_top_color=\u00bbblueline-178349&#8243; shape_top_opacity=\u00bb100&#8243; shape_top_index=\u00bb1&#8243; shape_top_responsive=\u00bbyes\u00bb shape_top_mobile_hide=\u00bbyes\u00bb enable_bottom_divider=\u00bbdefault\u00bb bottom_divider=\u00bbtilt-opacity\u00bb shape_bottom_flip=\u00bbyes\u00bb shape_bottom_h_use_pixel=\u00bbtrue\u00bb shape_bottom_height_percent=\u00bb33&#8243; shape_bottom_color=\u00bbblueline-178349&#8243; shape_bottom_opacity=\u00bb100&#8243; shape_bottom_index=\u00bb1&#8243; row_name=\u00bbSample 6&#8243; el_class=\u00bbinverted-device-order\u00bb][vc_column column_width_percent=\u00bb100&#8243; position_vertical=\u00bbmiddle\u00bb align_horizontal=\u00bbalign_right\u00bb gutter_size=\u00bb3&#8243; style=\u00bbdark\u00bb overlay_alpha=\u00bb50&#8243; shift_x=\u00bb0&#8243; shift_y=\u00bb0&#8243; shift_y_down=\u00bb0&#8243; z_index=\u00bb1&#8243; medium_width=\u00bb4&#8243; align_mobile=\u00bbalign_center_mobile\u00bb mobile_width=\u00bb0&#8243; width=\u00bb1\/2&#8243;][vc_icon position=\u00bbright\u00bb display=\u00bbinline\u00bb icon=\u00bbfa fa-play\u00bb background_style=\u00bbfa-rounded\u00bb size=\u00bbfa-4x\u00bb icon_automatic=\u00bbyes\u00bb shadow=\u00bbyes\u00bb css_animation=\u00bbzoom-in\u00bb link=\u00bb|||\u00bb media_lightbox=\u00bb83997&#8243;][\/vc_icon][vc_custom_heading heading_semantic=\u00bbh4&#8243; css_animation=\u00bbleft-t-right\u00bb]Presentaci\u00f3n de MILLUTENSIL[\/vc_custom_heading][vc_empty_space empty_h=\u00bb2&#8243; mobile_visibility=\u00bbyes\u00bb][\/vc_column][vc_column column_width_percent=\u00bb100&#8243; position_vertical=\u00bbbottom\u00bb gutter_size=\u00bb3&#8243; overlay_alpha=\u00bb50&#8243; shift_x=\u00bb0&#8243; shift_y=\u00bb0&#8243; shift_y_down=\u00bb0&#8243; z_index=\u00bb0&#8243; medium_width=\u00bb4&#8243; mobile_width=\u00bb0&#8243; width=\u00bb1\/2&#8243;][vc_single_image media=\u00bb83991&#8243; media_width_use_pixel=\u00bbyes\u00bb media_ratio=\u00bbthree-four\u00bb alignment=\u00bbright\u00bb css_animation=\u00bbright-t-left\u00bb media_width_pixel=\u00bb540&#8243;][\/vc_column][\/vc_row][vc_row][vc_column][vc_column_text]\r\n\r\n[\/vc_column_text][\/vc_column][\/vc_row][vc_row row_height_percent=\u00bb0&#8243; override_padding=\u00bbyes\u00bb h_padding=\u00bb2&#8243; top_padding=\u00bb0&#8243; bottom_padding=\u00bb0&#8243; back_color=\u00bbaccent\u00bb back_image=\u00bb9&#8243; overlay_color=\u00bbcolor-jevc\u00bb overlay_alpha=\u00bb80&#8243; equal_height=\u00bbyes\u00bb gutter_size=\u00bb4&#8243; column_width_percent=\u00bb100&#8243; shift_y=\u00bb0&#8243; z_index=\u00bb0&#8243; enable_top_divider=\u00bbdefault\u00bb top_divider_inv=\u00bbtilt-opacity\u00bb shape_top_invert=\u00bbyes\u00bb shape_top_flip=\u00bbyes\u00bb shape_top_h_use_pixel=\u00bbtrue\u00bb shape_top_height_percent=\u00bb33&#8243; shape_top_color=\u00bbgreenline-204583&#8243; shape_top_opacity=\u00bb100&#8243; shape_top_index=\u00bb1&#8243; shape_top_responsive=\u00bbyes\u00bb shape_top_mobile_hide=\u00bbyes\u00bb enable_bottom_divider=\u00bbdefault\u00bb bottom_divider_inv=\u00bbtilt-opacity\u00bb shape_bottom_invert=\u00bbyes\u00bb shape_bottom_flip=\u00bbyes\u00bb shape_bottom_h_use_pixel=\u00bbtrue\u00bb shape_bottom_height_percent=\u00bb33&#8243; shape_bottom_color=\u00bbgreenline-204583&#8243; shape_bottom_opacity=\u00bb100&#8243; shape_bottom_index=\u00bb1&#8243; row_name=\u00bbSample 6&#8243; el_class=\u00bbinverted-device-order\u00bb][vc_column column_width_percent=\u00bb100&#8243; position_vertical=\u00bbbottom\u00bb gutter_size=\u00bb3&#8243; overlay_alpha=\u00bb50&#8243; shift_x=\u00bb0&#8243; shift_y=\u00bb0&#8243; shift_y_down=\u00bb0&#8243; z_index=\u00bb0&#8243; medium_width=\u00bb4&#8243; mobile_width=\u00bb0&#8243; width=\u00bb1\/2&#8243;][vc_single_image media=\u00bb83999&#8243; media_width_use_pixel=\u00bbyes\u00bb media_ratio=\u00bbthree-four\u00bb alignment=\u00bbright\u00bb css_animation=\u00bbleft-t-right\u00bb media_width_pixel=\u00bb540&#8243;][\/vc_column][vc_column column_width_percent=\u00bb100&#8243; position_vertical=\u00bbmiddle\u00bb gutter_size=\u00bb3&#8243; style=\u00bbdark\u00bb overlay_alpha=\u00bb50&#8243; shift_x=\u00bb0&#8243; shift_y=\u00bb0&#8243; shift_y_down=\u00bb0&#8243; z_index=\u00bb1&#8243; medium_width=\u00bb4&#8243; align_mobile=\u00bbalign_center_mobile\u00bb mobile_width=\u00bb0&#8243; width=\u00bb1\/2&#8243;][vc_icon display=\u00bbinline\u00bb icon=\u00bbfa fa-play\u00bb background_style=\u00bbfa-rounded\u00bb size=\u00bbfa-4x\u00bb icon_automatic=\u00bbyes\u00bb shadow=\u00bbyes\u00bb css_animation=\u00bbzoom-in\u00bb link=\u00bb|||\u00bb media_lightbox=\u00bb83933&#8243;][\/vc_icon][vc_custom_heading heading_semantic=\u00bbh4&#8243; css_animation=\u00bbright-t-left\u00bb]Presentaci\u00f3n de la Green Line[\/vc_custom_heading][vc_empty_space empty_h=\u00bb2&#8243; mobile_visibility=\u00bbyes\u00bb][\/vc_column][\/vc_row][vc_row][vc_column][vc_column_text]\r\n\r\n[\/vc_column_text][\/vc_column][\/vc_row][vc_row row_height_percent=\u00bb0&#8243; override_padding=\u00bbyes\u00bb h_padding=\u00bb2&#8243; top_padding=\u00bb0&#8243; bottom_padding=\u00bb0&#8243; back_color=\u00bbaccent\u00bb back_image=\u00bb9&#8243; overlay_color=\u00bbcolor-jevc\u00bb overlay_alpha=\u00bb80&#8243; equal_height=\u00bbyes\u00bb gutter_size=\u00bb4&#8243; column_width_percent=\u00bb100&#8243; shift_y=\u00bb0&#8243; z_index=\u00bb0&#8243; enable_top_divider=\u00bbdefault\u00bb top_divider=\u00bbtilt-opacity\u00bb shape_top_flip=\u00bbyes\u00bb shape_top_h_use_pixel=\u00bbtrue\u00bb shape_top_height_percent=\u00bb33&#8243; shape_top_color=\u00bbblueline-178349&#8243; shape_top_opacity=\u00bb100&#8243; shape_top_index=\u00bb1&#8243; shape_top_responsive=\u00bbyes\u00bb shape_top_mobile_hide=\u00bbyes\u00bb enable_bottom_divider=\u00bbdefault\u00bb bottom_divider=\u00bbtilt-opacity\u00bb shape_bottom_flip=\u00bbyes\u00bb shape_bottom_h_use_pixel=\u00bbtrue\u00bb shape_bottom_height_percent=\u00bb33&#8243; shape_bottom_color=\u00bbblueline-178349&#8243; shape_bottom_opacity=\u00bb100&#8243; shape_bottom_index=\u00bb1&#8243; row_name=\u00bbSample 6&#8243; el_class=\u00bbinverted-device-order\u00bb][vc_column column_width_percent=\u00bb100&#8243; position_vertical=\u00bbmiddle\u00bb align_horizontal=\u00bbalign_right\u00bb gutter_size=\u00bb3&#8243; style=\u00bbdark\u00bb overlay_alpha=\u00bb50&#8243; shift_x=\u00bb0&#8243; shift_y=\u00bb0&#8243; shift_y_down=\u00bb0&#8243; z_index=\u00bb1&#8243; medium_width=\u00bb4&#8243; align_mobile=\u00bbalign_center_mobile\u00bb mobile_width=\u00bb0&#8243; width=\u00bb1\/2&#8243;][vc_icon position=\u00bbright\u00bb display=\u00bbinline\u00bb icon=\u00bbfa fa-play\u00bb background_style=\u00bbfa-rounded\u00bb size=\u00bbfa-4x\u00bb icon_automatic=\u00bbyes\u00bb shadow=\u00bbyes\u00bb css_animation=\u00bbzoom-in\u00bb link=\u00bb|||\u00bb media_lightbox=\u00bb84001&#8243;][\/vc_icon][vc_custom_heading heading_semantic=\u00bbh4&#8243; css_animation=\u00bbleft-t-right\u00bb]Descubra por qu\u00e9 elegir el Sistema Millutensil[\/vc_custom_heading][vc_empty_space empty_h=\u00bb2&#8243; mobile_visibility=\u00bbyes\u00bb][\/vc_column][vc_column column_width_percent=\u00bb100&#8243; position_vertical=\u00bbbottom\u00bb gutter_size=\u00bb3&#8243; overlay_alpha=\u00bb50&#8243; shift_x=\u00bb0&#8243; shift_y=\u00bb0&#8243; shift_y_down=\u00bb0&#8243; z_index=\u00bb0&#8243; medium_width=\u00bb4&#8243; mobile_width=\u00bb0&#8243; width=\u00bb1\/2&#8243;][vc_single_image media=\u00bb84002&#8243; media_width_use_pixel=\u00bbyes\u00bb media_ratio=\u00bbthree-four\u00bb alignment=\u00bbright\u00bb css_animation=\u00bbright-t-left\u00bb media_width_pixel=\u00bb540&#8243;][\/vc_column][\/vc_row][vc_row][vc_column][vc_column_text]\r\n\r\n[\/vc_column_text][\/vc_column][\/vc_row][vc_row row_height_percent=\u00bb0&#8243; override_padding=\u00bbyes\u00bb h_padding=\u00bb2&#8243; top_padding=\u00bb0&#8243; bottom_padding=\u00bb0&#8243; back_color=\u00bbaccent\u00bb back_image=\u00bb9&#8243; overlay_color=\u00bbcolor-jevc\u00bb overlay_alpha=\u00bb80&#8243; equal_height=\u00bbyes\u00bb gutter_size=\u00bb4&#8243; column_width_percent=\u00bb100&#8243; shift_y=\u00bb0&#8243; z_index=\u00bb0&#8243; enable_top_divider=\u00bbdefault\u00bb top_divider_inv=\u00bbtilt-opacity\u00bb shape_top_invert=\u00bbyes\u00bb shape_top_flip=\u00bbyes\u00bb shape_top_h_use_pixel=\u00bbtrue\u00bb shape_top_height_percent=\u00bb33&#8243; shape_top_color=\u00bbgreenline-204583&#8243; shape_top_opacity=\u00bb100&#8243; shape_top_index=\u00bb1&#8243; shape_top_responsive=\u00bbyes\u00bb shape_top_mobile_hide=\u00bbyes\u00bb enable_bottom_divider=\u00bbdefault\u00bb bottom_divider_inv=\u00bbtilt-opacity\u00bb shape_bottom_invert=\u00bbyes\u00bb shape_bottom_flip=\u00bbyes\u00bb shape_bottom_h_use_pixel=\u00bbtrue\u00bb shape_bottom_height_percent=\u00bb33&#8243; shape_bottom_color=\u00bbgreenline-204583&#8243; shape_bottom_opacity=\u00bb100&#8243; shape_bottom_index=\u00bb1&#8243; row_name=\u00bbSample 6&#8243; el_class=\u00bbinverted-device-order\u00bb][vc_column column_width_percent=\u00bb100&#8243; position_vertical=\u00bbbottom\u00bb gutter_size=\u00bb3&#8243; overlay_alpha=\u00bb50&#8243; shift_x=\u00bb0&#8243; shift_y=\u00bb0&#8243; shift_y_down=\u00bb0&#8243; z_index=\u00bb0&#8243; medium_width=\u00bb4&#8243; mobile_width=\u00bb0&#8243; width=\u00bb1\/2&#8243;][vc_single_image media=\u00bb83944&#8243; media_width_use_pixel=\u00bbyes\u00bb media_ratio=\u00bbthree-four\u00bb alignment=\u00bbright\u00bb css_animation=\u00bbleft-t-right\u00bb media_width_pixel=\u00bb540&#8243;][\/vc_column][vc_column column_width_percent=\u00bb100&#8243; position_vertical=\u00bbmiddle\u00bb gutter_size=\u00bb3&#8243; style=\u00bbdark\u00bb overlay_alpha=\u00bb50&#8243; shift_x=\u00bb0&#8243; shift_y=\u00bb0&#8243; shift_y_down=\u00bb0&#8243; z_index=\u00bb1&#8243; medium_width=\u00bb4&#8243; align_mobile=\u00bbalign_center_mobile\u00bb mobile_width=\u00bb0&#8243; width=\u00bb1\/2&#8243;][vc_icon display=\u00bbinline\u00bb icon=\u00bbfa fa-play\u00bb background_style=\u00bbfa-rounded\u00bb size=\u00bbfa-4x\u00bb icon_automatic=\u00bbyes\u00bb shadow=\u00bbyes\u00bb css_animation=\u00bbzoom-in\u00bb link=\u00bb|||\u00bb media_lightbox=\u00bb83933&#8243;][\/vc_icon][vc_custom_heading heading_semantic=\u00bbh4&#8243; css_animation=\u00bbright-t-left\u00bb]Tecnolog\u00eda Zig Zag[\/vc_custom_heading][vc_empty_space empty_h=\u00bb2&#8243; mobile_visibility=\u00bbyes\u00bb][\/vc_column][\/vc_row]","protected":false},"excerpt":{"rendered":"[vc_row row_height_percent=\u00bb0&#8243; override_padding=\u00bbyes\u00bb h_padding=\u00bb2&#8243; top_padding=\u00bb0&#8243; bottom_padding=\u00bb0&#8243; back_color=\u00bbaccent\u00bb back_image=\u00bb9&#8243; overlay_color=\u00bbcolor-jevc\u00bb overlay_alpha=\u00bb80&#8243; equal_height=\u00bbyes\u00bb gutter_size=\u00bb4&#8243; column_width_percent=\u00bb100&#8243; shift_y=\u00bb0&#8243; z_index=\u00bb0&#8243; enable_top_divider=\u00bbdefault\u00bb top_divider=\u00bbtilt-opacity\u00bb shape_top_flip=\u00bbyes\u00bb shape_top_h_use_pixel=\u00bbtrue\u00bb shape_top_height_percent=\u00bb33&#8243; [&hellip;]","protected":false},"author":2,"featured_media":0,"parent":0,"menu_order":0,"comment_status":"closed","ping_status":"closed","template":"","meta":{"footnotes":""},"class_list":["post-89203","page","type-page","status-publish","hentry","page_category-millutensil-es"],"yoast_head":"<!-- This site is optimized with the Yoast SEO plugin v25.4 - https:\/\/yoast.com\/wordpress\/plugins\/seo\/ -->\n<title>Video | Presentaci\u00f3n de Millutensil Lista de reproducci\u00f3n de videos<\/title>\n<meta name=\"description\" content=\"Video presentaci\u00f3n de Millutensil, presentaci\u00f3n de la Green Line, descubra por qu\u00e9 elegir el Sistema Millutensil\" \/>\n<meta name=\"robots\" content=\"index, follow, max-snippet:-1, max-image-preview:large, max-video-preview:-1\" \/>\n<link rel=\"canonical\" href=\"https:\/\/www.millutensil.com\/es\/video\/\" \/>\n<meta property=\"og:locale\" content=\"es_ES\" \/>\n<meta property=\"og:type\" content=\"article\" \/>\n<meta property=\"og:title\" content=\"Video | Presentaci\u00f3n de Millutensil Lista de reproducci\u00f3n de videos\" \/>\n<meta property=\"og:description\" content=\"Video presentaci\u00f3n de Millutensil, presentaci\u00f3n de la Green Line, descubra por qu\u00e9 elegir el Sistema Millutensil\" \/>\n<meta property=\"og:url\" content=\"https:\/\/www.millutensil.com\/es\/video\/\" \/>\n<meta property=\"og:site_name\" content=\"Millutensil\" \/>\n<meta property=\"article:modified_time\" content=\"2021-05-24T13:54:59+00:00\" \/>\n<meta name=\"twitter:card\" content=\"summary_large_image\" \/>\n<meta name=\"twitter:label1\" content=\"Tiempo de lectura\" \/>\n\t<meta name=\"twitter:data1\" content=\"2 minutos\" \/>\n<script type=\"application\/ld+json\" class=\"yoast-schema-graph\">{\"@context\":\"https:\/\/schema.org\",\"@graph\":[{\"@type\":\"WebPage\",\"@id\":\"https:\/\/www.millutensil.com\/es\/video\/\",\"url\":\"https:\/\/www.millutensil.com\/es\/video\/\",\"name\":\"Video | Presentaci\u00f3n de Millutensil Lista de reproducci\u00f3n de videos\",\"isPartOf\":{\"@id\":\"https:\/\/www.millutensil.com\/it\/#website\"},\"datePublished\":\"2020-04-02T15:19:24+00:00\",\"dateModified\":\"2021-05-24T13:54:59+00:00\",\"description\":\"Video presentaci\u00f3n de Millutensil, presentaci\u00f3n de la Green Line, descubra por qu\u00e9 elegir el Sistema Millutensil\",\"breadcrumb\":{\"@id\":\"https:\/\/www.millutensil.com\/es\/video\/#breadcrumb\"},\"inLanguage\":\"es\",\"potentialAction\":[{\"@type\":\"ReadAction\",\"target\":[\"https:\/\/www.millutensil.com\/es\/video\/\"]}]},{\"@type\":\"BreadcrumbList\",\"@id\":\"https:\/\/www.millutensil.com\/es\/video\/#breadcrumb\",\"itemListElement\":[{\"@type\":\"ListItem\",\"position\":1,\"name\":\"Home\",\"item\":\"https:\/\/www.millutensil.com\/es\/\"},{\"@type\":\"ListItem\",\"position\":2,\"name\":\"Video (es)\"}]},{\"@type\":\"WebSite\",\"@id\":\"https:\/\/www.millutensil.com\/it\/#website\",\"url\":\"https:\/\/www.millutensil.com\/it\/\",\"name\":\"Millutensil\",\"description\":\"Presse prova stampi\",\"potentialAction\":[{\"@type\":\"SearchAction\",\"target\":{\"@type\":\"EntryPoint\",\"urlTemplate\":\"https:\/\/www.millutensil.com\/it\/?s={search_term_string}\"},\"query-input\":{\"@type\":\"PropertyValueSpecification\",\"valueRequired\":true,\"valueName\":\"search_term_string\"}}],\"inLanguage\":\"es\"}]}<\/script>\n<!-- \/ Yoast SEO plugin. -->","yoast_head_json":{"title":"Video | Presentaci\u00f3n de Millutensil Lista de reproducci\u00f3n de videos","description":"Video presentaci\u00f3n de Millutensil, presentaci\u00f3n de la Green Line, descubra por qu\u00e9 elegir el Sistema Millutensil","robots":{"index":"index","follow":"follow","max-snippet":"max-snippet:-1","max-image-preview":"max-image-preview:large","max-video-preview":"max-video-preview:-1"},"canonical":"https:\/\/www.millutensil.com\/es\/video\/","og_locale":"es_ES","og_type":"article","og_title":"Video | Presentaci\u00f3n de Millutensil Lista de reproducci\u00f3n de videos","og_description":"Video presentaci\u00f3n de Millutensil, presentaci\u00f3n de la Green Line, descubra por qu\u00e9 elegir el Sistema Millutensil","og_url":"https:\/\/www.millutensil.com\/es\/video\/","og_site_name":"Millutensil","article_modified_time":"2021-05-24T13:54:59+00:00","twitter_card":"summary_large_image","twitter_misc":{"Tiempo de lectura":"2 minutos"},"schema":{"@context":"https:\/\/schema.org","@graph":[{"@type":"WebPage","@id":"https:\/\/www.millutensil.com\/es\/video\/","url":"https:\/\/www.millutensil.com\/es\/video\/","name":"Video | Presentaci\u00f3n de Millutensil Lista de reproducci\u00f3n de videos","isPartOf":{"@id":"https:\/\/www.millutensil.com\/it\/#website"},"datePublished":"2020-04-02T15:19:24+00:00","dateModified":"2021-05-24T13:54:59+00:00","description":"Video presentaci\u00f3n de Millutensil, presentaci\u00f3n de la Green Line, descubra por qu\u00e9 elegir el Sistema Millutensil","breadcrumb":{"@id":"https:\/\/www.millutensil.com\/es\/video\/#breadcrumb"},"inLanguage":"es","potentialAction":[{"@type":"ReadAction","target":["https:\/\/www.millutensil.com\/es\/video\/"]}]},{"@type":"BreadcrumbList","@id":"https:\/\/www.millutensil.com\/es\/video\/#breadcrumb","itemListElement":[{"@type":"ListItem","position":1,"name":"Home","item":"https:\/\/www.millutensil.com\/es\/"},{"@type":"ListItem","position":2,"name":"Video (es)"}]},{"@type":"WebSite","@id":"https:\/\/www.millutensil.com\/it\/#website","url":"https:\/\/www.millutensil.com\/it\/","name":"Millutensil","description":"Presse prova stampi","potentialAction":[{"@type":"SearchAction","target":{"@type":"EntryPoint","urlTemplate":"https:\/\/www.millutensil.com\/it\/?s={search_term_string}"},"query-input":{"@type":"PropertyValueSpecification","valueRequired":true,"valueName":"search_term_string"}}],"inLanguage":"es"}]}},"_links":{"self":[{"href":"https:\/\/www.millutensil.com\/es\/wp-json\/wp\/v2\/pages\/89203","targetHints":{"allow":["GET"]}}],"collection":[{"href":"https:\/\/www.millutensil.com\/es\/wp-json\/wp\/v2\/pages"}],"about":[{"href":"https:\/\/www.millutensil.com\/es\/wp-json\/wp\/v2\/types\/page"}],"author":[{"embeddable":true,"href":"https:\/\/www.millutensil.com\/es\/wp-json\/wp\/v2\/users\/2"}],"replies":[{"embeddable":true,"href":"https:\/\/www.millutensil.com\/es\/wp-json\/wp\/v2\/comments?post=89203"}],"version-history":[{"count":1,"href":"https:\/\/www.millutensil.com\/es\/wp-json\/wp\/v2\/pages\/89203\/revisions"}],"predecessor-version":[{"id":89206,"href":"https:\/\/www.millutensil.com\/es\/wp-json\/wp\/v2\/pages\/89203\/revisions\/89206"}],"wp:attachment":[{"href":"https:\/\/www.millutensil.com\/es\/wp-json\/wp\/v2\/media?parent=89203"}],"curies":[{"name":"wp","href":"https:\/\/api.w.org\/{rel}","templated":true}]}}