{"id":89209,"date":"2020-02-11T18:07:44","date_gmt":"2020-02-11T17:07:44","guid":{"rendered":"https:\/\/www.millutensil.com\/productos\/green-line\/"},"modified":"2021-05-24T15:37:51","modified_gmt":"2021-05-24T13:37:51","slug":"green-line","status":"publish","type":"page","link":"https:\/\/www.millutensil.com\/es\/productos\/green-line\/","title":{"rendered":"Millutensil Green Line (es)"},"content":{"rendered":"[vc_row unlock_row_content=\u00bbyes\u00bb row_height_percent=\u00bb50&#8243; override_padding=\u00bbyes\u00bb h_padding=\u00bb0&#8243; top_padding=\u00bb0&#8243; bottom_padding=\u00bb0&#8243; back_color=\u00bbgreenline-204583&#8243; overlay_alpha=\u00bb0&#8243; gutter_size=\u00bb3&#8243; column_width_percent=\u00bb100&#8243; shift_y=\u00bb0&#8243; z_index=\u00bb0&#8243;][vc_column column_width_use_pixel=\u00bbyes\u00bb position_vertical=\u00bbmiddle\u00bb align_horizontal=\u00bbalign_center\u00bb gutter_size=\u00bb3&#8243; back_color=\u00bbgreenline-204583&#8243; overlay_alpha=\u00bb0&#8243; shift_x=\u00bb0&#8243; shift_y=\u00bb0&#8243; shift_y_down=\u00bb0&#8243; z_index=\u00bb0&#8243; medium_width=\u00bb0&#8243; mobile_width=\u00bb0&#8243; width=\u00bb3\/4&#8243; column_width_pixel=\u00bb900&#8243;][vc_empty_space empty_h=\u00bb2&#8243;][vc_custom_heading heading_semantic=\u00bbh3&#8243; text_font=\u00bbfont-643395&#8243; text_size=\u00bbfontsize-155944&#8243; text_color=\u00bbcolor-xsdn\u00bb css_animation=\u00bbtop-t-bottom\u00bb]Todo alrededor de la prensa.\r\n\u201cAll Around the Press\u201d.\r\nTotalmente integrado[\/vc_custom_heading][vc_empty_space empty_h=\u00bb3&#8243;][vc_column_text css_animation=\u00bbleft-t-right\u00bb]\r\n<p style=\"text-align: left;\"><span style=\"color: #ffffff;\">Equipos para l\u00edneas de bobinas para prensas. Todo alrededor de la prensa, \u201cAll Around the Press\u201d. Totalmente integrado. Se centra en maquinaria innovadora y puntera para la industria de proceso de chapa.\r\nLa l\u00ednea GREEN LINE ofrece soluciones para la automatizaci\u00f3n completa de la transformaci\u00f3n de la chapa gracias a una maquinaria innovadora y puntera.<\/span><\/p>\r\n[\/vc_column_text][vc_empty_space empty_h=\u00bb4&#8243;][\/vc_column][vc_column column_width_percent=\u00bb100&#8243; gutter_size=\u00bb3&#8243; style=\u00bblight\u00bb overlay_alpha=\u00bb50&#8243; shift_x=\u00bb0&#8243; shift_y=\u00bb0&#8243; shift_y_down=\u00bb0&#8243; z_index=\u00bb0&#8243; medium_width=\u00bb0&#8243; mobile_width=\u00bb0&#8243; width=\u00bb1\/4&#8243;][\/vc_column][\/vc_row][vc_row unlock_row_content=\u00bbyes\u00bb row_height_percent=\u00bb0&#8243; override_padding=\u00bbyes\u00bb h_padding=\u00bb0&#8243; top_padding=\u00bb0&#8243; bottom_padding=\u00bb0&#8243; overlay_alpha=\u00bb50&#8243; gutter_size=\u00bb0&#8243; column_width_percent=\u00bb100&#8243; shift_y=\u00bb0&#8243; z_index=\u00bb0&#8243; css=\u00bb.vc_custom_1586084916965{margin-top: -60px !important;}\u00bb][vc_column width=\u00bb1\/3&#8243;][\/vc_column][vc_column width=\u00bb2\/3&#8243;][vc_single_image media=\u00bb85840&#8243; media_width_percent=\u00bb100&#8243; css_animation=\u00bbright-t-left\u00bb][\/vc_column][\/vc_row][vc_row unlock_row_content=\u00bbyes\u00bb row_height_percent=\u00bb0&#8243; override_padding=\u00bbyes\u00bb h_padding=\u00bb0&#8243; top_padding=\u00bb0&#8243; bottom_padding=\u00bb4&#8243; overlay_alpha=\u00bb50&#8243; gutter_size=\u00bb0&#8243; column_width_percent=\u00bb100&#8243; shift_y=\u00bb0&#8243; z_index=\u00bb0&#8243; css=\u00bb.vc_custom_1588581463001{margin-top: 60px !important;}\u00bb][vc_column width=\u00bb1\/2&#8243;][vc_single_image media=\u00bb84697&#8243; media_width_percent=\u00bb65&#8243; alignment=\u00bbright\u00bb css_animation=\u00bbleft-t-right\u00bb][\/vc_column][vc_column column_width_percent=\u00bb100&#8243; position_vertical=\u00bbmiddle\u00bb gutter_size=\u00bb0&#8243; override_padding=\u00bbyes\u00bb column_padding=\u00bb2&#8243; overlay_alpha=\u00bb50&#8243; shift_x=\u00bb0&#8243; shift_y=\u00bb0&#8243; shift_y_down=\u00bb0&#8243; z_index=\u00bb0&#8243; medium_width=\u00bb0&#8243; mobile_width=\u00bb0&#8243; width=\u00bb1\/3&#8243;][vc_column_text css_animation=\u00bbtop-t-bottom\u00bb]\r\n<h2>Nuestra filosof\u00eda<\/h2>\r\nMillutensil puede ofrecer a sus clientes una soluci\u00f3n completa e integrada Todo alrededor de la prensa, \u00abAll Around the Press\u201d.\r\n\r\nGracias a nuestra tecnolog\u00eda y a nuestros 65 a\u00f1os de experiencia, hemos desarrollado un programa completo que le permitir\u00e1 gestionar e integrar f\u00e1cilmente los equipos de producci\u00f3n, los sistemas de lubricaci\u00f3n y las cintas transportadoras de piezas y residuos, con un simple \u201cclic\u201d.\r\n\r\nLa gran ventaja para el cliente es contar con un \u00fanico proveedor que dispone de amplios conocimientos sobre todas las tecnolog\u00edas perif\u00e9ricas y las integra en el proceso de producci\u00f3n para garantizar la competitividad y el rendimiento.\r\n\r\nCon Millutensil tiene un \u00absocio tecnol\u00f3gico \u00fanico\u00bb que le ofrece una amplia gama de soluciones y servicios integrados.[\/vc_column_text][\/vc_column][vc_column width=\u00bb1\/6&#8243;][\/vc_column][\/vc_row][vc_row unlock_row_content=\u00bbyes\u00bb row_height_percent=\u00bb50&#8243; override_padding=\u00bbyes\u00bb h_padding=\u00bb2&#8243; top_padding=\u00bb5&#8243; bottom_padding=\u00bb5&#8243; back_color=\u00bbgreenline-204583&#8243; overlay_alpha=\u00bb35&#8243; equal_height=\u00bbyes\u00bb gutter_size=\u00bb100&#8243; column_width_percent=\u00bb100&#8243; shift_y=\u00bb0&#8243; z_index=\u00bb0&#8243; style=\u00bbinherited\u00bb el_class=\u00bbmu_green&#8212;box\u00bb css=\u00bb.vc_custom_1588586330735{border-left-width: 50px !important;}\u00bb][vc_column column_width_percent=\u00bb100&#8243; position_vertical=\u00bbmiddle\u00bb align_horizontal=\u00bbalign_center\u00bb gutter_size=\u00bb3&#8243; style=\u00bbdark\u00bb overlay_alpha=\u00bb50&#8243; shift_x=\u00bb0&#8243; shift_y=\u00bb0&#8243; shift_y_down=\u00bb0&#8243; z_index=\u00bb0&#8243; medium_width=\u00bb0&#8243; mobile_width=\u00bb0&#8243; css_animation=\u00bbzoom-in\u00bb zoom_width=\u00bb0&#8243; zoom_height=\u00bb0&#8243; width=\u00bb1\/1&#8243;][vc_custom_heading heading_semantic=\u00bbh3&#8243; text_font=\u00bbfont-643395&#8243; text_size=\u00bbfontsize-155944&#8243; text_color=\u00bbcolor-xsdn\u00bb]Todas las ventajas al escoger Millutensil[\/vc_custom_heading][vc_row_inner row_inner_height_percent=\u00bb0&#8243; overlay_alpha=\u00bb50&#8243; equal_height=\u00bbyes\u00bb gutter_size=\u00bb4&#8243; shift_y=\u00bb0&#8243; z_index=\u00bb0&#8243; limit_content=\u00bb\u00bb][vc_column_inner column_width_percent=\u00bb100&#8243; align_horizontal=\u00bbalign_center\u00bb gutter_size=\u00bb3&#8243; override_padding=\u00bbyes\u00bb column_padding=\u00bb2&#8243; overlay_alpha=\u00bb50&#8243; border_style=\u00bbsolid\u00bb shift_x=\u00bb0&#8243; shift_y=\u00bb0&#8243; shift_y_down=\u00bb0&#8243; z_index=\u00bb0&#8243; medium_width=\u00bb0&#8243; mobile_width=\u00bb0&#8243; width=\u00bb1\/4&#8243; css=\u00bb.vc_custom_1588585258928{border-top-width: 1px !important;border-right-width: 1px !important;border-bottom-width: 1px !important;border-left-width: 1px !important;}\u00bb][vc_icon icon=\u00bbfa fa-magic-wand\u00bb icon_color=\u00bbcolor-xsdn\u00bb size=\u00bbfa-5x\u00bb][\/vc_icon][vc_column_text]<span style=\"color: #ffffff;\">Con un solo clic, gestionar\u00e1 una l\u00ednea completa compuesta por varias m\u00e1quinas, por ejemplo, desbobinadores, enderezadoras, cizallas, unidades de soldadura y equipos accesorios, como lubricadores y sistemas de lubricaci\u00f3n.<\/span>[\/vc_column_text][\/vc_column_inner][vc_column_inner column_width_percent=\u00bb100&#8243; align_horizontal=\u00bbalign_center\u00bb gutter_size=\u00bb3&#8243; override_padding=\u00bbyes\u00bb column_padding=\u00bb2&#8243; overlay_alpha=\u00bb50&#8243; border_color=\u00bbgreenline-204583&#8243; border_style=\u00bbsolid\u00bb shift_x=\u00bb0&#8243; shift_y=\u00bb0&#8243; shift_y_down=\u00bb0&#8243; z_index=\u00bb0&#8243; medium_width=\u00bb0&#8243; mobile_width=\u00bb0&#8243; width=\u00bb1\/4&#8243; link_to=\u00bb|||\u00bb css=\u00bb.vc_custom_1588580968032{border-top-width: 1px !important;border-right-width: 1px !important;border-bottom-width: 1px !important;border-left-width: 1px !important;}\u00bb][vc_icon icon=\u00bbfa fa-link4&#8243; icon_color=\u00bbcolor-xsdn\u00bb size=\u00bbfa-5x\u00bb][\/vc_icon][vc_column_text]<span style=\"color: #ffffff;\">Gracias al sistema Smark Link, todos los sistemas est\u00e1n interconectados para proporcionar un proceso preciso y optimizado.<\/span>[\/vc_column_text][\/vc_column_inner][vc_column_inner column_width_percent=\u00bb100&#8243; align_horizontal=\u00bbalign_center\u00bb gutter_size=\u00bb3&#8243; override_padding=\u00bbyes\u00bb column_padding=\u00bb2&#8243; overlay_alpha=\u00bb50&#8243; border_color=\u00bbgreenline-204583&#8243; border_style=\u00bbsolid\u00bb shift_x=\u00bb0&#8243; shift_y=\u00bb0&#8243; shift_y_down=\u00bb0&#8243; z_index=\u00bb0&#8243; medium_width=\u00bb0&#8243; mobile_width=\u00bb0&#8243; width=\u00bb1\/4&#8243; css=\u00bb.vc_custom_1588580975680{border-top-width: 1px !important;border-right-width: 1px !important;border-bottom-width: 1px !important;border-left-width: 1px !important;}\u00bb][vc_icon icon=\u00bbfa fa-stopwatch\u00bb icon_color=\u00bbcolor-xsdn\u00bb size=\u00bbfa-5x\u00bb][\/vc_icon][vc_column_text]<span style=\"color: #ffffff;\">Este programa supone un gran ahorro de tiempo para el reajuste de la l\u00ednea y de todos los par\u00e1metros para los cambios de producci\u00f3n.<\/span>[\/vc_column_text][\/vc_column_inner][vc_column_inner column_width_percent=\u00bb100&#8243; align_horizontal=\u00bbalign_center\u00bb gutter_size=\u00bb3&#8243; override_padding=\u00bbyes\u00bb column_padding=\u00bb2&#8243; overlay_alpha=\u00bb50&#8243; border_color=\u00bbgreenline-204583&#8243; border_style=\u00bbsolid\u00bb shift_x=\u00bb0&#8243; shift_y=\u00bb0&#8243; shift_y_down=\u00bb0&#8243; z_index=\u00bb0&#8243; medium_width=\u00bb0&#8243; mobile_width=\u00bb0&#8243; width=\u00bb1\/4&#8243; css=\u00bb.vc_custom_1588580983384{border-top-width: 1px !important;border-right-width: 1px !important;border-bottom-width: 1px !important;border-left-width: 1px !important;}\u00bb][vc_icon icon=\u00bbfa fa-cogs\u00bb icon_color=\u00bbcolor-xsdn\u00bb size=\u00bbfa-5x\u00bb][\/vc_icon][vc_column_text]<span style=\"color: #ffffff;\">Todos los sistemas incluidos en un \u00fanico sistema integrado que permite una \u00fanica gesti\u00f3n de certificaci\u00f3n de la l\u00ednea.<\/span>[\/vc_column_text][\/vc_column_inner][\/vc_row_inner][\/vc_column][\/vc_row][vc_row unlock_row_content=\u00bbyes\u00bb row_height_percent=\u00bb0&#8243; override_padding=\u00bbyes\u00bb h_padding=\u00bb0&#8243; top_padding=\u00bb0&#8243; bottom_padding=\u00bb0&#8243; overlay_alpha=\u00bb100&#8243; gutter_size=\u00bb0&#8243; style=\u00bbinherited\u00bb][\/vc_row][vc_row unlock_row_content=\u00bbyes\u00bb row_height_percent=\u00bb0&#8243; override_padding=\u00bbyes\u00bb h_padding=\u00bb0&#8243; top_padding=\u00bb0&#8243; bottom_padding=\u00bb0&#8243; overlay_alpha=\u00bb50&#8243; equal_height=\u00bbyes\u00bb gutter_size=\u00bb0&#8243; shift_y=\u00bb0&#8243;][\/vc_row][vc_row unlock_row_content=\u00bbyes\u00bb row_height_percent=\u00bb0&#8243; override_padding=\u00bbyes\u00bb h_padding=\u00bb0&#8243; top_padding=\u00bb0&#8243; bottom_padding=\u00bb0&#8243; overlay_alpha=\u00bb100&#8243; gutter_size=\u00bb0&#8243; style=\u00bbinherited\u00bb][\/vc_row][vc_row unlock_row_content=\u00bbyes\u00bb row_height_percent=\u00bb0&#8243; override_padding=\u00bbyes\u00bb h_padding=\u00bb0&#8243; top_padding=\u00bb0&#8243; bottom_padding=\u00bb0&#8243; overlay_alpha=\u00bb50&#8243; equal_height=\u00bbyes\u00bb gutter_size=\u00bb0&#8243; shift_y=\u00bb0&#8243;][\/vc_row][vc_row unlock_row_content=\u00bbyes\u00bb row_height_percent=\u00bb0&#8243; override_padding=\u00bbyes\u00bb h_padding=\u00bb0&#8243; top_padding=\u00bb0&#8243; bottom_padding=\u00bb0&#8243; overlay_alpha=\u00bb100&#8243; gutter_size=\u00bb0&#8243; style=\u00bbinherited\u00bb][\/vc_row][vc_row unlock_row_content=\u00bbyes\u00bb row_height_percent=\u00bb0&#8243; override_padding=\u00bbyes\u00bb h_padding=\u00bb0&#8243; top_padding=\u00bb0&#8243; bottom_padding=\u00bb0&#8243; overlay_alpha=\u00bb50&#8243; equal_height=\u00bbyes\u00bb gutter_size=\u00bb0&#8243; shift_y=\u00bb0&#8243;][\/vc_row][vc_row unlock_row_content=\u00bbyes\u00bb row_height_percent=\u00bb0&#8243; override_padding=\u00bbyes\u00bb h_padding=\u00bb0&#8243; top_padding=\u00bb0&#8243; bottom_padding=\u00bb0&#8243; overlay_alpha=\u00bb100&#8243; gutter_size=\u00bb0&#8243; style=\u00bbinherited\u00bb][\/vc_row][vc_row unlock_row_content=\u00bbyes\u00bb row_height_percent=\u00bb0&#8243; override_padding=\u00bbyes\u00bb h_padding=\u00bb0&#8243; top_padding=\u00bb0&#8243; bottom_padding=\u00bb0&#8243; overlay_alpha=\u00bb50&#8243; equal_height=\u00bbyes\u00bb gutter_size=\u00bb0&#8243; shift_y=\u00bb0&#8243;][\/vc_row][vc_row unlock_row_content=\u00bbyes\u00bb row_height_percent=\u00bb0&#8243; override_padding=\u00bbyes\u00bb h_padding=\u00bb0&#8243; top_padding=\u00bb0&#8243; bottom_padding=\u00bb0&#8243; overlay_alpha=\u00bb100&#8243; gutter_size=\u00bb0&#8243; style=\u00bbinherited\u00bb][\/vc_row][vc_row unlock_row_content=\u00bbyes\u00bb row_height_percent=\u00bb0&#8243; override_padding=\u00bbyes\u00bb h_padding=\u00bb0&#8243; top_padding=\u00bb0&#8243; bottom_padding=\u00bb0&#8243; overlay_alpha=\u00bb50&#8243; equal_height=\u00bbyes\u00bb gutter_size=\u00bb0&#8243; shift_y=\u00bb0&#8243;][\/vc_row][vc_row unlock_row_content=\u00bbyes\u00bb row_height_percent=\u00bb0&#8243; override_padding=\u00bbyes\u00bb h_padding=\u00bb0&#8243; top_padding=\u00bb0&#8243; bottom_padding=\u00bb0&#8243; overlay_alpha=\u00bb100&#8243; gutter_size=\u00bb0&#8243; style=\u00bbinherited\u00bb][\/vc_row][vc_row unlock_row_content=\u00bbyes\u00bb row_height_percent=\u00bb0&#8243; override_padding=\u00bbyes\u00bb h_padding=\u00bb0&#8243; top_padding=\u00bb0&#8243; bottom_padding=\u00bb0&#8243; overlay_alpha=\u00bb50&#8243; equal_height=\u00bbyes\u00bb gutter_size=\u00bb0&#8243; shift_y=\u00bb0&#8243;][\/vc_row][vc_row unlock_row_content=\u00bbyes\u00bb row_height_percent=\u00bb0&#8243; override_padding=\u00bbyes\u00bb h_padding=\u00bb0&#8243; top_padding=\u00bb0&#8243; bottom_padding=\u00bb0&#8243; overlay_alpha=\u00bb100&#8243; gutter_size=\u00bb0&#8243; style=\u00bbinherited\u00bb][\/vc_row][vc_row unlock_row_content=\u00bbyes\u00bb row_height_percent=\u00bb0&#8243; override_padding=\u00bbyes\u00bb h_padding=\u00bb0&#8243; top_padding=\u00bb0&#8243; bottom_padding=\u00bb0&#8243; overlay_alpha=\u00bb50&#8243; equal_height=\u00bbyes\u00bb gutter_size=\u00bb0&#8243; shift_y=\u00bb0&#8243;][\/vc_row][vc_row unlock_row_content=\u00bbyes\u00bb row_height_percent=\u00bb0&#8243; override_padding=\u00bbyes\u00bb h_padding=\u00bb0&#8243; top_padding=\u00bb0&#8243; bottom_padding=\u00bb0&#8243; overlay_alpha=\u00bb100&#8243; gutter_size=\u00bb0&#8243; style=\u00bbinherited\u00bb][\/vc_row][vc_row unlock_row_content=\u00bbyes\u00bb row_height_percent=\u00bb0&#8243; override_padding=\u00bbyes\u00bb h_padding=\u00bb0&#8243; top_padding=\u00bb0&#8243; bottom_padding=\u00bb0&#8243; overlay_alpha=\u00bb50&#8243; equal_height=\u00bbyes\u00bb gutter_size=\u00bb0&#8243; shift_y=\u00bb0&#8243;][\/vc_row][vc_row unlock_row_content=\u00bbyes\u00bb row_height_percent=\u00bb0&#8243; override_padding=\u00bbyes\u00bb h_padding=\u00bb0&#8243; top_padding=\u00bb0&#8243; bottom_padding=\u00bb0&#8243; overlay_alpha=\u00bb100&#8243; gutter_size=\u00bb0&#8243; style=\u00bbinherited\u00bb][\/vc_row][vc_row unlock_row_content=\u00bbyes\u00bb row_height_percent=\u00bb0&#8243; override_padding=\u00bbyes\u00bb h_padding=\u00bb0&#8243; top_padding=\u00bb0&#8243; bottom_padding=\u00bb0&#8243; overlay_alpha=\u00bb50&#8243; equal_height=\u00bbyes\u00bb gutter_size=\u00bb0&#8243; shift_y=\u00bb0&#8243;][\/vc_row][vc_row unlock_row_content=\u00bbyes\u00bb row_height_percent=\u00bb0&#8243; override_padding=\u00bbyes\u00bb h_padding=\u00bb0&#8243; top_padding=\u00bb0&#8243; bottom_padding=\u00bb0&#8243; overlay_alpha=\u00bb100&#8243; gutter_size=\u00bb0&#8243; style=\u00bbinherited\u00bb][\/vc_row][vc_row unlock_row_content=\u00bbyes\u00bb row_height_percent=\u00bb0&#8243; override_padding=\u00bbyes\u00bb h_padding=\u00bb0&#8243; top_padding=\u00bb0&#8243; bottom_padding=\u00bb0&#8243; overlay_alpha=\u00bb50&#8243; equal_height=\u00bbyes\u00bb gutter_size=\u00bb0&#8243; shift_y=\u00bb0&#8243;][\/vc_row][vc_row unlock_row_content=\u00bbyes\u00bb row_height_percent=\u00bb0&#8243; override_padding=\u00bbyes\u00bb h_padding=\u00bb0&#8243; top_padding=\u00bb0&#8243; bottom_padding=\u00bb0&#8243; overlay_alpha=\u00bb100&#8243; gutter_size=\u00bb0&#8243; style=\u00bbinherited\u00bb][\/vc_row][vc_row unlock_row_content=\u00bbyes\u00bb row_height_percent=\u00bb0&#8243; override_padding=\u00bbyes\u00bb h_padding=\u00bb0&#8243; top_padding=\u00bb0&#8243; bottom_padding=\u00bb0&#8243; overlay_alpha=\u00bb50&#8243; equal_height=\u00bbyes\u00bb gutter_size=\u00bb0&#8243; shift_y=\u00bb0&#8243;][\/vc_row][vc_row unlock_row_content=\u00bbyes\u00bb row_height_percent=\u00bb0&#8243; override_padding=\u00bbyes\u00bb h_padding=\u00bb0&#8243; top_padding=\u00bb0&#8243; bottom_padding=\u00bb0&#8243; overlay_alpha=\u00bb100&#8243; gutter_size=\u00bb0&#8243; style=\u00bbinherited\u00bb][\/vc_row][vc_row unlock_row_content=\u00bbyes\u00bb row_height_percent=\u00bb0&#8243; override_padding=\u00bbyes\u00bb h_padding=\u00bb0&#8243; top_padding=\u00bb0&#8243; bottom_padding=\u00bb0&#8243; overlay_alpha=\u00bb50&#8243; equal_height=\u00bbyes\u00bb gutter_size=\u00bb0&#8243; shift_y=\u00bb0&#8243;][\/vc_row][vc_row unlock_row_content=\u00bbyes\u00bb row_height_percent=\u00bb0&#8243; override_padding=\u00bbyes\u00bb h_padding=\u00bb0&#8243; top_padding=\u00bb0&#8243; bottom_padding=\u00bb0&#8243; overlay_alpha=\u00bb100&#8243; gutter_size=\u00bb0&#8243; style=\u00bbinherited\u00bb][\/vc_row][vc_row unlock_row_content=\u00bbyes\u00bb row_height_percent=\u00bb0&#8243; override_padding=\u00bbyes\u00bb h_padding=\u00bb0&#8243; top_padding=\u00bb0&#8243; bottom_padding=\u00bb0&#8243; overlay_alpha=\u00bb50&#8243; equal_height=\u00bbyes\u00bb gutter_size=\u00bb0&#8243; shift_y=\u00bb0&#8243;][\/vc_row][vc_row unlock_row_content=\u00bbyes\u00bb row_height_percent=\u00bb0&#8243; override_padding=\u00bbyes\u00bb h_padding=\u00bb0&#8243; top_padding=\u00bb0&#8243; bottom_padding=\u00bb0&#8243; overlay_alpha=\u00bb100&#8243; gutter_size=\u00bb0&#8243; style=\u00bbinherited\u00bb][\/vc_row][vc_row unlock_row_content=\u00bbyes\u00bb row_height_percent=\u00bb0&#8243; override_padding=\u00bbyes\u00bb h_padding=\u00bb0&#8243; top_padding=\u00bb0&#8243; bottom_padding=\u00bb0&#8243; overlay_alpha=\u00bb50&#8243; equal_height=\u00bbyes\u00bb gutter_size=\u00bb0&#8243; shift_y=\u00bb0&#8243;][\/vc_row][vc_row][vc_column width=\u00bb1\/1&#8243;][uncode_block id=\u00bb88797&#8243;][\/vc_column][\/vc_row]","protected":false},"excerpt":{"rendered":"[vc_row unlock_row_content=\u00bbyes\u00bb row_height_percent=\u00bb50&#8243; override_padding=\u00bbyes\u00bb h_padding=\u00bb0&#8243; top_padding=\u00bb0&#8243; bottom_padding=\u00bb0&#8243; back_color=\u00bbgreenline-204583&#8243; overlay_alpha=\u00bb0&#8243; gutter_size=\u00bb3&#8243; column_width_percent=\u00bb100&#8243; shift_y=\u00bb0&#8243; z_index=\u00bb0&#8243;][vc_column column_width_use_pixel=\u00bbyes\u00bb position_vertical=\u00bbmiddle\u00bb align_horizontal=\u00bbalign_center\u00bb gutter_size=\u00bb3&#8243; back_color=\u00bbgreenline-204583&#8243; overlay_alpha=\u00bb0&#8243; shift_x=\u00bb0&#8243; [&hellip;]","protected":false},"author":1,"featured_media":0,"parent":88927,"menu_order":0,"comment_status":"closed","ping_status":"closed","template":"","meta":{"footnotes":""},"class_list":["post-89209","page","type-page","status-publish","hentry","page_category-millutensil-es"],"yoast_head":"<!-- This site is optimized with the Yoast SEO plugin v25.4 - https:\/\/yoast.com\/wordpress\/plugins\/seo\/ -->\n<title>Green Line- Equipos para l\u00edneas de bobinas para prensas<\/title>\n<meta name=\"description\" content=\"Equipos para l\u00edneas de bobinas para prensas. Totalmente integrado. Maquinaria innovadora y puntera para la industria de proceso de chapa\" \/>\n<meta name=\"robots\" content=\"index, follow, max-snippet:-1, max-image-preview:large, max-video-preview:-1\" \/>\n<link rel=\"canonical\" href=\"https:\/\/www.millutensil.com\/es\/productos\/green-line\/\" \/>\n<meta property=\"og:locale\" content=\"es_ES\" \/>\n<meta property=\"og:type\" content=\"article\" \/>\n<meta property=\"og:title\" content=\"Green Line- Equipos para l\u00edneas de bobinas para prensas\" \/>\n<meta property=\"og:description\" content=\"Equipos para l\u00edneas de bobinas para prensas. Totalmente integrado. Maquinaria innovadora y puntera para la industria de proceso de chapa\" \/>\n<meta property=\"og:url\" content=\"https:\/\/www.millutensil.com\/es\/productos\/green-line\/\" \/>\n<meta property=\"og:site_name\" content=\"Millutensil\" \/>\n<meta property=\"article:modified_time\" content=\"2021-05-24T13:37:51+00:00\" \/>\n<meta name=\"twitter:card\" content=\"summary_large_image\" \/>\n<meta name=\"twitter:label1\" content=\"Tiempo de lectura\" \/>\n\t<meta name=\"twitter:data1\" content=\"4 minutos\" \/>\n<script type=\"application\/ld+json\" class=\"yoast-schema-graph\">{\"@context\":\"https:\/\/schema.org\",\"@graph\":[{\"@type\":\"WebPage\",\"@id\":\"https:\/\/www.millutensil.com\/es\/productos\/green-line\/\",\"url\":\"https:\/\/www.millutensil.com\/es\/productos\/green-line\/\",\"name\":\"Green Line- Equipos para l\u00edneas de bobinas para prensas\",\"isPartOf\":{\"@id\":\"https:\/\/www.millutensil.com\/it\/#website\"},\"datePublished\":\"2020-02-11T17:07:44+00:00\",\"dateModified\":\"2021-05-24T13:37:51+00:00\",\"description\":\"Equipos para l\u00edneas de bobinas para prensas. Totalmente integrado. Maquinaria innovadora y puntera para la industria de proceso de chapa\",\"breadcrumb\":{\"@id\":\"https:\/\/www.millutensil.com\/es\/productos\/green-line\/#breadcrumb\"},\"inLanguage\":\"es\",\"potentialAction\":[{\"@type\":\"ReadAction\",\"target\":[\"https:\/\/www.millutensil.com\/es\/productos\/green-line\/\"]}]},{\"@type\":\"BreadcrumbList\",\"@id\":\"https:\/\/www.millutensil.com\/es\/productos\/green-line\/#breadcrumb\",\"itemListElement\":[{\"@type\":\"ListItem\",\"position\":1,\"name\":\"Home\",\"item\":\"https:\/\/www.millutensil.com\/es\/\"},{\"@type\":\"ListItem\",\"position\":2,\"name\":\"Products (es)\",\"item\":\"https:\/\/www.millutensil.com\/es\/productos\/\"},{\"@type\":\"ListItem\",\"position\":3,\"name\":\"Millutensil Green Line (es)\"}]},{\"@type\":\"WebSite\",\"@id\":\"https:\/\/www.millutensil.com\/it\/#website\",\"url\":\"https:\/\/www.millutensil.com\/it\/\",\"name\":\"Millutensil\",\"description\":\"Presse prova stampi\",\"potentialAction\":[{\"@type\":\"SearchAction\",\"target\":{\"@type\":\"EntryPoint\",\"urlTemplate\":\"https:\/\/www.millutensil.com\/it\/?s={search_term_string}\"},\"query-input\":{\"@type\":\"PropertyValueSpecification\",\"valueRequired\":true,\"valueName\":\"search_term_string\"}}],\"inLanguage\":\"es\"}]}<\/script>\n<!-- \/ Yoast SEO plugin. -->","yoast_head_json":{"title":"Green Line- Equipos para l\u00edneas de bobinas para prensas","description":"Equipos para l\u00edneas de bobinas para prensas. Totalmente integrado. Maquinaria innovadora y puntera para la industria de proceso de chapa","robots":{"index":"index","follow":"follow","max-snippet":"max-snippet:-1","max-image-preview":"max-image-preview:large","max-video-preview":"max-video-preview:-1"},"canonical":"https:\/\/www.millutensil.com\/es\/productos\/green-line\/","og_locale":"es_ES","og_type":"article","og_title":"Green Line- Equipos para l\u00edneas de bobinas para prensas","og_description":"Equipos para l\u00edneas de bobinas para prensas. Totalmente integrado. Maquinaria innovadora y puntera para la industria de proceso de chapa","og_url":"https:\/\/www.millutensil.com\/es\/productos\/green-line\/","og_site_name":"Millutensil","article_modified_time":"2021-05-24T13:37:51+00:00","twitter_card":"summary_large_image","twitter_misc":{"Tiempo de lectura":"4 minutos"},"schema":{"@context":"https:\/\/schema.org","@graph":[{"@type":"WebPage","@id":"https:\/\/www.millutensil.com\/es\/productos\/green-line\/","url":"https:\/\/www.millutensil.com\/es\/productos\/green-line\/","name":"Green Line- Equipos para l\u00edneas de bobinas para prensas","isPartOf":{"@id":"https:\/\/www.millutensil.com\/it\/#website"},"datePublished":"2020-02-11T17:07:44+00:00","dateModified":"2021-05-24T13:37:51+00:00","description":"Equipos para l\u00edneas de bobinas para prensas. Totalmente integrado. Maquinaria innovadora y puntera para la industria de proceso de chapa","breadcrumb":{"@id":"https:\/\/www.millutensil.com\/es\/productos\/green-line\/#breadcrumb"},"inLanguage":"es","potentialAction":[{"@type":"ReadAction","target":["https:\/\/www.millutensil.com\/es\/productos\/green-line\/"]}]},{"@type":"BreadcrumbList","@id":"https:\/\/www.millutensil.com\/es\/productos\/green-line\/#breadcrumb","itemListElement":[{"@type":"ListItem","position":1,"name":"Home","item":"https:\/\/www.millutensil.com\/es\/"},{"@type":"ListItem","position":2,"name":"Products (es)","item":"https:\/\/www.millutensil.com\/es\/productos\/"},{"@type":"ListItem","position":3,"name":"Millutensil Green Line (es)"}]},{"@type":"WebSite","@id":"https:\/\/www.millutensil.com\/it\/#website","url":"https:\/\/www.millutensil.com\/it\/","name":"Millutensil","description":"Presse prova stampi","potentialAction":[{"@type":"SearchAction","target":{"@type":"EntryPoint","urlTemplate":"https:\/\/www.millutensil.com\/it\/?s={search_term_string}"},"query-input":{"@type":"PropertyValueSpecification","valueRequired":true,"valueName":"search_term_string"}}],"inLanguage":"es"}]}},"_links":{"self":[{"href":"https:\/\/www.millutensil.com\/es\/wp-json\/wp\/v2\/pages\/89209","targetHints":{"allow":["GET"]}}],"collection":[{"href":"https:\/\/www.millutensil.com\/es\/wp-json\/wp\/v2\/pages"}],"about":[{"href":"https:\/\/www.millutensil.com\/es\/wp-json\/wp\/v2\/types\/page"}],"author":[{"embeddable":true,"href":"https:\/\/www.millutensil.com\/es\/wp-json\/wp\/v2\/users\/1"}],"replies":[{"embeddable":true,"href":"https:\/\/www.millutensil.com\/es\/wp-json\/wp\/v2\/comments?post=89209"}],"version-history":[{"count":1,"href":"https:\/\/www.millutensil.com\/es\/wp-json\/wp\/v2\/pages\/89209\/revisions"}],"predecessor-version":[{"id":89215,"href":"https:\/\/www.millutensil.com\/es\/wp-json\/wp\/v2\/pages\/89209\/revisions\/89215"}],"up":[{"embeddable":true,"href":"https:\/\/www.millutensil.com\/es\/wp-json\/wp\/v2\/pages\/88927"}],"wp:attachment":[{"href":"https:\/\/www.millutensil.com\/es\/wp-json\/wp\/v2\/media?parent=89209"}],"curies":[{"name":"wp","href":"https:\/\/api.w.org\/{rel}","templated":true}]}}