{"id":88728,"date":"2019-12-05T10:26:52","date_gmt":"2019-12-05T09:26:52","guid":{"rendered":"https:\/\/www.millutensil.com\/privacy-policy\/"},"modified":"2021-05-24T16:03:54","modified_gmt":"2021-05-24T14:03:54","slug":"privacy-policy","status":"publish","type":"page","link":"https:\/\/www.millutensil.com\/it\/privacy-policy\/","title":{"rendered":"Privacy Policy (it)"},"content":{"rendered":"[vc_row][vc_column][vc_column_text]La presente informativa descrive le modalit\u00e0 di raccolta ed utilizzo dei dati personali di coloro che interagiscono con il sito www.millutensil.com (di seguito &#8220;Sito&#8221;) e dei clienti (di seguito collettivamente &#8220;Utenti e singolarmente &#8220;Utente&#8221;) da parte del Titolare MILLUTENSIL S.r.l. (di seguito &#8220;Titolare&#8221;), ai sensi della normativa applicabile. Essa viene resa in relazione al rapporto commerciale tra il Titolare e l\u2019Utente, nonch\u00e9 alla navigazione sul Sito, con esclusione di altri siti web eventualmente consultati dall\u2019Utente tramite link.\r\n\r\nOgni trattamento dei dati personali verr\u00e0 svolto secondo i principi di necessit\u00e0, correttezza, liceit\u00e0, proporzionalit\u00e0 e trasparenza. Ove necessario, in relazione ad un qualsiasi utilizzo o trattamento specifico dei dati personali, verr\u00e0 richiesto il previo consenso del Utente.\r\n\r\n<strong>1) Finalit\u00e0 del trattamento<\/strong>\r\n\r\nI dati personali dell\u2019Utente verranno raccolti e trattati per finalit\u00e0 inerenti alla prestazione dei servizi richiesti ed all\u2019esecuzione dei relativi obblighi contrattuali (inclusi: acquisto di prodotti, anche online; gestione delle attivit\u00e0 di <em>customer care<\/em>; verifica ed approfondimento di segnalazioni, reclami e contenziosi; esecuzione delle attivit\u00e0 preliminari al contratto; esecuzione degli obblighi contrattuali e l\u2019adempimento delle incombenze amministrativo-contabili), nonch\u00e9, previo specifico consenso, per finalit\u00e0 connesse ad attivit\u00e0 di carattere pubblicitario e promozionale, nonch\u00e9 operazioni comunque legate all\u2019attivit\u00e0 di marketing (ivi incluso l\u2019invio di newsletter e materiale pubblicitario su prodotti e servizi offerti).\r\n\r\n<strong>2) Modalit\u00e0 del trattamento<\/strong>\r\n\r\nIl trattamento potr\u00e0 avvenire mediante elaborazioni manuali o strumenti elettronici, per il tempo necessario a conseguire le finalit\u00e0 di cui al punto 1. Relativamente alle comunicazioni di natura commerciale a mezzo mail potranno essere utilizzati dei sistemi di tracciamento statistico che consentono di rilevare l\u2019apertura dei messaggi e i click effettuati sui link (collegamenti ipertestuali contenuti nell\u2019email), identificandone in particolare quantit\u00e0 e data (secondo le specifiche tecniche desumibili da quanto riportato nel documento consultabile nella seguente pagina web: http:\/\/wiki.mailup.it\/index.php\/Informativa_Privacy).\r\nSi precisa inoltre che i sistemi informatici e le procedure software preposte al funzionamento del Sito acquisiscono, nel corso del loro normale esercizio, alcuni dati personali la cui trasmissione \u00e8 implicita nell\u2019uso dei protocolli di comunicazione di Internet. Si tratta di informazioni che non sono raccolte per essere associate a interessati identificati, ma che per loro stessa natura potrebbero, attraverso elaborazioni e associazioni con dati detenuti da terzi permettere di identificare gli utenti. In questa categoria di dati rientrano gli indirizzi IP o i nomi a dominio dei computer utilizzati dagli utenti che si connettono al sito, gli indirizzi in notazione URI (Uniform Resource Identifier) delle risorse richieste, l\u2019orario della richiesta, il metodo utilizzato nel sottoporre la richiesta al server, la dimensione del file ottenuto in risposta, il codice numerico indicante lo stato della risposta data dal server (buon fine, errore, ecc.) ed altri parametri relativi al sistema operativo e all\u2019ambiente informatico dell\u2019Utente. Questi dati vengono utilizzati al solo fine di ricavare informazioni statistiche anonime sull\u2019uso del Sito e per controllarne il corretto funzionamento e vengono cancellati immediatamente dopo l\u2019elaborazione. I dati potrebbero essere utilizzati per l\u2019accertamento di responsabilit\u00e0 in caso di ipotetici reati informatici ai danni del sito: salva questa eventualit\u00e0, allo stato i dati sui contatti web non persistono per pi\u00f9 di sette giorni.\r\n\r\n<strong>3) Natura del conferimento dei dati e conseguenze di un eventuale rifiuto di rispondere<\/strong>\r\n\r\nIl conferimento dei dati personali dell\u2019Utente nonch\u00e9 il suo consenso, ove richiesto, al trattamento degli stessi per le suddette finalit\u00e0 sono facoltativi, ma strettamente necessari per le attivit\u00e0 sopra indicate. In caso di rifiuto di fornire i dati personali richiesti e\/o di prestare i consensi di volta in volta richiesti, non potranno svolgersi le attivit\u00e0 sopra elencate.\r\n\r\n<strong>4) Ambiti di comunicazione dei dati personali<\/strong>\r\n\r\nI dati personali potranno essere comunicati per le medesime finalit\u00e0 di cui sopra sia ad altre societ\u00e0 controllanti o collegate al Titolare sia a societ\u00e0 terze con sede all\u2019interno dell\u2019Unione Europea, nominate responsabili del trattamento nonch\u00e9 a soggetti incaricati. In particolare, relativamente alle comunicazioni di natura commerciale, il Titolare potr\u00e0 avvalersi di supporti forniti da soggetti terzi, come la Piattaforma MailUp\u00ae.\r\nI dati personali non verranno diffusi.\r\n\r\n<strong>5) Cookie<\/strong>\r\n\r\nIl Sito fa uso di cookie.\r\nI cookie sono piccoli file di informazioni immessi durante la navigazione sul browser dell\u2019Utente, dove vengono memorizzati per essere poi ritrasmessi al nostro sito ogni volta che si effettua una connessione successiva.\r\nIl Titolare utilizza unicamente tipologie di\u00a0cookie tecnici e analitici. Non fa uso di invece di cookie di profilazione che hanno lo scopo di monitorare e profilare gli Utenti durante la navigazione, studiando le loro abitudini e preferenze di consultazione web, allo scopo di inviare messaggi pubblicitari personalizzati.\r\n<ul>\r\n \t<li>I cookie tecnici\u00a0sono necessari per il corretto funzionamento di alcune aree del Sito. Comprendono sia cookie persistenti che cookie di sessione. In assenza di tali cookie, il Sito o alcune porzioni di esso potrebbero non funzionare correttamente. I cookie di questa categoria vengono sempre inviati dal dominio del Titolare.<\/li>\r\n \t<li>I cookie analitici\u00a0vengono utilizzati per raccogliere informazioni sull\u2019utilizzo del Sito. Sono la base per analisi statistiche, per azioni di miglioramento e semplificazione delle funzionalit\u00e0, per il monitoraggio del corretto funzionamento. Questo tipo di cookie raccoglie informazioni in forma anonima sull\u2019attivit\u00e0 degli Utenti nel Sito e sul modo in cui sono arrivati al sito e alle pagine visitate. Il Titolare\u00a0si avvale del servizio Google Analytics della societ\u00e0 Google, Inc. per la generazione di statistiche sull\u2019utilizzo del sito; Google Analytics utilizza cookie che non memorizzano dati personali. Le informazioni ricavabili dai cookie sull\u2019utilizzo del sito web da parte degli Utenti (compresi gli indirizzi IP) verranno trasmesse a Google e depositate presso i server della societ\u00e0 stessa. Google fornisce al Titolare\u00a0i dati in forma aggregata e mai collegati alla identit\u00e0 degli Utenti, attraverso report e altri servizi informatici. Google non trasferisce queste informazioni a terzi a meno che non sia imposto dalla legge o nel caso in cui si tratti di soggetti che gestiscono questi dati per conto di Google. In ogni caso, Google dichiara nelle sue informative che non assocer\u00e0 gli indirizzi IP a nessun altro dato posseduto. Per consultare l\u2019informativa privacy della societ\u00e0 Google, relativa al servizio Google Analytics, puoi visitare il sito Internet http:\/\/www.google.com\/intl\/en\/analytics\/privacyoverview.html<\/li>\r\n \t<li>Il Sito contiene inoltre cookie di terze parti cio\u00e8 cookie provenienti da altri siti e contenuti in vari elementi ospitati nella pagine del Sito (icone di social network che consentono all\u2019Utente l\u2019interazione con esso, immagini, video). I cookie di questa categoria sono inviati dai domini dei siti che offrono le funzionalit\u00e0 presenti nel Sito, non sono quindi inseriti o letti dal Titolare. Le terze parti possono utilizzare i dati raccolti per propri scopi. Per ulteriori informazioni su questi cookie e la modalit\u00e0 di utilizzo da parte di ciascuna delle terze parti, l\u2019Utente puoi utilizzare i collegamenti riportati di seguito.\r\n<ul>\r\n \t<li>Facebook\u00a0https:\/\/www.facebook.com\/about\/privacy\/<\/li>\r\n \t<li>Twitter\u00a0https:\/\/twitter.com\/privacy<\/li>\r\n \t<li>Google+\u00a0http:\/\/www.google.com\/policies\/privacy\/<\/li>\r\n \t<li>Youtube\u00a0http:\/\/www.google.com\/policies\/privacy\/\u00a0(privacy di Google applicabile anche ai servizi di YouTube)<\/li>\r\n \t<li>Linkedin\u00a0https:\/\/www.linkedin.com\/legal\/privacy-policy?trk=hb_ft_priv<\/li>\r\n \t<li>Instagram\u00a0https:\/\/help.instagram.com\/155833707900388<\/li>\r\n<\/ul>\r\n<\/li>\r\n<\/ul>\r\n<strong>Come disabilitare i cookie:<\/strong>\r\n\r\nNon \u00e8 necessario richiedere espressamente da parte degli Utenti il consenso all\u2019utilizzo di cookie di tipo tecnico e analitico. Con lo stesso utilizzo consapevole del Sito, si acconsente al trattamento dei propri dati per le modalit\u00e0 e i fini indicati nell\u2019informativa.\r\nL\u2019Utente ha comunque la possibilit\u00e0 di negare il consenso all\u2019uso dei diversi cookie. La navigazione nel Sito potr\u00e0 continuare regolarmente, ma non essendo pi\u00f9 attive alcune funzionalit\u00e0 si potrebbero incontrare problemi nella consultazione o nella gestione di determinate procedure (ad es. commercio elettronico). Si disattiva l\u2019utilizzo delle diverse tipologie di cookie selezionando l\u2019impostazione appropriata presente sul proprio browser, che consenta di rifiutarli o di cancellarli alla fine di ogni sessione.\u00a0 Di seguito si riportano i link con le indicazioni su come disabilitare i cookie per i browser pi\u00f9 diffusi.\r\n<ul>\r\n \t<li>Internet Explorer: \u00a0http:\/\/windows.microsoft.com\/it-IT\/windows7\/Block-enable-or-allow-cookies<\/li>\r\n \t<li>GoogleChrome:\u00a0https:\/\/support.google.com\/chrome\/bin\/answer.py?hl=itIT&amp;answer=95647&amp;p=cpn_cookies<\/li>\r\n \t<li>MozillaFirefox:\u00a0http:\/\/support.mozilla.org\/it\/kb\/Bloccare%20i%20cookie?redirectlocale=en-US&amp;redirectslug=Blocking+cookies<\/li>\r\n \t<li>Apple Safari:\u00a0\u00a0http:\/\/support.apple.com\/it-it\/HT1677<\/li>\r\n<\/ul>\r\nE\u2019 possibile disabilitare specificatamente i soli cookie di Google Analytics, utilizzando\u00a0il componente aggiuntivo di opt-out\u00a0fornito gratuitamente da Google per i browser principali.\r\n\r\n<strong>6) Diritti dell\u2019interessato<\/strong>\r\n\r\nAi sensi della normativa applicabile, l\u2019Utente potr\u00e0 esercitare i propri diritti, incluso il diritto in qualunque momento di ottenere la conferma dell\u2019esistenza o meno dei suoi dati personali e la loro comunicazione in forma intelligibile; potr\u00e0 inoltre ottenere l\u2019indicazione dell\u2019origine dei suoi dati personali, delle finalit\u00e0 e modalit\u00e0 di trattamento, della logica applicata in caso di trattamento effettuato con l\u2019ausilio di strumenti elettronici, degli estremi identificativi del Titolare e dei soggetti a cui i suoi dati personali possono essere comunicati; potr\u00e0 inoltre richiedere l\u2019accesso, l\u2019aggiornamento, la rettifica, l\u2019integrazione dei suoi dati personali, la cancellazione, la limitazione del trattamento, la trasformazione in forma anonima o il blocco dei dati trattati in violazione di legge, compresi quelli di cui non \u00e8 necessaria la conservazione in relazione agli scopi per i quali i dati sono stati raccolti o successivamente trattati; avr\u00e0 il diritto di proporre reclamo all\u2019autorit\u00e0 di controllo, oltre il diritto alla portabilit\u00e0 dei dati. Il soggetto interessato potr\u00e0 revocare il consenso, ove prestato, in qualsiasi momento senza pregiudicare la liceit\u00e0 del trattamento prima della revoca. Avr\u00e0 infine il diritto di opporsi al trattamento dei dati personali che lo riguardano, contattando il Titolare all\u2019indirizzo indicato, ovvero scrivendo alla mail: info@millutensil.com.[\/vc_column_text][\/vc_column][\/vc_row]","protected":false},"excerpt":{"rendered":"[vc_row][vc_column][vc_column_text]La presente informativa descrive le modalit\u00e0 di raccolta ed utilizzo dei dati personali di coloro che interagiscono con il sito [&hellip;]","protected":false},"author":1,"featured_media":0,"parent":0,"menu_order":0,"comment_status":"closed","ping_status":"closed","template":"","meta":{"footnotes":""},"class_list":["post-88728","page","type-page","status-publish","hentry","page_category-millutensil-it"],"yoast_head":"<!-- This site is optimized with the Yoast SEO plugin v25.4 - https:\/\/yoast.com\/wordpress\/plugins\/seo\/ -->\n<title>Privacy policy, Politica dei Cookies - Millutensil<\/title>\n<meta name=\"robots\" content=\"index, follow, max-snippet:-1, max-image-preview:large, max-video-preview:-1\" \/>\n<link rel=\"canonical\" href=\"https:\/\/www.millutensil.com\/it\/privacy-policy\/\" \/>\n<meta property=\"og:locale\" content=\"it_IT\" \/>\n<meta property=\"og:type\" content=\"article\" \/>\n<meta property=\"og:title\" content=\"Privacy policy, Politica dei Cookies - Millutensil\" \/>\n<meta property=\"og:description\" content=\"[vc_row][vc_column][vc_column_text]La presente informativa descrive le modalit\u00e0 di raccolta ed utilizzo dei dati personali di coloro che interagiscono con il sito [&hellip;]\" \/>\n<meta property=\"og:url\" content=\"https:\/\/www.millutensil.com\/it\/privacy-policy\/\" \/>\n<meta property=\"og:site_name\" content=\"Millutensil\" \/>\n<meta property=\"article:modified_time\" content=\"2021-05-24T14:03:54+00:00\" \/>\n<meta name=\"twitter:card\" content=\"summary_large_image\" \/>\n<meta name=\"twitter:label1\" content=\"Tempo di lettura stimato\" \/>\n\t<meta name=\"twitter:data1\" content=\"7 minuti\" \/>\n<script type=\"application\/ld+json\" class=\"yoast-schema-graph\">{\"@context\":\"https:\/\/schema.org\",\"@graph\":[{\"@type\":\"WebPage\",\"@id\":\"https:\/\/www.millutensil.com\/it\/privacy-policy\/\",\"url\":\"https:\/\/www.millutensil.com\/it\/privacy-policy\/\",\"name\":\"Privacy policy, Politica dei Cookies - Millutensil\",\"isPartOf\":{\"@id\":\"https:\/\/www.millutensil.com\/it\/#website\"},\"datePublished\":\"2019-12-05T09:26:52+00:00\",\"dateModified\":\"2021-05-24T14:03:54+00:00\",\"breadcrumb\":{\"@id\":\"https:\/\/www.millutensil.com\/it\/privacy-policy\/#breadcrumb\"},\"inLanguage\":\"it-IT\",\"potentialAction\":[{\"@type\":\"ReadAction\",\"target\":[\"https:\/\/www.millutensil.com\/it\/privacy-policy\/\"]}]},{\"@type\":\"BreadcrumbList\",\"@id\":\"https:\/\/www.millutensil.com\/it\/privacy-policy\/#breadcrumb\",\"itemListElement\":[{\"@type\":\"ListItem\",\"position\":1,\"name\":\"Home\",\"item\":\"https:\/\/www.millutensil.com\/it\/\"},{\"@type\":\"ListItem\",\"position\":2,\"name\":\"Privacy Policy (it)\"}]},{\"@type\":\"WebSite\",\"@id\":\"https:\/\/www.millutensil.com\/it\/#website\",\"url\":\"https:\/\/www.millutensil.com\/it\/\",\"name\":\"Millutensil\",\"description\":\"Presse prova stampi\",\"potentialAction\":[{\"@type\":\"SearchAction\",\"target\":{\"@type\":\"EntryPoint\",\"urlTemplate\":\"https:\/\/www.millutensil.com\/it\/?s={search_term_string}\"},\"query-input\":{\"@type\":\"PropertyValueSpecification\",\"valueRequired\":true,\"valueName\":\"search_term_string\"}}],\"inLanguage\":\"it-IT\"}]}<\/script>\n<!-- \/ Yoast SEO plugin. -->","yoast_head_json":{"title":"Privacy policy, Politica dei Cookies - Millutensil","robots":{"index":"index","follow":"follow","max-snippet":"max-snippet:-1","max-image-preview":"max-image-preview:large","max-video-preview":"max-video-preview:-1"},"canonical":"https:\/\/www.millutensil.com\/it\/privacy-policy\/","og_locale":"it_IT","og_type":"article","og_title":"Privacy policy, Politica dei Cookies - Millutensil","og_description":"[vc_row][vc_column][vc_column_text]La presente informativa descrive le modalit\u00e0 di raccolta ed utilizzo dei dati personali di coloro che interagiscono con il sito [&hellip;]","og_url":"https:\/\/www.millutensil.com\/it\/privacy-policy\/","og_site_name":"Millutensil","article_modified_time":"2021-05-24T14:03:54+00:00","twitter_card":"summary_large_image","twitter_misc":{"Tempo di lettura stimato":"7 minuti"},"schema":{"@context":"https:\/\/schema.org","@graph":[{"@type":"WebPage","@id":"https:\/\/www.millutensil.com\/it\/privacy-policy\/","url":"https:\/\/www.millutensil.com\/it\/privacy-policy\/","name":"Privacy policy, Politica dei Cookies - Millutensil","isPartOf":{"@id":"https:\/\/www.millutensil.com\/it\/#website"},"datePublished":"2019-12-05T09:26:52+00:00","dateModified":"2021-05-24T14:03:54+00:00","breadcrumb":{"@id":"https:\/\/www.millutensil.com\/it\/privacy-policy\/#breadcrumb"},"inLanguage":"it-IT","potentialAction":[{"@type":"ReadAction","target":["https:\/\/www.millutensil.com\/it\/privacy-policy\/"]}]},{"@type":"BreadcrumbList","@id":"https:\/\/www.millutensil.com\/it\/privacy-policy\/#breadcrumb","itemListElement":[{"@type":"ListItem","position":1,"name":"Home","item":"https:\/\/www.millutensil.com\/it\/"},{"@type":"ListItem","position":2,"name":"Privacy Policy (it)"}]},{"@type":"WebSite","@id":"https:\/\/www.millutensil.com\/it\/#website","url":"https:\/\/www.millutensil.com\/it\/","name":"Millutensil","description":"Presse prova stampi","potentialAction":[{"@type":"SearchAction","target":{"@type":"EntryPoint","urlTemplate":"https:\/\/www.millutensil.com\/it\/?s={search_term_string}"},"query-input":{"@type":"PropertyValueSpecification","valueRequired":true,"valueName":"search_term_string"}}],"inLanguage":"it-IT"}]}},"_links":{"self":[{"href":"https:\/\/www.millutensil.com\/it\/wp-json\/wp\/v2\/pages\/88728","targetHints":{"allow":["GET"]}}],"collection":[{"href":"https:\/\/www.millutensil.com\/it\/wp-json\/wp\/v2\/pages"}],"about":[{"href":"https:\/\/www.millutensil.com\/it\/wp-json\/wp\/v2\/types\/page"}],"author":[{"embeddable":true,"href":"https:\/\/www.millutensil.com\/it\/wp-json\/wp\/v2\/users\/1"}],"replies":[{"embeddable":true,"href":"https:\/\/www.millutensil.com\/it\/wp-json\/wp\/v2\/comments?post=88728"}],"version-history":[{"count":1,"href":"https:\/\/www.millutensil.com\/it\/wp-json\/wp\/v2\/pages\/88728\/revisions"}],"predecessor-version":[{"id":90098,"href":"https:\/\/www.millutensil.com\/it\/wp-json\/wp\/v2\/pages\/88728\/revisions\/90098"}],"wp:attachment":[{"href":"https:\/\/www.millutensil.com\/it\/wp-json\/wp\/v2\/media?parent=88728"}],"curies":[{"name":"wp","href":"https:\/\/api.w.org\/{rel}","templated":true}]}}