{"id":91548,"date":"2025-07-17T11:16:24","date_gmt":"2025-07-17T09:16:24","guid":{"rendered":"https:\/\/www.millutensil.com\/?page_id=91548"},"modified":"2025-10-01T11:26:50","modified_gmt":"2025-10-01T09:26:50","slug":"elenco-cataloghi-millutensil-2","status":"publish","type":"page","link":"https:\/\/www.millutensil.com\/it\/elenco-cataloghi-millutensil-2\/","title":{"rendered":"Elenco cataloghi Millutensil"},"content":{"rendered":"[vc_row][vc_column width=&#8221;1\/1&#8243;][vc_column_text uncode_shortcode_id=&#8221;573739&#8243;]\r\n<h2 style=\"text-align: center;\">Normalizzati per stampi<\/h2>\r\n[\/vc_column_text][\/vc_column][\/vc_row][vc_row][vc_column width=&#8221;1\/4&#8243;][vc_column_text uncode_shortcode_id=&#8221;591489&#8243;]<div class=\"dflip-books\"><div class=\"_df_thumb \" id=\"df_91373\"  _slug=\"elementi-per-il-trasporto\" data-title=\"a-elementi-per-il-trasporto\" wpoptions=\"true\" thumb=\"https:\/\/www.millutensil.com\/wp-content\/uploads\/2025\/07\/Copertine_0004_Elementi-per-il-trasporto-RUD-1.jpg\" thumbtype=\"\" >A &#8211; ELEMENTI PER IL TRASPORTO<\/div><script class=\"df-shortcode-script\" nowprocket type=\"application\/javascript\">window.option_df_91373 = {\"outline\":[],\"autoEnableOutline\":\"false\",\"autoEnableThumbnail\":\"false\",\"overwritePDFOutline\":\"false\",\"direction\":\"1\",\"pageSize\":\"0\",\"source\":\"https:\\\/\\\/www.millutensil.com\\\/catalog\\\/flippdf\\\/A%20-%20Elemento%20per%20il%20trasporto%20RUD.pdf\",\"wpOptions\":\"true\"}; if(window.DFLIP && window.DFLIP.parseBooks){window.DFLIP.parseBooks();}<\/script><\/div>[\/vc_column_text][\/vc_column][vc_column width=&#8221;1\/4&#8243;][vc_column_text uncode_shortcode_id=&#8221;586378&#8243;]<div class=\"dflip-books\"><div class=\"_df_thumb \" id=\"df_91449\"  _slug=\"elementi-di-guida\" data-title=\"b-elementi-di-guida\" wpoptions=\"true\" thumb=\"https:\/\/www.millutensil.com\/wp-content\/uploads\/2025\/07\/Copertine_0000_Elementi-di-guida-1.jpg\" thumbtype=\"\" >B &#8211; ELEMENTI DI GUIDA<\/div><script class=\"df-shortcode-script\" nowprocket type=\"application\/javascript\">window.option_df_91449 = {\"outline\":[],\"autoEnableOutline\":\"false\",\"autoEnableThumbnail\":\"false\",\"overwritePDFOutline\":\"false\",\"direction\":\"1\",\"pageSize\":\"0\",\"source\":\"https:\\\/\\\/www.millutensil.com\\\/catalog\\\/flippdf\\\/B%20-%20Elementi%20di%20guida.pdf\",\"wpOptions\":\"true\"}; if(window.DFLIP && window.DFLIP.parseBooks){window.DFLIP.parseBooks();}<\/script><\/div>[\/vc_column_text][\/vc_column][vc_column width=&#8221;1\/4&#8243;][vc_column_text uncode_shortcode_id=&#8221;355672&#8243;]<div class=\"dflip-books\"><div class=\"_df_thumb \" id=\"df_91451\"  _slug=\"elelmenti-di-scorrimento-a-manutenzione-ridotta\" data-title=\"e-elementi-di-scorrimento-a-manutenzione-ridotta\" wpoptions=\"true\" thumb=\"https:\/\/www.millutensil.com\/wp-content\/uploads\/2025\/07\/Copertine_0005_Elementi-di-scorrimento-1.jpg\" thumbtype=\"\" >E &#8211; ELEMENTI DI SCORRIMENTO A MANUTENZIONE RIDOTTA<\/div><script class=\"df-shortcode-script\" nowprocket type=\"application\/javascript\">window.option_df_91451 = {\"outline\":[],\"autoEnableOutline\":\"false\",\"autoEnableThumbnail\":\"false\",\"overwritePDFOutline\":\"false\",\"direction\":\"1\",\"pageSize\":\"0\",\"source\":\"https:\\\/\\\/www.millutensil.com\\\/catalog\\\/flippdf\\\/E%20-%20Elementi%20di%20scorrimento%20a%20manutenzione%20ridotta.pdf\",\"wpOptions\":\"true\"}; if(window.DFLIP && window.DFLIP.parseBooks){window.DFLIP.parseBooks();}<\/script><\/div>[\/vc_column_text][\/vc_column][vc_column width=&#8221;1\/4&#8243;][vc_column_text uncode_shortcode_id=&#8221;150554&#8243;]<div class=\"dflip-books\"><\/div>[\/vc_column_text][\/vc_column][\/vc_row][vc_row][vc_column width=&#8221;1\/4&#8243;][vc_column_text uncode_shortcode_id=&#8221;139797&#8243;]<div class=\"dflip-books\"><\/div>[\/vc_column_text][\/vc_column][vc_column width=&#8221;1\/4&#8243;][vc_column_text uncode_shortcode_id=&#8221;868534&#8243;]<div class=\"dflip-books\"><\/div>[\/vc_column_text][\/vc_column][vc_column width=&#8221;1\/4&#8243;][vc_column_text uncode_shortcode_id=&#8221;481771&#8243;]<div class=\"dflip-books\"><\/div>[\/vc_column_text][\/vc_column][vc_column width=&#8221;1\/4&#8243;][vc_column_text uncode_shortcode_id=&#8221;112860&#8243;]<div class=\"dflip-books\"><div class=\"_df_thumb \" id=\"df_91700\"  _slug=\"nastri-trasportatori-elettromeccanici\" data-title=\"nastri-trasportatori-elettromeccanici\" wpoptions=\"true\" thumb=\"https:\/\/www.millutensil.com\/wp-content\/uploads\/2025\/10\/nastri-trasportatori-elettromeccanici.jpg\" thumbtype=\"\" >NASTRI TRASPORTATORI ELETTROMECCANICI<\/div><script class=\"df-shortcode-script\" nowprocket type=\"application\/javascript\">window.option_df_91700 = {\"outline\":[],\"autoEnableOutline\":\"false\",\"autoEnableThumbnail\":\"false\",\"overwritePDFOutline\":\"false\",\"direction\":\"1\",\"pageSize\":\"0\",\"source\":\"https:\\\/\\\/www.millutensil.com\\\/catalog\\\/flippdf\\\/Hb%20-%20NASTRI%20Elettromeccanici.pdf\",\"wpOptions\":\"true\"}; if(window.DFLIP && window.DFLIP.parseBooks){window.DFLIP.parseBooks();}<\/script><\/div>[\/vc_column_text][\/vc_column][\/vc_row][vc_row][vc_column width=&#8221;1\/4&#8243;][vc_column_text uncode_shortcode_id=&#8221;161738&#8243;]<div class=\"dflip-books\"><div class=\"_df_thumb \" id=\"df_91717\"  _slug=\"91717\" data-title=\"nastri-trasportatori-pneumatici\" wpoptions=\"true\" thumb=\"https:\/\/www.millutensil.com\/wp-content\/uploads\/2025\/10\/nastri-trasportatori-pneumatici.jpg\" thumbtype=\"\" >NASTRI TRASPORTATORI PNEUMATICI<\/div><script class=\"df-shortcode-script\" nowprocket type=\"application\/javascript\">window.option_df_91717 = {\"outline\":[],\"autoEnableOutline\":\"false\",\"autoEnableThumbnail\":\"false\",\"overwritePDFOutline\":\"false\",\"direction\":\"1\",\"pageSize\":\"0\",\"source\":\"https:\\\/\\\/www.millutensil.com\\\/catalog\\\/flippdf\\\/Hc%20-%20trasportatori%20pneumatici.pdf\",\"wpOptions\":\"true\"}; if(window.DFLIP && window.DFLIP.parseBooks){window.DFLIP.parseBooks();}<\/script><\/div>[\/vc_column_text][\/vc_column][vc_column width=&#8221;1\/4&#8243;][\/vc_column][vc_column width=&#8221;1\/4&#8243;][\/vc_column][vc_column width=&#8221;1\/4&#8243;][\/vc_column][\/vc_row][vc_row][vc_column width=&#8221;1\/1&#8243;][vc_separator sep_color=&#8221;&#8221; uncode_shortcode_id=&#8221;103318&#8243;][\/vc_column][\/vc_row][vc_row][vc_column width=&#8221;1\/1&#8243;][vc_column_text uncode_shortcode_id=&#8221;341520&#8243;]\r\n<h2 style=\"text-align: center;\">Molle a gas DADCO<\/h2>\r\n&nbsp;\r\n\r\nDistribuzione esclusiva DADCO per l\u2019Italia \u2013 molle a gas di altissima tecnologia, garantite dall\u2019esperienza Millutensil[\/vc_column_text][\/vc_column][\/vc_row][vc_row][vc_column width=&#8221;1\/4&#8243;][vc_column_text uncode_shortcode_id=&#8221;184964&#8243;]<div class=\"dflip-books\"><div class=\"_df_thumb \" id=\"df_91665\"  _slug=\"dadco-serie-u\" data-title=\"dadco-serie-u\" wpoptions=\"true\" thumb=\"https:\/\/www.millutensil.com\/wp-content\/uploads\/2025\/12\/serie-ultra-force.jpg\" thumbtype=\"\" >DADCO Serie U<\/div><script class=\"df-shortcode-script\" nowprocket type=\"application\/javascript\">window.option_df_91665 = {\"outline\":[],\"autoEnableOutline\":\"false\",\"autoEnableThumbnail\":\"false\",\"overwritePDFOutline\":\"false\",\"direction\":\"1\",\"pageSize\":\"0\",\"source\":\"https:\\\/\\\/www.millutensil.com\\\/catalogs\\\/DADCO%20serie%20U.pdf\",\"wpOptions\":\"true\"}; if(window.DFLIP && window.DFLIP.parseBooks){window.DFLIP.parseBooks();}<\/script><\/div>[\/vc_column_text][\/vc_column][vc_column width=&#8221;1\/4&#8243;][vc_column_text uncode_shortcode_id=&#8221;363387&#8243;]<div class=\"dflip-books\"><div class=\"_df_thumb \" id=\"df_91688\"  _slug=\"dadco-serie-micro\" data-title=\"dadco-serie-micro\" wpoptions=\"true\" thumb=\"https:\/\/www.millutensil.com\/wp-content\/uploads\/2025\/12\/Serie-Micro.jpg\" thumbtype=\"\" >DADCO Serie Micro<\/div><script class=\"df-shortcode-script\" nowprocket type=\"application\/javascript\">window.option_df_91688 = {\"outline\":[],\"autoEnableOutline\":\"false\",\"autoEnableThumbnail\":\"false\",\"overwritePDFOutline\":\"false\",\"direction\":\"1\",\"pageSize\":\"0\",\"source\":\"https:\\\/\\\/www.millutensil.com\\\/catalogs\\\/DADCO%20Serie%20Micro.pdf\",\"wpOptions\":\"true\"}; if(window.DFLIP && window.DFLIP.parseBooks){window.DFLIP.parseBooks();}<\/script><\/div>[\/vc_column_text][\/vc_column][vc_column width=&#8221;1\/4&#8243;][vc_column_text uncode_shortcode_id=&#8221;382182&#8243;]<div class=\"dflip-books\"><div class=\"_df_thumb \" id=\"df_91690\"  _slug=\"dadco-serie-9\" data-title=\"dadco-serie-standard\" wpoptions=\"true\" thumb=\"https:\/\/www.millutensil.com\/wp-content\/uploads\/2025\/12\/Serie-standard.jpg\" thumbtype=\"\" >DADCO Serie Standard<\/div><script class=\"df-shortcode-script\" nowprocket type=\"application\/javascript\">window.option_df_91690 = {\"outline\":[],\"autoEnableOutline\":\"false\",\"autoEnableThumbnail\":\"false\",\"overwritePDFOutline\":\"false\",\"direction\":\"1\",\"pageSize\":\"0\",\"source\":\"https:\\\/\\\/www.millutensil.com\\\/catalogs\\\/DADCO%20serie%209010-908.pdf\",\"wpOptions\":\"true\"}; if(window.DFLIP && window.DFLIP.parseBooks){window.DFLIP.parseBooks();}<\/script><\/div>[\/vc_column_text][\/vc_column][vc_column width=&#8221;1\/4&#8243;][\/vc_column][\/vc_row][vc_row][vc_column width=&#8221;1\/1&#8243;][vc_column_text uncode_shortcode_id=&#8221;784726&#8243;]\r\n<h2 style=\"text-align: center;\">Soluzioni per stampisti<\/h2>\r\n[\/vc_column_text][\/vc_column][\/vc_row][vc_row][vc_column width=&#8221;1\/4&#8243;][vc_column_text uncode_shortcode_id=&#8221;157755&#8243;]<div class=\"dflip-books\"><\/div>[\/vc_column_text][\/vc_column][vc_column width=&#8221;1\/4&#8243;][vc_column_text uncode_shortcode_id=&#8221;805681&#8243;]<div class=\"dflip-books\"><div class=\"_df_thumb \" id=\"df_91466\"  _slug=\"91466\" data-title=\"j-sistemi-per-la-movimentazione-degli-stampi\" wpoptions=\"true\" thumb=\"https:\/\/www.millutensil.com\/wp-content\/uploads\/2025\/07\/J-Sistemi-per-la-movimentazione-degli-stampi-Rud-1.jpg\" thumbtype=\"\" >J &#8211; SISTEMI PER LA MOVIMENTAZIONE DEGLI STAMPI<\/div><script class=\"df-shortcode-script\" nowprocket type=\"application\/javascript\">window.option_df_91466 = {\"outline\":[],\"autoEnableOutline\":\"false\",\"autoEnableThumbnail\":\"false\",\"overwritePDFOutline\":\"false\",\"direction\":\"1\",\"pageSize\":\"0\",\"source\":\"https:\\\/\\\/www.millutensil.com\\\/catalog\\\/flippdf\\\/L%20-%20Soluzioni%20per%20la%20movimentazione%20degli%20stampi%20RUD.pdf\",\"wpOptions\":\"true\"}; if(window.DFLIP && window.DFLIP.parseBooks){window.DFLIP.parseBooks();}<\/script><\/div>[\/vc_column_text][\/vc_column][vc_column width=&#8221;1\/4&#8243;][vc_column_text uncode_shortcode_id=&#8221;119230&#8243;]<div class=\"dflip-books\"><\/div>[\/vc_column_text][\/vc_column][vc_column width=&#8221;1\/4&#8243;][\/vc_column][\/vc_row][vc_row][vc_column width=&#8221;1\/1&#8243;][vc_separator sep_color=&#8221;&#8221; uncode_shortcode_id=&#8221;103318&#8243;][\/vc_column][\/vc_row][vc_row][vc_column width=&#8221;1\/1&#8243;][vc_column_text uncode_shortcode_id=&#8221;106434&#8243;]\r\n<h2 style=\"text-align: center;\">Prodotti da Millutensil<\/h2>\r\nProdotti progettati e realizzati direttamente da Millutensil, garantendo i pi\u00f9 elevati standard di qualit\u00e0 e affidabilit\u00e0.[\/vc_column_text][\/vc_column][\/vc_row][vc_row][vc_column width=&#8221;1\/4&#8243;][vc_column_text uncode_shortcode_id=&#8221;432303&#8243;]<div class=\"dflip-books\"><\/div>[\/vc_column_text][\/vc_column][vc_column width=&#8221;1\/4&#8243;][vc_column_text uncode_shortcode_id=&#8221;767891&#8243;]<div class=\"dflip-books\"><\/div>[\/vc_column_text][\/vc_column][vc_column width=&#8221;1\/4&#8243;][vc_column_text uncode_shortcode_id=&#8221;185736&#8243;]<div class=\"dflip-books\"><\/div>[\/vc_column_text][\/vc_column][vc_column width=&#8221;1\/4&#8243;][vc_column_text uncode_shortcode_id=&#8221;126213&#8243;]<div class=\"dflip-books\"><\/div>[\/vc_column_text][\/vc_column][\/vc_row][vc_row][vc_column width=&#8221;1\/1&#8243;][vc_separator sep_color=&#8221;&#8221; uncode_shortcode_id=&#8221;103318&#8243;][\/vc_column][\/vc_row]","protected":false},"excerpt":{"rendered":"[vc_row][vc_column width=&#8221;1\/1&#8243;][vc_column_text uncode_shortcode_id=&#8221;573739&#8243;] Normalizzati per stampi [\/vc_column_text][\/vc_column][\/vc_row][vc_row][vc_column width=&#8221;1\/4&#8243;][vc_column_text uncode_shortcode_id=&#8221;591489&#8243;][\/vc_column_text][\/vc_column][vc_column width=&#8221;1\/4&#8243;][vc_column_text uncode_shortcode_id=&#8221;586378&#8243;][\/vc_column_text][\/vc_column][vc_column width=&#8221;1\/4&#8243;][vc_column_text uncode_shortcode_id=&#8221;355672&#8243;][\/vc_column_text][\/vc_column][vc_column width=&#8221;1\/4&#8243;][vc_column_text uncode_shortcode_id=&#8221;150554&#8243;][\/vc_column_text][\/vc_column][\/vc_row][vc_row][vc_column width=&#8221;1\/4&#8243;][vc_column_text uncode_shortcode_id=&#8221;139797&#8243;][\/vc_column_text][\/vc_column][vc_column width=&#8221;1\/4&#8243;][vc_column_text uncode_shortcode_id=&#8221;868534&#8243;][\/vc_column_text][\/vc_column][vc_column width=&#8221;1\/4&#8243;][vc_column_text [&hellip;]","protected":false},"author":2,"featured_media":0,"parent":0,"menu_order":0,"comment_status":"closed","ping_status":"closed","template":"","meta":{"footnotes":""},"class_list":["post-91548","page","type-page","status-publish","hentry"],"yoast_head":"<!-- This site is optimized with the Yoast SEO plugin v25.4 - https:\/\/yoast.com\/wordpress\/plugins\/seo\/ -->\n<title>Elenco cataloghi Millutensil - Millutensil<\/title>\n<meta name=\"robots\" content=\"index, follow, max-snippet:-1, max-image-preview:large, max-video-preview:-1\" \/>\n<link rel=\"canonical\" href=\"https:\/\/www.millutensil.com\/it\/elenco-cataloghi-millutensil-2\/\" \/>\n<meta property=\"og:locale\" content=\"it_IT\" \/>\n<meta property=\"og:type\" content=\"article\" \/>\n<meta property=\"og:title\" content=\"Elenco cataloghi Millutensil - Millutensil\" \/>\n<meta property=\"og:description\" content=\"[vc_row][vc_column width=&#8221;1\/1&#8243;][vc_column_text uncode_shortcode_id=&#8221;573739&#8243;] Normalizzati per stampi [\/vc_column_text][\/vc_column][\/vc_row][vc_row][vc_column width=&#8221;1\/4&#8243;][vc_column_text uncode_shortcode_id=&#8221;591489&#8243;][\/vc_column_text][\/vc_column][vc_column width=&#8221;1\/4&#8243;][vc_column_text uncode_shortcode_id=&#8221;586378&#8243;][\/vc_column_text][\/vc_column][vc_column width=&#8221;1\/4&#8243;][vc_column_text uncode_shortcode_id=&#8221;355672&#8243;][\/vc_column_text][\/vc_column][vc_column width=&#8221;1\/4&#8243;][vc_column_text uncode_shortcode_id=&#8221;150554&#8243;][\/vc_column_text][\/vc_column][\/vc_row][vc_row][vc_column width=&#8221;1\/4&#8243;][vc_column_text uncode_shortcode_id=&#8221;139797&#8243;][\/vc_column_text][\/vc_column][vc_column width=&#8221;1\/4&#8243;][vc_column_text uncode_shortcode_id=&#8221;868534&#8243;][\/vc_column_text][\/vc_column][vc_column width=&#8221;1\/4&#8243;][vc_column_text [&hellip;]\" \/>\n<meta property=\"og:url\" content=\"https:\/\/www.millutensil.com\/it\/elenco-cataloghi-millutensil-2\/\" \/>\n<meta property=\"og:site_name\" content=\"Millutensil\" \/>\n<meta property=\"article:modified_time\" content=\"2025-10-01T09:26:50+00:00\" \/>\n<meta name=\"twitter:card\" content=\"summary_large_image\" \/>\n<meta name=\"twitter:label1\" content=\"Tempo di lettura stimato\" \/>\n\t<meta name=\"twitter:data1\" content=\"1 minuto\" \/>\n<script type=\"application\/ld+json\" class=\"yoast-schema-graph\">{\"@context\":\"https:\/\/schema.org\",\"@graph\":[{\"@type\":\"WebPage\",\"@id\":\"https:\/\/www.millutensil.com\/it\/elenco-cataloghi-millutensil-2\/\",\"url\":\"https:\/\/www.millutensil.com\/it\/elenco-cataloghi-millutensil-2\/\",\"name\":\"Elenco cataloghi Millutensil - Millutensil\",\"isPartOf\":{\"@id\":\"https:\/\/www.millutensil.com\/it\/#website\"},\"datePublished\":\"2025-07-17T09:16:24+00:00\",\"dateModified\":\"2025-10-01T09:26:50+00:00\",\"breadcrumb\":{\"@id\":\"https:\/\/www.millutensil.com\/it\/elenco-cataloghi-millutensil-2\/#breadcrumb\"},\"inLanguage\":\"it-IT\",\"potentialAction\":[{\"@type\":\"ReadAction\",\"target\":[\"https:\/\/www.millutensil.com\/it\/elenco-cataloghi-millutensil-2\/\"]}]},{\"@type\":\"BreadcrumbList\",\"@id\":\"https:\/\/www.millutensil.com\/it\/elenco-cataloghi-millutensil-2\/#breadcrumb\",\"itemListElement\":[{\"@type\":\"ListItem\",\"position\":1,\"name\":\"Home\",\"item\":\"https:\/\/www.millutensil.com\/it\/\"},{\"@type\":\"ListItem\",\"position\":2,\"name\":\"Elenco cataloghi Millutensil\"}]},{\"@type\":\"WebSite\",\"@id\":\"https:\/\/www.millutensil.com\/it\/#website\",\"url\":\"https:\/\/www.millutensil.com\/it\/\",\"name\":\"Millutensil\",\"description\":\"Presse prova stampi\",\"potentialAction\":[{\"@type\":\"SearchAction\",\"target\":{\"@type\":\"EntryPoint\",\"urlTemplate\":\"https:\/\/www.millutensil.com\/it\/?s={search_term_string}\"},\"query-input\":{\"@type\":\"PropertyValueSpecification\",\"valueRequired\":true,\"valueName\":\"search_term_string\"}}],\"inLanguage\":\"it-IT\"}]}<\/script>\n<!-- \/ Yoast SEO plugin. -->","yoast_head_json":{"title":"Elenco cataloghi Millutensil - Millutensil","robots":{"index":"index","follow":"follow","max-snippet":"max-snippet:-1","max-image-preview":"max-image-preview:large","max-video-preview":"max-video-preview:-1"},"canonical":"https:\/\/www.millutensil.com\/it\/elenco-cataloghi-millutensil-2\/","og_locale":"it_IT","og_type":"article","og_title":"Elenco cataloghi Millutensil - Millutensil","og_description":"[vc_row][vc_column width=&#8221;1\/1&#8243;][vc_column_text uncode_shortcode_id=&#8221;573739&#8243;] Normalizzati per stampi [\/vc_column_text][\/vc_column][\/vc_row][vc_row][vc_column width=&#8221;1\/4&#8243;][vc_column_text uncode_shortcode_id=&#8221;591489&#8243;][\/vc_column_text][\/vc_column][vc_column width=&#8221;1\/4&#8243;][vc_column_text uncode_shortcode_id=&#8221;586378&#8243;][\/vc_column_text][\/vc_column][vc_column width=&#8221;1\/4&#8243;][vc_column_text uncode_shortcode_id=&#8221;355672&#8243;][\/vc_column_text][\/vc_column][vc_column width=&#8221;1\/4&#8243;][vc_column_text uncode_shortcode_id=&#8221;150554&#8243;][\/vc_column_text][\/vc_column][\/vc_row][vc_row][vc_column width=&#8221;1\/4&#8243;][vc_column_text uncode_shortcode_id=&#8221;139797&#8243;][\/vc_column_text][\/vc_column][vc_column width=&#8221;1\/4&#8243;][vc_column_text uncode_shortcode_id=&#8221;868534&#8243;][\/vc_column_text][\/vc_column][vc_column width=&#8221;1\/4&#8243;][vc_column_text [&hellip;]","og_url":"https:\/\/www.millutensil.com\/it\/elenco-cataloghi-millutensil-2\/","og_site_name":"Millutensil","article_modified_time":"2025-10-01T09:26:50+00:00","twitter_card":"summary_large_image","twitter_misc":{"Tempo di lettura stimato":"1 minuto"},"schema":{"@context":"https:\/\/schema.org","@graph":[{"@type":"WebPage","@id":"https:\/\/www.millutensil.com\/it\/elenco-cataloghi-millutensil-2\/","url":"https:\/\/www.millutensil.com\/it\/elenco-cataloghi-millutensil-2\/","name":"Elenco cataloghi Millutensil - Millutensil","isPartOf":{"@id":"https:\/\/www.millutensil.com\/it\/#website"},"datePublished":"2025-07-17T09:16:24+00:00","dateModified":"2025-10-01T09:26:50+00:00","breadcrumb":{"@id":"https:\/\/www.millutensil.com\/it\/elenco-cataloghi-millutensil-2\/#breadcrumb"},"inLanguage":"it-IT","potentialAction":[{"@type":"ReadAction","target":["https:\/\/www.millutensil.com\/it\/elenco-cataloghi-millutensil-2\/"]}]},{"@type":"BreadcrumbList","@id":"https:\/\/www.millutensil.com\/it\/elenco-cataloghi-millutensil-2\/#breadcrumb","itemListElement":[{"@type":"ListItem","position":1,"name":"Home","item":"https:\/\/www.millutensil.com\/it\/"},{"@type":"ListItem","position":2,"name":"Elenco cataloghi Millutensil"}]},{"@type":"WebSite","@id":"https:\/\/www.millutensil.com\/it\/#website","url":"https:\/\/www.millutensil.com\/it\/","name":"Millutensil","description":"Presse prova stampi","potentialAction":[{"@type":"SearchAction","target":{"@type":"EntryPoint","urlTemplate":"https:\/\/www.millutensil.com\/it\/?s={search_term_string}"},"query-input":{"@type":"PropertyValueSpecification","valueRequired":true,"valueName":"search_term_string"}}],"inLanguage":"it-IT"}]}},"_links":{"self":[{"href":"https:\/\/www.millutensil.com\/it\/wp-json\/wp\/v2\/pages\/91548","targetHints":{"allow":["GET"]}}],"collection":[{"href":"https:\/\/www.millutensil.com\/it\/wp-json\/wp\/v2\/pages"}],"about":[{"href":"https:\/\/www.millutensil.com\/it\/wp-json\/wp\/v2\/types\/page"}],"author":[{"embeddable":true,"href":"https:\/\/www.millutensil.com\/it\/wp-json\/wp\/v2\/users\/2"}],"replies":[{"embeddable":true,"href":"https:\/\/www.millutensil.com\/it\/wp-json\/wp\/v2\/comments?post=91548"}],"version-history":[{"count":7,"href":"https:\/\/www.millutensil.com\/it\/wp-json\/wp\/v2\/pages\/91548\/revisions"}],"predecessor-version":[{"id":91771,"href":"https:\/\/www.millutensil.com\/it\/wp-json\/wp\/v2\/pages\/91548\/revisions\/91771"}],"wp:attachment":[{"href":"https:\/\/www.millutensil.com\/it\/wp-json\/wp\/v2\/media?parent=91548"}],"curies":[{"name":"wp","href":"https:\/\/api.w.org\/{rel}","templated":true}]}}