{"id":88258,"date":"2015-05-12T10:12:18","date_gmt":"2015-05-12T08:12:18","guid":{"rendered":"https:\/\/www.millutensil.com\/homepage-2\/"},"modified":"2025-08-31T19:30:15","modified_gmt":"2025-08-31T17:30:15","slug":"homepage-pt","status":"publish","type":"page","link":"https:\/\/www.millutensil.com\/pt-pt\/","title":{"rendered":"Homepage (pt)"},"content":{"rendered":"[vc_row unlock_row_content=&#8221;yes&#8221; row_height_percent=&#8221;50&#8243; override_padding=&#8221;yes&#8221; h_padding=&#8221;0&#8243; top_padding=&#8221;0&#8243; bottom_padding=&#8221;0&#8243; back_color=&#8221;accent&#8221; overlay_alpha=&#8221;0&#8243; equal_height=&#8221;yes&#8221; gutter_size=&#8221;3&#8243; column_width_percent=&#8221;100&#8243; shift_y=&#8221;0&#8243; z_index=&#8221;0&#8243; top_divider=&#8221;step_1_2&#8243;][vc_column column_width_use_pixel=&#8221;yes&#8221; position_vertical=&#8221;middle&#8221; gutter_size=&#8221;3&#8243; style=&#8221;dark&#8221; overlay_alpha=&#8221;10&#8243; shift_x=&#8221;0&#8243; shift_y=&#8221;0&#8243; shift_y_down=&#8221;0&#8243; z_index=&#8221;0&#8243; medium_width=&#8221;0&#8243; mobile_width=&#8221;0&#8243; width=&#8221;2\/3&#8243; column_width_pixel=&#8221;900&#8243;][vc_empty_space empty_h=&#8221;2&#8243;][vc_column_text css_animation=&#8221;bottom-t-top&#8221; animation_delay=&#8221;600&#8243; css=&#8221;.vc_custom_1756661410142{padding-right: 3% !important;padding-left: 3% !important;}&#8221; uncode_shortcode_id=&#8221;157891&#8243;]\r\n<h1>Millutensil<\/h1>\r\nA <em>Millutensil<\/em> \u00e9 l\u00edder mundial na produ\u00e7\u00e3o de prensas para ajuste de moldes ou matrizes e equipamentos para o processamento de chapa met\u00e1lica.\r\n\r\nA <em>Millutensil<\/em> trabalha com os mais importantes nomes dos diferentes sectores, sempre em busca da excel\u00eancia e tecnologia avan\u00e7ada por meio de solu\u00e7\u00f5es inovadoras e revolucion\u00e1rias.\r\n\r\nA <em><strong>Blue Line<\/strong><\/em> oferece uma vasta gama de prensas e separadores para ajuste de moldes e matrizes de elevada precis\u00e3o para facilitar opera\u00e7\u00f5es de ajuste, verifica\u00e7\u00e3o e manuten\u00e7\u00e3o em seguran\u00e7a.\r\n\r\nA <em><strong>Green Line<\/strong><\/em> fornece m\u00e1quinas de topo de gama para o processamento de chapa de metal, que garante um processo de produ\u00e7\u00e3o eficiente. Particularmente focada na automa\u00e7\u00e3o.\r\n\r\nA <em><strong>Yellow Line<\/strong><\/em> fornece correias transportadoras para v\u00e1rios sectores industriais \u00e0 medida que automatizam as suas linhas de produ\u00e7\u00e3o.\r\n\r\nPor fim, a <em><strong>Trade Line<\/strong><\/em> \u00e9 uma linha de produtos reservada apenas para It\u00e1lia dedicada \u00e0 distribui\u00e7\u00e3o exclusiva de componentes standard para moldes e matrizes da marca FIBRO.\r\n\r\n<em>Millutensil <\/em>\u00e9 uma empresa din\u00e2mica que desenvolve solu\u00e7\u00f5es inovadoras e avan\u00e7adas. O nosso principal objetivo n\u00e3o \u00e9 apenas ser fornecedor, mas ser parceiros reais dos nossos clientes, fornecendo sempre uma assist\u00eancia v\u00e1lida e fi\u00e1vel.[\/vc_column_text][vc_empty_space empty_h=&#8221;4&#8243;][\/vc_column][vc_column column_width_percent=&#8221;100&#8243; position_vertical=&#8221;middle&#8221; align_horizontal=&#8221;align_center&#8221; gutter_size=&#8221;3&#8243; override_padding=&#8221;yes&#8221; column_padding=&#8221;2&#8243; style=&#8221;light&#8221; back_color=&#8221;color-xsdn&#8221; overlay_alpha=&#8221;0&#8243; shift_x=&#8221;0&#8243; shift_y=&#8221;0&#8243; shift_y_down=&#8221;0&#8243; z_index=&#8221;0&#8243; medium_width=&#8221;0&#8243; mobile_width=&#8221;0&#8243; width=&#8221;1\/3&#8243;][vc_column_text uncode_shortcode_id=&#8221;328769&#8243;]\r\n<h2>Visite-nos nas pr\u00f3ximas exposi\u00e7\u00f5es<\/h2>\r\n[\/vc_column_text][uncode_block id=&#8221;90854&#8243; inside_column=&#8221;yes&#8221;][\/vc_column][\/vc_row][vc_row][vc_column width=&#8221;1\/1&#8243;][uncode_block id=&#8221;88265&#8243;][\/vc_column][\/vc_row][vc_row unlock_row_content=&#8221;yes&#8221; row_height_percent=&#8221;0&#8243; override_padding=&#8221;yes&#8221; h_padding=&#8221;0&#8243; top_padding=&#8221;0&#8243; bottom_padding=&#8221;0&#8243; overlay_alpha=&#8221;100&#8243; gutter_size=&#8221;0&#8243; style=&#8221;inherited&#8221;][\/vc_row][vc_row unlock_row_content=&#8221;yes&#8221; row_height_percent=&#8221;0&#8243; override_padding=&#8221;yes&#8221; h_padding=&#8221;0&#8243; top_padding=&#8221;0&#8243; bottom_padding=&#8221;0&#8243; overlay_alpha=&#8221;50&#8243; equal_height=&#8221;yes&#8221; gutter_size=&#8221;0&#8243; shift_y=&#8221;0&#8243;][\/vc_row][vc_row unlock_row_content=&#8221;yes&#8221; row_height_percent=&#8221;0&#8243; override_padding=&#8221;yes&#8221; h_padding=&#8221;0&#8243; top_padding=&#8221;0&#8243; bottom_padding=&#8221;0&#8243; overlay_alpha=&#8221;100&#8243; gutter_size=&#8221;0&#8243; style=&#8221;inherited&#8221;][\/vc_row][vc_row unlock_row_content=&#8221;yes&#8221; row_height_percent=&#8221;0&#8243; override_padding=&#8221;yes&#8221; h_padding=&#8221;0&#8243; top_padding=&#8221;0&#8243; bottom_padding=&#8221;0&#8243; overlay_alpha=&#8221;50&#8243; equal_height=&#8221;yes&#8221; gutter_size=&#8221;0&#8243; shift_y=&#8221;0&#8243;][\/vc_row][vc_row unlock_row_content=&#8221;yes&#8221; row_height_percent=&#8221;0&#8243; override_padding=&#8221;yes&#8221; h_padding=&#8221;0&#8243; top_padding=&#8221;0&#8243; bottom_padding=&#8221;0&#8243; overlay_alpha=&#8221;100&#8243; gutter_size=&#8221;0&#8243; style=&#8221;inherited&#8221;][\/vc_row][vc_row unlock_row_content=&#8221;yes&#8221; row_height_percent=&#8221;0&#8243; override_padding=&#8221;yes&#8221; h_padding=&#8221;0&#8243; top_padding=&#8221;0&#8243; bottom_padding=&#8221;0&#8243; overlay_alpha=&#8221;50&#8243; equal_height=&#8221;yes&#8221; gutter_size=&#8221;0&#8243; shift_y=&#8221;0&#8243;][\/vc_row][vc_row unlock_row_content=&#8221;yes&#8221; row_height_percent=&#8221;0&#8243; override_padding=&#8221;yes&#8221; h_padding=&#8221;0&#8243; top_padding=&#8221;0&#8243; bottom_padding=&#8221;0&#8243; overlay_alpha=&#8221;100&#8243; gutter_size=&#8221;0&#8243; style=&#8221;inherited&#8221;][\/vc_row][vc_row unlock_row_content=&#8221;yes&#8221; row_height_percent=&#8221;0&#8243; override_padding=&#8221;yes&#8221; h_padding=&#8221;0&#8243; top_padding=&#8221;0&#8243; bottom_padding=&#8221;0&#8243; overlay_alpha=&#8221;50&#8243; equal_height=&#8221;yes&#8221; gutter_size=&#8221;0&#8243; shift_y=&#8221;0&#8243;][\/vc_row][vc_row unlock_row_content=&#8221;yes&#8221; row_height_percent=&#8221;0&#8243; override_padding=&#8221;yes&#8221; h_padding=&#8221;0&#8243; top_padding=&#8221;0&#8243; bottom_padding=&#8221;0&#8243; overlay_alpha=&#8221;100&#8243; gutter_size=&#8221;0&#8243; style=&#8221;inherited&#8221;][\/vc_row][vc_row unlock_row_content=&#8221;yes&#8221; row_height_percent=&#8221;0&#8243; override_padding=&#8221;yes&#8221; h_padding=&#8221;0&#8243; top_padding=&#8221;0&#8243; bottom_padding=&#8221;0&#8243; overlay_alpha=&#8221;50&#8243; equal_height=&#8221;yes&#8221; gutter_size=&#8221;0&#8243; shift_y=&#8221;0&#8243;][\/vc_row][vc_row unlock_row_content=&#8221;yes&#8221; row_height_percent=&#8221;0&#8243; override_padding=&#8221;yes&#8221; h_padding=&#8221;0&#8243; top_padding=&#8221;0&#8243; bottom_padding=&#8221;0&#8243; overlay_alpha=&#8221;100&#8243; gutter_size=&#8221;0&#8243; style=&#8221;inherited&#8221;][\/vc_row][vc_row unlock_row_content=&#8221;yes&#8221; row_height_percent=&#8221;0&#8243; override_padding=&#8221;yes&#8221; h_padding=&#8221;0&#8243; top_padding=&#8221;0&#8243; bottom_padding=&#8221;0&#8243; overlay_alpha=&#8221;50&#8243; equal_height=&#8221;yes&#8221; gutter_size=&#8221;0&#8243; shift_y=&#8221;0&#8243;][\/vc_row][vc_row unlock_row_content=&#8221;yes&#8221; row_height_percent=&#8221;0&#8243; override_padding=&#8221;yes&#8221; h_padding=&#8221;0&#8243; top_padding=&#8221;0&#8243; bottom_padding=&#8221;0&#8243; overlay_alpha=&#8221;100&#8243; gutter_size=&#8221;0&#8243; style=&#8221;inherited&#8221;][\/vc_row][vc_row unlock_row_content=&#8221;yes&#8221; row_height_percent=&#8221;0&#8243; override_padding=&#8221;yes&#8221; h_padding=&#8221;0&#8243; top_padding=&#8221;0&#8243; bottom_padding=&#8221;0&#8243; overlay_alpha=&#8221;50&#8243; equal_height=&#8221;yes&#8221; gutter_size=&#8221;0&#8243; shift_y=&#8221;0&#8243;][\/vc_row][vc_row unlock_row_content=&#8221;yes&#8221; row_height_percent=&#8221;0&#8243; override_padding=&#8221;yes&#8221; h_padding=&#8221;0&#8243; top_padding=&#8221;0&#8243; bottom_padding=&#8221;0&#8243; overlay_alpha=&#8221;100&#8243; gutter_size=&#8221;0&#8243; style=&#8221;inherited&#8221;][\/vc_row][vc_row unlock_row_content=&#8221;yes&#8221; row_height_percent=&#8221;0&#8243; override_padding=&#8221;yes&#8221; h_padding=&#8221;0&#8243; top_padding=&#8221;0&#8243; bottom_padding=&#8221;0&#8243; overlay_alpha=&#8221;50&#8243; equal_height=&#8221;yes&#8221; gutter_size=&#8221;0&#8243; shift_y=&#8221;0&#8243;][\/vc_row][vc_row unlock_row_content=&#8221;yes&#8221; row_height_percent=&#8221;0&#8243; override_padding=&#8221;yes&#8221; h_padding=&#8221;0&#8243; top_padding=&#8221;0&#8243; bottom_padding=&#8221;0&#8243; overlay_alpha=&#8221;100&#8243; gutter_size=&#8221;0&#8243; style=&#8221;inherited&#8221;][\/vc_row][vc_row unlock_row_content=&#8221;yes&#8221; row_height_percent=&#8221;0&#8243; override_padding=&#8221;yes&#8221; h_padding=&#8221;0&#8243; top_padding=&#8221;0&#8243; bottom_padding=&#8221;0&#8243; overlay_alpha=&#8221;50&#8243; equal_height=&#8221;yes&#8221; gutter_size=&#8221;0&#8243; shift_y=&#8221;0&#8243;][\/vc_row]","protected":false},"excerpt":{"rendered":"[vc_row unlock_row_content=&#8221;yes&#8221; row_height_percent=&#8221;50&#8243; override_padding=&#8221;yes&#8221; h_padding=&#8221;0&#8243; top_padding=&#8221;0&#8243; bottom_padding=&#8221;0&#8243; back_color=&#8221;accent&#8221; overlay_alpha=&#8221;0&#8243; equal_height=&#8221;yes&#8221; gutter_size=&#8221;3&#8243; column_width_percent=&#8221;100&#8243; shift_y=&#8221;0&#8243; z_index=&#8221;0&#8243; top_divider=&#8221;step_1_2&#8243;][vc_column column_width_use_pixel=&#8221;yes&#8221; position_vertical=&#8221;middle&#8221; gutter_size=&#8221;3&#8243; style=&#8221;dark&#8221; overlay_alpha=&#8221;10&#8243; [&hellip;]","protected":false},"author":1,"featured_media":0,"parent":0,"menu_order":0,"comment_status":"closed","ping_status":"closed","template":"","meta":{"footnotes":""},"class_list":["post-88258","page","type-page","status-publish","hentry","page_category-millutensil-pt"],"yoast_head":"<!-- This site is optimized with the Yoast SEO plugin v25.4 - https:\/\/yoast.com\/wordpress\/plugins\/seo\/ -->\n<title>Prensas de ajuste de moldes e matrizes e m\u00e1quinas para metal<\/title>\n<meta name=\"description\" content=\"Millutensil l\u00edder mundial em matrizes e prensas de ajuste de moldes e matrizes e m\u00e1quinas para o processamento de chapas de metal.\" \/>\n<meta name=\"robots\" content=\"index, follow, max-snippet:-1, max-image-preview:large, max-video-preview:-1\" \/>\n<link rel=\"canonical\" href=\"https:\/\/www.millutensil.com\/pt-pt\/\" \/>\n<meta property=\"og:locale\" content=\"pt_PT\" \/>\n<meta property=\"og:type\" content=\"article\" \/>\n<meta property=\"og:title\" content=\"Prensas de ajuste de moldes e matrizes e m\u00e1quinas para metal\" \/>\n<meta property=\"og:description\" content=\"Millutensil l\u00edder mundial em matrizes e prensas de ajuste de moldes e matrizes e m\u00e1quinas para o processamento de chapas de metal.\" \/>\n<meta property=\"og:url\" content=\"https:\/\/www.millutensil.com\/pt-pt\/\" \/>\n<meta property=\"og:site_name\" content=\"Millutensil\" \/>\n<meta property=\"article:modified_time\" content=\"2025-08-31T17:30:15+00:00\" \/>\n<meta name=\"twitter:card\" content=\"summary_large_image\" \/>\n<meta name=\"twitter:label1\" content=\"Tempo estimado de leitura\" \/>\n\t<meta name=\"twitter:data1\" content=\"2 minutos\" \/>\n<script type=\"application\/ld+json\" class=\"yoast-schema-graph\">{\"@context\":\"https:\/\/schema.org\",\"@graph\":[{\"@type\":\"WebPage\",\"@id\":\"https:\/\/www.millutensil.com\/pt-pt\/\",\"url\":\"https:\/\/www.millutensil.com\/pt-pt\/\",\"name\":\"Prensas de ajuste de moldes e matrizes e m\u00e1quinas para metal\",\"isPartOf\":{\"@id\":\"https:\/\/www.millutensil.com\/it\/#website\"},\"datePublished\":\"2015-05-12T08:12:18+00:00\",\"dateModified\":\"2025-08-31T17:30:15+00:00\",\"description\":\"Millutensil l\u00edder mundial em matrizes e prensas de ajuste de moldes e matrizes e m\u00e1quinas para o processamento de chapas de metal.\",\"breadcrumb\":{\"@id\":\"https:\/\/www.millutensil.com\/pt-pt\/#breadcrumb\"},\"inLanguage\":\"pt-PT\",\"potentialAction\":[{\"@type\":\"ReadAction\",\"target\":[\"https:\/\/www.millutensil.com\/pt-pt\/\"]}]},{\"@type\":\"BreadcrumbList\",\"@id\":\"https:\/\/www.millutensil.com\/pt-pt\/#breadcrumb\",\"itemListElement\":[{\"@type\":\"ListItem\",\"position\":1,\"name\":\"Home\",\"item\":\"https:\/\/www.millutensil.com\/pt-pt\/\"},{\"@type\":\"ListItem\",\"position\":2,\"name\":\"Homepage (pt)\"}]},{\"@type\":\"WebSite\",\"@id\":\"https:\/\/www.millutensil.com\/it\/#website\",\"url\":\"https:\/\/www.millutensil.com\/it\/\",\"name\":\"Millutensil\",\"description\":\"Presse prova stampi\",\"potentialAction\":[{\"@type\":\"SearchAction\",\"target\":{\"@type\":\"EntryPoint\",\"urlTemplate\":\"https:\/\/www.millutensil.com\/it\/?s={search_term_string}\"},\"query-input\":{\"@type\":\"PropertyValueSpecification\",\"valueRequired\":true,\"valueName\":\"search_term_string\"}}],\"inLanguage\":\"pt-PT\"}]}<\/script>\n<!-- \/ Yoast SEO plugin. -->","yoast_head_json":{"title":"Prensas de ajuste de moldes e matrizes e m\u00e1quinas para metal","description":"Millutensil l\u00edder mundial em matrizes e prensas de ajuste de moldes e matrizes e m\u00e1quinas para o processamento de chapas de metal.","robots":{"index":"index","follow":"follow","max-snippet":"max-snippet:-1","max-image-preview":"max-image-preview:large","max-video-preview":"max-video-preview:-1"},"canonical":"https:\/\/www.millutensil.com\/pt-pt\/","og_locale":"pt_PT","og_type":"article","og_title":"Prensas de ajuste de moldes e matrizes e m\u00e1quinas para metal","og_description":"Millutensil l\u00edder mundial em matrizes e prensas de ajuste de moldes e matrizes e m\u00e1quinas para o processamento de chapas de metal.","og_url":"https:\/\/www.millutensil.com\/pt-pt\/","og_site_name":"Millutensil","article_modified_time":"2025-08-31T17:30:15+00:00","twitter_card":"summary_large_image","twitter_misc":{"Tempo estimado de leitura":"2 minutos"},"schema":{"@context":"https:\/\/schema.org","@graph":[{"@type":"WebPage","@id":"https:\/\/www.millutensil.com\/pt-pt\/","url":"https:\/\/www.millutensil.com\/pt-pt\/","name":"Prensas de ajuste de moldes e matrizes e m\u00e1quinas para metal","isPartOf":{"@id":"https:\/\/www.millutensil.com\/it\/#website"},"datePublished":"2015-05-12T08:12:18+00:00","dateModified":"2025-08-31T17:30:15+00:00","description":"Millutensil l\u00edder mundial em matrizes e prensas de ajuste de moldes e matrizes e m\u00e1quinas para o processamento de chapas de metal.","breadcrumb":{"@id":"https:\/\/www.millutensil.com\/pt-pt\/#breadcrumb"},"inLanguage":"pt-PT","potentialAction":[{"@type":"ReadAction","target":["https:\/\/www.millutensil.com\/pt-pt\/"]}]},{"@type":"BreadcrumbList","@id":"https:\/\/www.millutensil.com\/pt-pt\/#breadcrumb","itemListElement":[{"@type":"ListItem","position":1,"name":"Home","item":"https:\/\/www.millutensil.com\/pt-pt\/"},{"@type":"ListItem","position":2,"name":"Homepage (pt)"}]},{"@type":"WebSite","@id":"https:\/\/www.millutensil.com\/it\/#website","url":"https:\/\/www.millutensil.com\/it\/","name":"Millutensil","description":"Presse prova stampi","potentialAction":[{"@type":"SearchAction","target":{"@type":"EntryPoint","urlTemplate":"https:\/\/www.millutensil.com\/it\/?s={search_term_string}"},"query-input":{"@type":"PropertyValueSpecification","valueRequired":true,"valueName":"search_term_string"}}],"inLanguage":"pt-PT"}]}},"_links":{"self":[{"href":"https:\/\/www.millutensil.com\/pt-pt\/wp-json\/wp\/v2\/pages\/88258","targetHints":{"allow":["GET"]}}],"collection":[{"href":"https:\/\/www.millutensil.com\/pt-pt\/wp-json\/wp\/v2\/pages"}],"about":[{"href":"https:\/\/www.millutensil.com\/pt-pt\/wp-json\/wp\/v2\/types\/page"}],"author":[{"embeddable":true,"href":"https:\/\/www.millutensil.com\/pt-pt\/wp-json\/wp\/v2\/users\/1"}],"replies":[{"embeddable":true,"href":"https:\/\/www.millutensil.com\/pt-pt\/wp-json\/wp\/v2\/comments?post=88258"}],"version-history":[{"count":7,"href":"https:\/\/www.millutensil.com\/pt-pt\/wp-json\/wp\/v2\/pages\/88258\/revisions"}],"predecessor-version":[{"id":91568,"href":"https:\/\/www.millutensil.com\/pt-pt\/wp-json\/wp\/v2\/pages\/88258\/revisions\/91568"}],"wp:attachment":[{"href":"https:\/\/www.millutensil.com\/pt-pt\/wp-json\/wp\/v2\/media?parent=88258"}],"curies":[{"name":"wp","href":"https:\/\/api.w.org\/{rel}","templated":true}]}}