{"id":88316,"date":"2020-01-08T16:39:51","date_gmt":"2020-01-08T15:39:51","guid":{"rendered":"https:\/\/www.millutensil.com\/products\/"},"modified":"2021-05-24T16:45:43","modified_gmt":"2021-05-24T14:45:43","slug":"productos","status":"publish","type":"page","link":"https:\/\/www.millutensil.com\/pt-pt\/productos\/","title":{"rendered":"Productos (pt)"},"content":{"rendered":"[vc_row][vc_column width=&#8221;1\/1&#8243;][uncode_block id=&#8221;88265&#8243;][\/vc_column][\/vc_row]","protected":false},"excerpt":{"rendered":"[vc_row][vc_column width=&#8221;1\/1&#8243;][uncode_block id=&#8221;88265&#8243;][\/vc_column][\/vc_row]","protected":false},"author":1,"featured_media":0,"parent":0,"menu_order":0,"comment_status":"closed","ping_status":"closed","template":"","meta":{"footnotes":""},"class_list":["post-88316","page","type-page","status-publish","hentry","page_category-millutensil-pt"],"yoast_head":"<!-- This site is optimized with the Yoast SEO plugin v25.4 - https:\/\/yoast.com\/wordpress\/plugins\/seo\/ -->\n<title>Categorias de Produto da Millutensil Gama de produtos<\/title>\n<meta name=\"description\" content=\"Produtos Millutensil. Uma empresa din\u00e2mica que desenvolve solu\u00e7\u00f5es inovadoras e l\u00edderes para impressoras de prensas para moldes e matrizes.\" \/>\n<meta name=\"robots\" content=\"index, follow, max-snippet:-1, max-image-preview:large, max-video-preview:-1\" \/>\n<link rel=\"canonical\" href=\"https:\/\/www.millutensil.com\/pt-pt\/productos\/\" \/>\n<meta property=\"og:locale\" content=\"pt_PT\" \/>\n<meta property=\"og:type\" content=\"article\" \/>\n<meta property=\"og:title\" content=\"Categorias de Produto da Millutensil Gama de produtos\" \/>\n<meta property=\"og:description\" content=\"Produtos Millutensil. Uma empresa din\u00e2mica que desenvolve solu\u00e7\u00f5es inovadoras e l\u00edderes para impressoras de prensas para moldes e matrizes.\" \/>\n<meta property=\"og:url\" content=\"https:\/\/www.millutensil.com\/pt-pt\/productos\/\" \/>\n<meta property=\"og:site_name\" content=\"Millutensil\" \/>\n<meta property=\"article:modified_time\" content=\"2021-05-24T14:45:43+00:00\" \/>\n<meta name=\"twitter:card\" content=\"summary_large_image\" \/>\n<meta name=\"twitter:label1\" content=\"Tempo estimado de leitura\" \/>\n\t<meta name=\"twitter:data1\" content=\"1 minuto\" \/>\n<script type=\"application\/ld+json\" class=\"yoast-schema-graph\">{\"@context\":\"https:\/\/schema.org\",\"@graph\":[{\"@type\":\"WebPage\",\"@id\":\"https:\/\/www.millutensil.com\/pt-pt\/productos\/\",\"url\":\"https:\/\/www.millutensil.com\/pt-pt\/productos\/\",\"name\":\"Categorias de Produto da Millutensil Gama de produtos\",\"isPartOf\":{\"@id\":\"https:\/\/www.millutensil.com\/it\/#website\"},\"datePublished\":\"2020-01-08T15:39:51+00:00\",\"dateModified\":\"2021-05-24T14:45:43+00:00\",\"description\":\"Produtos Millutensil. Uma empresa din\u00e2mica que desenvolve solu\u00e7\u00f5es inovadoras e l\u00edderes para impressoras de prensas para moldes e matrizes.\",\"breadcrumb\":{\"@id\":\"https:\/\/www.millutensil.com\/pt-pt\/productos\/#breadcrumb\"},\"inLanguage\":\"pt-PT\",\"potentialAction\":[{\"@type\":\"ReadAction\",\"target\":[\"https:\/\/www.millutensil.com\/pt-pt\/productos\/\"]}]},{\"@type\":\"BreadcrumbList\",\"@id\":\"https:\/\/www.millutensil.com\/pt-pt\/productos\/#breadcrumb\",\"itemListElement\":[{\"@type\":\"ListItem\",\"position\":1,\"name\":\"Home\",\"item\":\"https:\/\/www.millutensil.com\/pt-pt\/\"},{\"@type\":\"ListItem\",\"position\":2,\"name\":\"Productos (pt)\"}]},{\"@type\":\"WebSite\",\"@id\":\"https:\/\/www.millutensil.com\/it\/#website\",\"url\":\"https:\/\/www.millutensil.com\/it\/\",\"name\":\"Millutensil\",\"description\":\"Presse prova stampi\",\"potentialAction\":[{\"@type\":\"SearchAction\",\"target\":{\"@type\":\"EntryPoint\",\"urlTemplate\":\"https:\/\/www.millutensil.com\/it\/?s={search_term_string}\"},\"query-input\":{\"@type\":\"PropertyValueSpecification\",\"valueRequired\":true,\"valueName\":\"search_term_string\"}}],\"inLanguage\":\"pt-PT\"}]}<\/script>\n<!-- \/ Yoast SEO plugin. -->","yoast_head_json":{"title":"Categorias de Produto da Millutensil Gama de produtos","description":"Produtos Millutensil. Uma empresa din\u00e2mica que desenvolve solu\u00e7\u00f5es inovadoras e l\u00edderes para impressoras de prensas para moldes e matrizes.","robots":{"index":"index","follow":"follow","max-snippet":"max-snippet:-1","max-image-preview":"max-image-preview:large","max-video-preview":"max-video-preview:-1"},"canonical":"https:\/\/www.millutensil.com\/pt-pt\/productos\/","og_locale":"pt_PT","og_type":"article","og_title":"Categorias de Produto da Millutensil Gama de produtos","og_description":"Produtos Millutensil. Uma empresa din\u00e2mica que desenvolve solu\u00e7\u00f5es inovadoras e l\u00edderes para impressoras de prensas para moldes e matrizes.","og_url":"https:\/\/www.millutensil.com\/pt-pt\/productos\/","og_site_name":"Millutensil","article_modified_time":"2021-05-24T14:45:43+00:00","twitter_card":"summary_large_image","twitter_misc":{"Tempo estimado de leitura":"1 minuto"},"schema":{"@context":"https:\/\/schema.org","@graph":[{"@type":"WebPage","@id":"https:\/\/www.millutensil.com\/pt-pt\/productos\/","url":"https:\/\/www.millutensil.com\/pt-pt\/productos\/","name":"Categorias de Produto da Millutensil Gama de produtos","isPartOf":{"@id":"https:\/\/www.millutensil.com\/it\/#website"},"datePublished":"2020-01-08T15:39:51+00:00","dateModified":"2021-05-24T14:45:43+00:00","description":"Produtos Millutensil. Uma empresa din\u00e2mica que desenvolve solu\u00e7\u00f5es inovadoras e l\u00edderes para impressoras de prensas para moldes e matrizes.","breadcrumb":{"@id":"https:\/\/www.millutensil.com\/pt-pt\/productos\/#breadcrumb"},"inLanguage":"pt-PT","potentialAction":[{"@type":"ReadAction","target":["https:\/\/www.millutensil.com\/pt-pt\/productos\/"]}]},{"@type":"BreadcrumbList","@id":"https:\/\/www.millutensil.com\/pt-pt\/productos\/#breadcrumb","itemListElement":[{"@type":"ListItem","position":1,"name":"Home","item":"https:\/\/www.millutensil.com\/pt-pt\/"},{"@type":"ListItem","position":2,"name":"Productos (pt)"}]},{"@type":"WebSite","@id":"https:\/\/www.millutensil.com\/it\/#website","url":"https:\/\/www.millutensil.com\/it\/","name":"Millutensil","description":"Presse prova stampi","potentialAction":[{"@type":"SearchAction","target":{"@type":"EntryPoint","urlTemplate":"https:\/\/www.millutensil.com\/it\/?s={search_term_string}"},"query-input":{"@type":"PropertyValueSpecification","valueRequired":true,"valueName":"search_term_string"}}],"inLanguage":"pt-PT"}]}},"_links":{"self":[{"href":"https:\/\/www.millutensil.com\/pt-pt\/wp-json\/wp\/v2\/pages\/88316","targetHints":{"allow":["GET"]}}],"collection":[{"href":"https:\/\/www.millutensil.com\/pt-pt\/wp-json\/wp\/v2\/pages"}],"about":[{"href":"https:\/\/www.millutensil.com\/pt-pt\/wp-json\/wp\/v2\/types\/page"}],"author":[{"embeddable":true,"href":"https:\/\/www.millutensil.com\/pt-pt\/wp-json\/wp\/v2\/users\/1"}],"replies":[{"embeddable":true,"href":"https:\/\/www.millutensil.com\/pt-pt\/wp-json\/wp\/v2\/comments?post=88316"}],"version-history":[{"count":1,"href":"https:\/\/www.millutensil.com\/pt-pt\/wp-json\/wp\/v2\/pages\/88316\/revisions"}],"predecessor-version":[{"id":88386,"href":"https:\/\/www.millutensil.com\/pt-pt\/wp-json\/wp\/v2\/pages\/88316\/revisions\/88386"}],"wp:attachment":[{"href":"https:\/\/www.millutensil.com\/pt-pt\/wp-json\/wp\/v2\/media?parent=88316"}],"curies":[{"name":"wp","href":"https:\/\/api.w.org\/{rel}","templated":true}]}}