{"id":88406,"date":"2020-04-02T17:19:24","date_gmt":"2020-04-02T15:19:24","guid":{"rendered":"https:\/\/www.millutensil.com\/video\/"},"modified":"2021-05-24T16:57:40","modified_gmt":"2021-05-24T14:57:40","slug":"video","status":"publish","type":"page","link":"https:\/\/www.millutensil.com\/pt-pt\/video\/","title":{"rendered":"Video (pt)"},"content":{"rendered":"[vc_row row_height_percent=&#8221;0&#8243; override_padding=&#8221;yes&#8221; h_padding=&#8221;2&#8243; top_padding=&#8221;0&#8243; bottom_padding=&#8221;0&#8243; back_color=&#8221;accent&#8221; back_image=&#8221;9&#8243; overlay_color=&#8221;color-jevc&#8221; overlay_alpha=&#8221;80&#8243; equal_height=&#8221;yes&#8221; gutter_size=&#8221;4&#8243; column_width_percent=&#8221;100&#8243; shift_y=&#8221;0&#8243; z_index=&#8221;0&#8243; enable_top_divider=&#8221;default&#8221; top_divider=&#8221;tilt-opacity&#8221; shape_top_flip=&#8221;yes&#8221; shape_top_h_use_pixel=&#8221;true&#8221; shape_top_height_percent=&#8221;33&#8243; shape_top_color=&#8221;blueline-178349&#8243; shape_top_opacity=&#8221;100&#8243; shape_top_index=&#8221;1&#8243; shape_top_responsive=&#8221;yes&#8221; shape_top_mobile_hide=&#8221;yes&#8221; enable_bottom_divider=&#8221;default&#8221; bottom_divider=&#8221;tilt-opacity&#8221; shape_bottom_flip=&#8221;yes&#8221; shape_bottom_h_use_pixel=&#8221;true&#8221; shape_bottom_height_percent=&#8221;33&#8243; shape_bottom_color=&#8221;blueline-178349&#8243; shape_bottom_opacity=&#8221;100&#8243; shape_bottom_index=&#8221;1&#8243; row_name=&#8221;Sample 6&#8243; el_class=&#8221;inverted-device-order&#8221;][vc_column column_width_percent=&#8221;100&#8243; position_vertical=&#8221;middle&#8221; align_horizontal=&#8221;align_right&#8221; gutter_size=&#8221;3&#8243; style=&#8221;dark&#8221; overlay_alpha=&#8221;50&#8243; shift_x=&#8221;0&#8243; shift_y=&#8221;0&#8243; shift_y_down=&#8221;0&#8243; z_index=&#8221;1&#8243; medium_width=&#8221;4&#8243; align_mobile=&#8221;align_center_mobile&#8221; mobile_width=&#8221;0&#8243; width=&#8221;1\/2&#8243;][vc_icon position=&#8221;right&#8221; display=&#8221;inline&#8221; icon=&#8221;fa fa-play&#8221; background_style=&#8221;fa-rounded&#8221; size=&#8221;fa-4x&#8221; icon_automatic=&#8221;yes&#8221; shadow=&#8221;yes&#8221; css_animation=&#8221;zoom-in&#8221; link=&#8221;|||&#8221; media_lightbox=&#8221;83997&#8243;][\/vc_icon][vc_custom_heading heading_semantic=&#8221;h4&#8243; css_animation=&#8221;left-t-right&#8221;]Apresenta\u00e7\u00e3o corporativa MILLUTENSIL[\/vc_custom_heading][vc_empty_space empty_h=&#8221;2&#8243; mobile_visibility=&#8221;yes&#8221;][\/vc_column][vc_column column_width_percent=&#8221;100&#8243; position_vertical=&#8221;bottom&#8221; gutter_size=&#8221;3&#8243; overlay_alpha=&#8221;50&#8243; shift_x=&#8221;0&#8243; shift_y=&#8221;0&#8243; shift_y_down=&#8221;0&#8243; z_index=&#8221;0&#8243; medium_width=&#8221;4&#8243; mobile_width=&#8221;0&#8243; width=&#8221;1\/2&#8243;][vc_single_image media=&#8221;83991&#8243; media_width_use_pixel=&#8221;yes&#8221; media_ratio=&#8221;three-four&#8221; alignment=&#8221;right&#8221; css_animation=&#8221;right-t-left&#8221; media_width_pixel=&#8221;540&#8243;][\/vc_column][\/vc_row][vc_row][vc_column][vc_column_text]\r\n\r\n[\/vc_column_text][\/vc_column][\/vc_row][vc_row row_height_percent=&#8221;0&#8243; override_padding=&#8221;yes&#8221; h_padding=&#8221;2&#8243; top_padding=&#8221;0&#8243; bottom_padding=&#8221;0&#8243; back_color=&#8221;accent&#8221; back_image=&#8221;9&#8243; overlay_color=&#8221;color-jevc&#8221; overlay_alpha=&#8221;80&#8243; equal_height=&#8221;yes&#8221; gutter_size=&#8221;4&#8243; column_width_percent=&#8221;100&#8243; shift_y=&#8221;0&#8243; z_index=&#8221;0&#8243; enable_top_divider=&#8221;default&#8221; top_divider_inv=&#8221;tilt-opacity&#8221; shape_top_invert=&#8221;yes&#8221; shape_top_flip=&#8221;yes&#8221; shape_top_h_use_pixel=&#8221;true&#8221; shape_top_height_percent=&#8221;33&#8243; shape_top_color=&#8221;greenline-204583&#8243; shape_top_opacity=&#8221;100&#8243; shape_top_index=&#8221;1&#8243; shape_top_responsive=&#8221;yes&#8221; shape_top_mobile_hide=&#8221;yes&#8221; enable_bottom_divider=&#8221;default&#8221; bottom_divider_inv=&#8221;tilt-opacity&#8221; shape_bottom_invert=&#8221;yes&#8221; shape_bottom_flip=&#8221;yes&#8221; shape_bottom_h_use_pixel=&#8221;true&#8221; shape_bottom_height_percent=&#8221;33&#8243; shape_bottom_color=&#8221;greenline-204583&#8243; shape_bottom_opacity=&#8221;100&#8243; shape_bottom_index=&#8221;1&#8243; row_name=&#8221;Sample 6&#8243; el_class=&#8221;inverted-device-order&#8221;][vc_column column_width_percent=&#8221;100&#8243; position_vertical=&#8221;bottom&#8221; gutter_size=&#8221;3&#8243; overlay_alpha=&#8221;50&#8243; shift_x=&#8221;0&#8243; shift_y=&#8221;0&#8243; shift_y_down=&#8221;0&#8243; z_index=&#8221;0&#8243; medium_width=&#8221;4&#8243; mobile_width=&#8221;0&#8243; width=&#8221;1\/2&#8243;][vc_single_image media=&#8221;83999&#8243; media_width_use_pixel=&#8221;yes&#8221; media_ratio=&#8221;three-four&#8221; alignment=&#8221;right&#8221; css_animation=&#8221;left-t-right&#8221; media_width_pixel=&#8221;540&#8243;][\/vc_column][vc_column column_width_percent=&#8221;100&#8243; position_vertical=&#8221;middle&#8221; gutter_size=&#8221;3&#8243; style=&#8221;dark&#8221; overlay_alpha=&#8221;50&#8243; shift_x=&#8221;0&#8243; shift_y=&#8221;0&#8243; shift_y_down=&#8221;0&#8243; z_index=&#8221;1&#8243; medium_width=&#8221;4&#8243; align_mobile=&#8221;align_center_mobile&#8221; mobile_width=&#8221;0&#8243; width=&#8221;1\/2&#8243;][vc_icon display=&#8221;inline&#8221; icon=&#8221;fa fa-play&#8221; background_style=&#8221;fa-rounded&#8221; size=&#8221;fa-4x&#8221; icon_automatic=&#8221;yes&#8221; shadow=&#8221;yes&#8221; css_animation=&#8221;zoom-in&#8221; link=&#8221;|||&#8221; media_lightbox=&#8221;83933&#8243;][\/vc_icon][vc_custom_heading heading_semantic=&#8221;h4&#8243; css_animation=&#8221;right-t-left&#8221;]Apresenta\u00e7\u00e3o Green Line[\/vc_custom_heading][vc_empty_space empty_h=&#8221;2&#8243; mobile_visibility=&#8221;yes&#8221;][\/vc_column][\/vc_row][vc_row][vc_column][vc_column_text]\r\n\r\n[\/vc_column_text][\/vc_column][\/vc_row][vc_row row_height_percent=&#8221;0&#8243; override_padding=&#8221;yes&#8221; h_padding=&#8221;2&#8243; top_padding=&#8221;0&#8243; bottom_padding=&#8221;0&#8243; back_color=&#8221;accent&#8221; back_image=&#8221;9&#8243; overlay_color=&#8221;color-jevc&#8221; overlay_alpha=&#8221;80&#8243; equal_height=&#8221;yes&#8221; gutter_size=&#8221;4&#8243; column_width_percent=&#8221;100&#8243; shift_y=&#8221;0&#8243; z_index=&#8221;0&#8243; enable_top_divider=&#8221;default&#8221; top_divider=&#8221;tilt-opacity&#8221; shape_top_flip=&#8221;yes&#8221; shape_top_h_use_pixel=&#8221;true&#8221; shape_top_height_percent=&#8221;33&#8243; shape_top_color=&#8221;blueline-178349&#8243; shape_top_opacity=&#8221;100&#8243; shape_top_index=&#8221;1&#8243; shape_top_responsive=&#8221;yes&#8221; shape_top_mobile_hide=&#8221;yes&#8221; enable_bottom_divider=&#8221;default&#8221; bottom_divider=&#8221;tilt-opacity&#8221; shape_bottom_flip=&#8221;yes&#8221; shape_bottom_h_use_pixel=&#8221;true&#8221; shape_bottom_height_percent=&#8221;33&#8243; shape_bottom_color=&#8221;blueline-178349&#8243; shape_bottom_opacity=&#8221;100&#8243; shape_bottom_index=&#8221;1&#8243; row_name=&#8221;Sample 6&#8243; el_class=&#8221;inverted-device-order&#8221;][vc_column column_width_percent=&#8221;100&#8243; position_vertical=&#8221;middle&#8221; align_horizontal=&#8221;align_right&#8221; gutter_size=&#8221;3&#8243; style=&#8221;dark&#8221; overlay_alpha=&#8221;50&#8243; shift_x=&#8221;0&#8243; shift_y=&#8221;0&#8243; shift_y_down=&#8221;0&#8243; z_index=&#8221;1&#8243; medium_width=&#8221;4&#8243; align_mobile=&#8221;align_center_mobile&#8221; mobile_width=&#8221;0&#8243; width=&#8221;1\/2&#8243;][vc_icon position=&#8221;right&#8221; display=&#8221;inline&#8221; icon=&#8221;fa fa-play&#8221; background_style=&#8221;fa-rounded&#8221; size=&#8221;fa-4x&#8221; icon_automatic=&#8221;yes&#8221; shadow=&#8221;yes&#8221; css_animation=&#8221;zoom-in&#8221; link=&#8221;|||&#8221; media_lightbox=&#8221;84001&#8243;][\/vc_icon][vc_custom_heading heading_semantic=&#8221;h4&#8243; css_animation=&#8221;left-t-right&#8221;]Descubra 10 boas raz\u00f5es para investir numa prensa de ajuste de moldes da Millutensil[\/vc_custom_heading][vc_empty_space empty_h=&#8221;2&#8243; mobile_visibility=&#8221;yes&#8221;][\/vc_column][vc_column column_width_percent=&#8221;100&#8243; position_vertical=&#8221;bottom&#8221; gutter_size=&#8221;3&#8243; overlay_alpha=&#8221;50&#8243; shift_x=&#8221;0&#8243; shift_y=&#8221;0&#8243; shift_y_down=&#8221;0&#8243; z_index=&#8221;0&#8243; medium_width=&#8221;4&#8243; mobile_width=&#8221;0&#8243; width=&#8221;1\/2&#8243;][vc_single_image media=&#8221;84002&#8243; media_width_use_pixel=&#8221;yes&#8221; media_ratio=&#8221;three-four&#8221; alignment=&#8221;right&#8221; css_animation=&#8221;right-t-left&#8221; media_width_pixel=&#8221;540&#8243;][\/vc_column][\/vc_row][vc_row][vc_column][vc_column_text]\r\n\r\n[\/vc_column_text][\/vc_column][\/vc_row][vc_row row_height_percent=&#8221;0&#8243; override_padding=&#8221;yes&#8221; h_padding=&#8221;2&#8243; top_padding=&#8221;0&#8243; bottom_padding=&#8221;0&#8243; back_color=&#8221;accent&#8221; back_image=&#8221;9&#8243; overlay_color=&#8221;color-jevc&#8221; overlay_alpha=&#8221;80&#8243; equal_height=&#8221;yes&#8221; gutter_size=&#8221;4&#8243; column_width_percent=&#8221;100&#8243; shift_y=&#8221;0&#8243; z_index=&#8221;0&#8243; enable_top_divider=&#8221;default&#8221; top_divider_inv=&#8221;tilt-opacity&#8221; shape_top_invert=&#8221;yes&#8221; shape_top_flip=&#8221;yes&#8221; shape_top_h_use_pixel=&#8221;true&#8221; shape_top_height_percent=&#8221;33&#8243; shape_top_color=&#8221;greenline-204583&#8243; shape_top_opacity=&#8221;100&#8243; shape_top_index=&#8221;1&#8243; shape_top_responsive=&#8221;yes&#8221; shape_top_mobile_hide=&#8221;yes&#8221; enable_bottom_divider=&#8221;default&#8221; bottom_divider_inv=&#8221;tilt-opacity&#8221; shape_bottom_invert=&#8221;yes&#8221; shape_bottom_flip=&#8221;yes&#8221; shape_bottom_h_use_pixel=&#8221;true&#8221; shape_bottom_height_percent=&#8221;33&#8243; shape_bottom_color=&#8221;greenline-204583&#8243; shape_bottom_opacity=&#8221;100&#8243; shape_bottom_index=&#8221;1&#8243; row_name=&#8221;Sample 6&#8243; el_class=&#8221;inverted-device-order&#8221;][vc_column column_width_percent=&#8221;100&#8243; position_vertical=&#8221;bottom&#8221; gutter_size=&#8221;3&#8243; overlay_alpha=&#8221;50&#8243; shift_x=&#8221;0&#8243; shift_y=&#8221;0&#8243; shift_y_down=&#8221;0&#8243; z_index=&#8221;0&#8243; medium_width=&#8221;4&#8243; mobile_width=&#8221;0&#8243; width=&#8221;1\/2&#8243;][vc_single_image media=&#8221;83944&#8243; media_width_use_pixel=&#8221;yes&#8221; media_ratio=&#8221;three-four&#8221; alignment=&#8221;right&#8221; css_animation=&#8221;left-t-right&#8221; media_width_pixel=&#8221;540&#8243;][\/vc_column][vc_column column_width_percent=&#8221;100&#8243; position_vertical=&#8221;middle&#8221; gutter_size=&#8221;3&#8243; style=&#8221;dark&#8221; overlay_alpha=&#8221;50&#8243; shift_x=&#8221;0&#8243; shift_y=&#8221;0&#8243; shift_y_down=&#8221;0&#8243; z_index=&#8221;1&#8243; medium_width=&#8221;4&#8243; align_mobile=&#8221;align_center_mobile&#8221; mobile_width=&#8221;0&#8243; width=&#8221;1\/2&#8243;][vc_icon display=&#8221;inline&#8221; icon=&#8221;fa fa-play&#8221; background_style=&#8221;fa-rounded&#8221; size=&#8221;fa-4x&#8221; icon_automatic=&#8221;yes&#8221; shadow=&#8221;yes&#8221; css_animation=&#8221;zoom-in&#8221; link=&#8221;|||&#8221; media_lightbox=&#8221;83933&#8243;][\/vc_icon][vc_custom_heading heading_semantic=&#8221;h4&#8243; css_animation=&#8221;right-t-left&#8221;]Tecnologia Zig Zag[\/vc_custom_heading][vc_empty_space empty_h=&#8221;2&#8243; mobile_visibility=&#8221;yes&#8221;][\/vc_column][\/vc_row]","protected":false},"excerpt":{"rendered":"[vc_row row_height_percent=&#8221;0&#8243; override_padding=&#8221;yes&#8221; h_padding=&#8221;2&#8243; top_padding=&#8221;0&#8243; bottom_padding=&#8221;0&#8243; back_color=&#8221;accent&#8221; back_image=&#8221;9&#8243; overlay_color=&#8221;color-jevc&#8221; overlay_alpha=&#8221;80&#8243; equal_height=&#8221;yes&#8221; gutter_size=&#8221;4&#8243; column_width_percent=&#8221;100&#8243; shift_y=&#8221;0&#8243; z_index=&#8221;0&#8243; enable_top_divider=&#8221;default&#8221; top_divider=&#8221;tilt-opacity&#8221; shape_top_flip=&#8221;yes&#8221; shape_top_h_use_pixel=&#8221;true&#8221; shape_top_height_percent=&#8221;33&#8243; [&hellip;]","protected":false},"author":2,"featured_media":0,"parent":0,"menu_order":0,"comment_status":"closed","ping_status":"closed","template":"","meta":{"footnotes":""},"class_list":["post-88406","page","type-page","status-publish","hentry","page_category-millutensil-pt"],"yoast_head":"<!-- This site is optimized with the Yoast SEO plugin v25.4 - https:\/\/yoast.com\/wordpress\/plugins\/seo\/ -->\n<title>V\u00eddeo Apresenta\u00e7\u00e3o corporativa Millutensil Lista de reprodu\u00e7\u00e3o V\u00eddeo<\/title>\n<meta name=\"description\" content=\"V\u00eddeo Apresenta\u00e7\u00e3o corporativa Millutensil, descubra 10 boas raz\u00f5es para investir numa prensa de ajuste de moldes da Millutensil\" \/>\n<meta name=\"robots\" content=\"index, follow, max-snippet:-1, max-image-preview:large, max-video-preview:-1\" \/>\n<link rel=\"canonical\" href=\"https:\/\/www.millutensil.com\/pt-pt\/video\/\" \/>\n<meta property=\"og:locale\" content=\"pt_PT\" \/>\n<meta property=\"og:type\" content=\"article\" \/>\n<meta property=\"og:title\" content=\"V\u00eddeo Apresenta\u00e7\u00e3o corporativa Millutensil Lista de reprodu\u00e7\u00e3o V\u00eddeo\" \/>\n<meta property=\"og:description\" content=\"V\u00eddeo Apresenta\u00e7\u00e3o corporativa Millutensil, descubra 10 boas raz\u00f5es para investir numa prensa de ajuste de moldes da Millutensil\" \/>\n<meta property=\"og:url\" content=\"https:\/\/www.millutensil.com\/pt-pt\/video\/\" \/>\n<meta property=\"og:site_name\" content=\"Millutensil\" \/>\n<meta property=\"article:modified_time\" content=\"2021-05-24T14:57:40+00:00\" \/>\n<meta name=\"twitter:card\" content=\"summary_large_image\" \/>\n<meta name=\"twitter:label1\" content=\"Tempo estimado de leitura\" \/>\n\t<meta name=\"twitter:data1\" content=\"2 minutos\" \/>\n<script type=\"application\/ld+json\" class=\"yoast-schema-graph\">{\"@context\":\"https:\/\/schema.org\",\"@graph\":[{\"@type\":\"WebPage\",\"@id\":\"https:\/\/www.millutensil.com\/pt-pt\/video\/\",\"url\":\"https:\/\/www.millutensil.com\/pt-pt\/video\/\",\"name\":\"V\u00eddeo Apresenta\u00e7\u00e3o corporativa Millutensil Lista de reprodu\u00e7\u00e3o V\u00eddeo\",\"isPartOf\":{\"@id\":\"https:\/\/www.millutensil.com\/it\/#website\"},\"datePublished\":\"2020-04-02T15:19:24+00:00\",\"dateModified\":\"2021-05-24T14:57:40+00:00\",\"description\":\"V\u00eddeo Apresenta\u00e7\u00e3o corporativa Millutensil, descubra 10 boas raz\u00f5es para investir numa prensa de ajuste de moldes da Millutensil\",\"breadcrumb\":{\"@id\":\"https:\/\/www.millutensil.com\/pt-pt\/video\/#breadcrumb\"},\"inLanguage\":\"pt-PT\",\"potentialAction\":[{\"@type\":\"ReadAction\",\"target\":[\"https:\/\/www.millutensil.com\/pt-pt\/video\/\"]}]},{\"@type\":\"BreadcrumbList\",\"@id\":\"https:\/\/www.millutensil.com\/pt-pt\/video\/#breadcrumb\",\"itemListElement\":[{\"@type\":\"ListItem\",\"position\":1,\"name\":\"Home\",\"item\":\"https:\/\/www.millutensil.com\/pt-pt\/\"},{\"@type\":\"ListItem\",\"position\":2,\"name\":\"Video (pt)\"}]},{\"@type\":\"WebSite\",\"@id\":\"https:\/\/www.millutensil.com\/it\/#website\",\"url\":\"https:\/\/www.millutensil.com\/it\/\",\"name\":\"Millutensil\",\"description\":\"Presse prova stampi\",\"potentialAction\":[{\"@type\":\"SearchAction\",\"target\":{\"@type\":\"EntryPoint\",\"urlTemplate\":\"https:\/\/www.millutensil.com\/it\/?s={search_term_string}\"},\"query-input\":{\"@type\":\"PropertyValueSpecification\",\"valueRequired\":true,\"valueName\":\"search_term_string\"}}],\"inLanguage\":\"pt-PT\"}]}<\/script>\n<!-- \/ Yoast SEO plugin. -->","yoast_head_json":{"title":"V\u00eddeo Apresenta\u00e7\u00e3o corporativa Millutensil Lista de reprodu\u00e7\u00e3o V\u00eddeo","description":"V\u00eddeo Apresenta\u00e7\u00e3o corporativa Millutensil, descubra 10 boas raz\u00f5es para investir numa prensa de ajuste de moldes da Millutensil","robots":{"index":"index","follow":"follow","max-snippet":"max-snippet:-1","max-image-preview":"max-image-preview:large","max-video-preview":"max-video-preview:-1"},"canonical":"https:\/\/www.millutensil.com\/pt-pt\/video\/","og_locale":"pt_PT","og_type":"article","og_title":"V\u00eddeo Apresenta\u00e7\u00e3o corporativa Millutensil Lista de reprodu\u00e7\u00e3o V\u00eddeo","og_description":"V\u00eddeo Apresenta\u00e7\u00e3o corporativa Millutensil, descubra 10 boas raz\u00f5es para investir numa prensa de ajuste de moldes da Millutensil","og_url":"https:\/\/www.millutensil.com\/pt-pt\/video\/","og_site_name":"Millutensil","article_modified_time":"2021-05-24T14:57:40+00:00","twitter_card":"summary_large_image","twitter_misc":{"Tempo estimado de leitura":"2 minutos"},"schema":{"@context":"https:\/\/schema.org","@graph":[{"@type":"WebPage","@id":"https:\/\/www.millutensil.com\/pt-pt\/video\/","url":"https:\/\/www.millutensil.com\/pt-pt\/video\/","name":"V\u00eddeo Apresenta\u00e7\u00e3o corporativa Millutensil Lista de reprodu\u00e7\u00e3o V\u00eddeo","isPartOf":{"@id":"https:\/\/www.millutensil.com\/it\/#website"},"datePublished":"2020-04-02T15:19:24+00:00","dateModified":"2021-05-24T14:57:40+00:00","description":"V\u00eddeo Apresenta\u00e7\u00e3o corporativa Millutensil, descubra 10 boas raz\u00f5es para investir numa prensa de ajuste de moldes da Millutensil","breadcrumb":{"@id":"https:\/\/www.millutensil.com\/pt-pt\/video\/#breadcrumb"},"inLanguage":"pt-PT","potentialAction":[{"@type":"ReadAction","target":["https:\/\/www.millutensil.com\/pt-pt\/video\/"]}]},{"@type":"BreadcrumbList","@id":"https:\/\/www.millutensil.com\/pt-pt\/video\/#breadcrumb","itemListElement":[{"@type":"ListItem","position":1,"name":"Home","item":"https:\/\/www.millutensil.com\/pt-pt\/"},{"@type":"ListItem","position":2,"name":"Video (pt)"}]},{"@type":"WebSite","@id":"https:\/\/www.millutensil.com\/it\/#website","url":"https:\/\/www.millutensil.com\/it\/","name":"Millutensil","description":"Presse prova stampi","potentialAction":[{"@type":"SearchAction","target":{"@type":"EntryPoint","urlTemplate":"https:\/\/www.millutensil.com\/it\/?s={search_term_string}"},"query-input":{"@type":"PropertyValueSpecification","valueRequired":true,"valueName":"search_term_string"}}],"inLanguage":"pt-PT"}]}},"_links":{"self":[{"href":"https:\/\/www.millutensil.com\/pt-pt\/wp-json\/wp\/v2\/pages\/88406","targetHints":{"allow":["GET"]}}],"collection":[{"href":"https:\/\/www.millutensil.com\/pt-pt\/wp-json\/wp\/v2\/pages"}],"about":[{"href":"https:\/\/www.millutensil.com\/pt-pt\/wp-json\/wp\/v2\/types\/page"}],"author":[{"embeddable":true,"href":"https:\/\/www.millutensil.com\/pt-pt\/wp-json\/wp\/v2\/users\/2"}],"replies":[{"embeddable":true,"href":"https:\/\/www.millutensil.com\/pt-pt\/wp-json\/wp\/v2\/comments?post=88406"}],"version-history":[{"count":1,"href":"https:\/\/www.millutensil.com\/pt-pt\/wp-json\/wp\/v2\/pages\/88406\/revisions"}],"predecessor-version":[{"id":88410,"href":"https:\/\/www.millutensil.com\/pt-pt\/wp-json\/wp\/v2\/pages\/88406\/revisions\/88410"}],"wp:attachment":[{"href":"https:\/\/www.millutensil.com\/pt-pt\/wp-json\/wp\/v2\/media?parent=88406"}],"curies":[{"name":"wp","href":"https:\/\/api.w.org\/{rel}","templated":true}]}}